{"id":103610,"date":"2017-03-22T23:43:50","date_gmt":"2017-03-22T23:43:50","guid":{"rendered":"http:\/\/keramika.holest.com\/slovenija\/product\/ploscice-imitacija-kamna-realonda-karachi-marron\/"},"modified":"2026-01-03T00:00:49","modified_gmt":"2026-01-03T00:00:49","slug":"ploscice-imitacija-kamna-realonda-karachi-marron","status":"publish","type":"product","link":"https:\/\/www.keramika.com\/slovenija\/ploscice-imitacija-kamna-realonda-karachi-marron\/","title":{"rendered":"Plo\u0161\u010dice imitacija kamna Realonda Karachi Marron"},"content":{"rendered":"<p>Ta kerami\u010dna plo\u0161\u010dica v \u010dudoviti rjavi barvi bo obogatila vsak prostor. Namesto 27,5 EUR kot bi za to plo\u0161\u010dico od\u0161teli v klasi\u010dni trgovini, boste v na\u0161i spletni prodajalni od\u0161teli le 22 EUR. Debelina plo\u0161\u010dice je zelo pomembna in 9 mm uvr\u0161\u010da to plo\u0161\u010dico med najkvalitetnej\u0161e. Realonda Karachi Marron prihaja iz \u0160panije, ki je znana po zelo kvalitetni keramiki v svetovnem merilu. Velikost te plo\u0161\u010dice je 31&#215;56 cm.<\/p>\n<p>Kliknite na ime kolekcije za ogled vseh plo\u0161\u010dic iz te serije: <a class=\"pdfcatal\" href=\"\/\/www.ceramictiles.com\/pdf\/realonda\/catalogue_realonda_karachi.pdf\" onclick=\"recordOutboundLink(this, 'E-mail', 'Description PDF');return false;\">Realonda Ceramica Karachi<\/a><\/p>\n<p>\u010ce \u017eelite naro\u010diti model iz pdf kataloga te kolekcije, nam pi\u0161ite na: <a href=\"mailto:keramoteka.salon@gmail.com\" onclick=\"recordOutboundLink(this, 'E-mail', 'Description mail');return false;\">keramoteka.salon@gmail.com<\/a> ali pa nas pokli\u010dite na: 031 255 900.<\/p>\n<p>Technical description: <\/p>\n<p>31&#215;56 cm :  Karachi Ivory Base ; Karachi Ivory ; Karachi Marr\u00f3n Base ; Karachi Marr\u00f3n ; Karachi Antracita Base ; Karachi Antracita ;<\/p>\n","protected":false},"excerpt":{"rendered":"<p>Ta kerami\u010dna plo\u0161\u010dica v \u010dudoviti rjavi barvi bo obogatila vsak prostor. Namesto 27,5 EUR kot bi za to plo\u0161\u010dico od\u0161teli v klasi\u010dni trgovini, boste v na\u0161i spletni prodajalni od\u0161teli le 22 EUR. Debelina plo\u0161\u010dice je zelo pomembna in 9 mm uvr\u0161\u010da to plo\u0161\u010dico med najkvalitetnej\u0161e. Realonda Karachi Marron prihaja iz \u0160panije, ki je znana po [&hellip;]<\/p>\n","protected":false},"featured_media":103611,"template":"","meta":[],"product_cat":[200,260,999,290,999114,250],"product_tag":[],"_links":{"self":[{"href":"https:\/\/www.keramika.com\/slovenija\/wp-json\/wp\/v2\/product\/103610"}],"collection":[{"href":"https:\/\/www.keramika.com\/slovenija\/wp-json\/wp\/v2\/product"}],"about":[{"href":"https:\/\/www.keramika.com\/slovenija\/wp-json\/wp\/v2\/types\/product"}],"wp:featuredmedia":[{"embeddable":true,"href":"https:\/\/www.keramika.com\/slovenija\/wp-json\/wp\/v2\/media\/103611"}],"wp:attachment":[{"href":"https:\/\/www.keramika.com\/slovenija\/wp-json\/wp\/v2\/media?parent=103610"}],"wp:term":[{"taxonomy":"product_cat","embeddable":true,"href":"https:\/\/www.keramika.com\/slovenija\/wp-json\/wp\/v2\/product_cat?post=103610"},{"taxonomy":"product_tag","embeddable":true,"href":"https:\/\/www.keramika.com\/slovenija\/wp-json\/wp\/v2\/product_tag?post=103610"}],"curies":[{"name":"wp","href":"https:\/\/api.w.org\/{rel}","templated":true}]}}