{"id":103598,"date":"2017-03-22T23:43:28","date_gmt":"2017-03-22T23:43:28","guid":{"rendered":"http:\/\/keramika.holest.com\/slovenija\/product\/mozaik-ploscice-realonda-bristol-stone\/"},"modified":"2026-01-03T00:00:47","modified_gmt":"2026-01-03T00:00:47","slug":"mozaik-ploscice-realonda-bristol-stone","status":"publish","type":"product","link":"https:\/\/www.keramika.com\/slovenija\/mozaik-ploscice-realonda-bristol-stone\/","title":{"rendered":"Mozaik plo\u0161\u010dice Realonda Bristol Stone"},"content":{"rendered":"<p>Realonda Bristol Stone je plo\u0161\u010dica proizvajalca Realonda Ceramica in prihaja iz \u0160panije. 8 mm je debelina, ki zadovolji tudi zahtevnej\u0161e kupce. V redni prodaji bi morali za to plo\u0161\u010dico od\u0161teti 21,45 EUR, spletna cena pa zna\u0161a le 17,16 EUR. Pri izbiri plo\u0161\u010dice v sivi barvi ne morete zgre\u0161iti. \u0160irina in dol\u017eina te plo\u0161\u010dice sta 33&#215;33 cm.<\/p>\n<p>Kliknite na ime kolekcije za ogled vseh plo\u0161\u010dic iz te serije: <a class=\"pdfcatal\" href=\"\/\/www.ceramictiles.com\/pdf\/realonda\/catalogue_realonda_bristol.pdf\" onclick=\"recordOutboundLink(this, 'E-mail', 'Description PDF');return false;\">Realonda Ceramica Bristol<\/a><\/p>\n<p>\u010ce \u017eelite naro\u010diti model iz pdf kataloga te kolekcije, nam pi\u0161ite na: <a href=\"mailto:keramoteka.salon@gmail.com\" onclick=\"recordOutboundLink(this, 'E-mail', 'Description mail');return false;\">keramoteka.salon@gmail.com<\/a> ali pa nas pokli\u010dite na: 031 255 900.<\/p>\n<p>Technical description: <\/p>\n<p>44&#215;44 cm :  Bristol Blanco ; Bristol Fruits ; Bristol Estatuario ; Bristol Color ; Bristol Denver ; Bristol Rock ; Bristol Emperador ; Bristol Stone ;<\/p>\n","protected":false},"excerpt":{"rendered":"<p>Realonda Bristol Stone je plo\u0161\u010dica proizvajalca Realonda Ceramica in prihaja iz \u0160panije. 8 mm je debelina, ki zadovolji tudi zahtevnej\u0161e kupce. V redni prodaji bi morali za to plo\u0161\u010dico od\u0161teti 21,45 EUR, spletna cena pa zna\u0161a le 17,16 EUR. Pri izbiri plo\u0161\u010dice v sivi barvi ne morete zgre\u0161iti. \u0160irina in dol\u017eina te plo\u0161\u010dice sta 33&#215;33 [&hellip;]<\/p>\n","protected":false},"featured_media":103599,"template":"","meta":[],"product_cat":[200,230,999,999114,250],"product_tag":[],"_links":{"self":[{"href":"https:\/\/www.keramika.com\/slovenija\/wp-json\/wp\/v2\/product\/103598"}],"collection":[{"href":"https:\/\/www.keramika.com\/slovenija\/wp-json\/wp\/v2\/product"}],"about":[{"href":"https:\/\/www.keramika.com\/slovenija\/wp-json\/wp\/v2\/types\/product"}],"wp:featuredmedia":[{"embeddable":true,"href":"https:\/\/www.keramika.com\/slovenija\/wp-json\/wp\/v2\/media\/103599"}],"wp:attachment":[{"href":"https:\/\/www.keramika.com\/slovenija\/wp-json\/wp\/v2\/media?parent=103598"}],"wp:term":[{"taxonomy":"product_cat","embeddable":true,"href":"https:\/\/www.keramika.com\/slovenija\/wp-json\/wp\/v2\/product_cat?post=103598"},{"taxonomy":"product_tag","embeddable":true,"href":"https:\/\/www.keramika.com\/slovenija\/wp-json\/wp\/v2\/product_tag?post=103598"}],"curies":[{"name":"wp","href":"https:\/\/api.w.org\/{rel}","templated":true}]}}