{"id":103588,"date":"2017-03-22T23:43:11","date_gmt":"2017-03-22T23:43:11","guid":{"rendered":"http:\/\/keramika.holest.com\/slovenija\/product\/ploscice-imitacija-kamna-realonda-agora-beige\/"},"modified":"2026-01-03T00:00:46","modified_gmt":"2026-01-03T00:00:46","slug":"ploscice-imitacija-kamna-realonda-agora-beige","status":"publish","type":"product","link":"https:\/\/www.keramika.com\/slovenija\/ploscice-imitacija-kamna-realonda-agora-beige\/","title":{"rendered":"Plo\u0161\u010dice imitacija kamna Realonda Agora Beige"},"content":{"rendered":"<p>Debelina plo\u0161\u010dice je zelo pomembna in 9 mm uvr\u0161\u010da to plo\u0161\u010dico med najkvalitetnej\u0161e. Ta plo\u0161\u010dica prihaja iz \u0160panije, ki je znana po kvalitetni keramiki. Redna cena te plo\u0161\u010dice v maloprodaji zna\u0161a 30,52 EUR, v na\u0161i spletni trgovini pa jo lahko dobite \u017ee za 24,42 EUR. Pri izbiri plo\u0161\u010dice v be\u017e barvi ne morete zgre\u0161iti. Z velikostjo 44&#215;44 cm je ta plo\u0161\u010dica primerna ze razli\u010dne povr\u0161ine.<\/p>\n<p>Kliknite na ime kolekcije za ogled vseh plo\u0161\u010dic iz te serije: <a class=\"pdfcatal\" href=\"\/\/www.ceramictiles.com\/pdf\/realonda\/catalogue_realonda_agora.pdf\" onclick=\"recordOutboundLink(this, 'E-mail', 'Description PDF');return false;\">Realonda Ceramica Agora<\/a><\/p>\n<p>\u010ce \u017eelite naro\u010diti model iz pdf kataloga te kolekcije, nam pi\u0161ite na: <a href=\"mailto:keramoteka.salon@gmail.com\" onclick=\"recordOutboundLink(this, 'E-mail', 'Description mail');return false;\">keramoteka.salon@gmail.com<\/a> ali pa nas pokli\u010dite na: 031 255 900.<\/p>\n<p>Technical description: <\/p>\n<p>44&#215;44 cm :  \u00c1gora Ivory ; \u00c1gora Rojo ; \u00c1gora Antracita ;<\/p>\n","protected":false},"excerpt":{"rendered":"<p>Debelina plo\u0161\u010dice je zelo pomembna in 9 mm uvr\u0161\u010da to plo\u0161\u010dico med najkvalitetnej\u0161e. Ta plo\u0161\u010dica prihaja iz \u0160panije, ki je znana po kvalitetni keramiki. Redna cena te plo\u0161\u010dice v maloprodaji zna\u0161a 30,52 EUR, v na\u0161i spletni trgovini pa jo lahko dobite \u017ee za 24,42 EUR. Pri izbiri plo\u0161\u010dice v be\u017e barvi ne morete zgre\u0161iti. Z [&hellip;]<\/p>\n","protected":false},"featured_media":103589,"template":"","meta":[],"product_cat":[200,260,999,999114,240,270],"product_tag":[],"_links":{"self":[{"href":"https:\/\/www.keramika.com\/slovenija\/wp-json\/wp\/v2\/product\/103588"}],"collection":[{"href":"https:\/\/www.keramika.com\/slovenija\/wp-json\/wp\/v2\/product"}],"about":[{"href":"https:\/\/www.keramika.com\/slovenija\/wp-json\/wp\/v2\/types\/product"}],"wp:featuredmedia":[{"embeddable":true,"href":"https:\/\/www.keramika.com\/slovenija\/wp-json\/wp\/v2\/media\/103589"}],"wp:attachment":[{"href":"https:\/\/www.keramika.com\/slovenija\/wp-json\/wp\/v2\/media?parent=103588"}],"wp:term":[{"taxonomy":"product_cat","embeddable":true,"href":"https:\/\/www.keramika.com\/slovenija\/wp-json\/wp\/v2\/product_cat?post=103588"},{"taxonomy":"product_tag","embeddable":true,"href":"https:\/\/www.keramika.com\/slovenija\/wp-json\/wp\/v2\/product_tag?post=103588"}],"curies":[{"name":"wp","href":"https:\/\/api.w.org\/{rel}","templated":true}]}}