{"id":103586,"date":"2017-03-22T23:43:07","date_gmt":"2017-03-22T23:43:07","guid":{"rendered":"http:\/\/keramika.holest.com\/slovenija\/product\/mozaik-ploscice-realonda-agadir-marron\/"},"modified":"2026-01-03T00:00:45","modified_gmt":"2026-01-03T00:00:45","slug":"mozaik-ploscice-realonda-agadir-marron","status":"publish","type":"product","link":"https:\/\/www.keramika.com\/slovenija\/mozaik-ploscice-realonda-agadir-marron\/","title":{"rendered":"Mozaik plo\u0161\u010dice Realonda Agadir Marron"},"content":{"rendered":"<p>Velikost te plo\u0161\u010dice je 44&#215;66 cm in je primerna za razli\u010dne povr\u0161ine. 9 mm debeline je dovolj tudi za zahtevnej\u0161e kupce. Realonda Agadir Marron prihaja iz \u0160panije, ki je znana po zelo kvalitetni keramiki v svetovnem merilu. Redna cena te plo\u0161\u010dice v maloprodaji zna\u0161a 26,12 EUR, v na\u0161i spletni trgovini pa jo lahko dobite \u017ee za 20,9 EUR. Ta kerami\u010dna plo\u0161\u010dica v \u010dudoviti be\u017e barvi bo obogatila vsak prostor.<\/p>\n<p>Kliknite na ime kolekcije za ogled vseh plo\u0161\u010dic iz te serije: <a class=\"pdfcatal\" href=\"\/\/www.ceramictiles.com\/pdf\/realonda\/catalogue_realonda_agadir.pdf\" onclick=\"recordOutboundLink(this, 'E-mail', 'Description PDF');return false;\">Realonda Ceramica Agadir<\/a><\/p>\n<p>\u010ce \u017eelite naro\u010diti model iz pdf kataloga te kolekcije, nam pi\u0161ite na: <a href=\"mailto:keramoteka.salon@gmail.com\" onclick=\"recordOutboundLink(this, 'E-mail', 'Description mail');return false;\">keramoteka.salon@gmail.com<\/a> ali pa nas pokli\u010dite na: 031 255 900.<\/p>\n<p>Technical description: <\/p>\n<p>44&#215;44 cm :  Agadir Gris ; Agadir Ivory ; Agadir Marr\u00f3n ; Agadir Deco Gris ; Agadir Deco Marr\u00f3n ;<\/p>\n","protected":false},"excerpt":{"rendered":"<p>Velikost te plo\u0161\u010dice je 44&#215;66 cm in je primerna za razli\u010dne povr\u0161ine. 9 mm debeline je dovolj tudi za zahtevnej\u0161e kupce. Realonda Agadir Marron prihaja iz \u0160panije, ki je znana po zelo kvalitetni keramiki v svetovnem merilu. Redna cena te plo\u0161\u010dice v maloprodaji zna\u0161a 26,12 EUR, v na\u0161i spletni trgovini pa jo lahko dobite \u017ee [&hellip;]<\/p>\n","protected":false},"featured_media":103587,"template":"","meta":[],"product_cat":[200,999,290,999114,250],"product_tag":[],"_links":{"self":[{"href":"https:\/\/www.keramika.com\/slovenija\/wp-json\/wp\/v2\/product\/103586"}],"collection":[{"href":"https:\/\/www.keramika.com\/slovenija\/wp-json\/wp\/v2\/product"}],"about":[{"href":"https:\/\/www.keramika.com\/slovenija\/wp-json\/wp\/v2\/types\/product"}],"wp:featuredmedia":[{"embeddable":true,"href":"https:\/\/www.keramika.com\/slovenija\/wp-json\/wp\/v2\/media\/103587"}],"wp:attachment":[{"href":"https:\/\/www.keramika.com\/slovenija\/wp-json\/wp\/v2\/media?parent=103586"}],"wp:term":[{"taxonomy":"product_cat","embeddable":true,"href":"https:\/\/www.keramika.com\/slovenija\/wp-json\/wp\/v2\/product_cat?post=103586"},{"taxonomy":"product_tag","embeddable":true,"href":"https:\/\/www.keramika.com\/slovenija\/wp-json\/wp\/v2\/product_tag?post=103586"}],"curies":[{"name":"wp","href":"https:\/\/api.w.org\/{rel}","templated":true}]}}