{"id":103582,"date":"2017-03-22T23:43:01","date_gmt":"2017-03-22T23:43:01","guid":{"rendered":"http:\/\/keramika.holest.com\/slovenija\/product\/zunanje-ploscice-za-teraso-19mm\/"},"modified":"2026-01-03T00:00:45","modified_gmt":"2026-01-03T00:00:45","slug":"zunanje-ploscice-za-teraso-19mm","status":"publish","type":"product","link":"https:\/\/www.keramika.com\/slovenija\/zunanje-ploscice-za-teraso-19mm\/","title":{"rendered":"Zunanje plo\u0161\u010dice za teraso 19mm"},"content":{"rendered":"<p>19 mm debeline je dovolj tudi za zahtevnej\u0161e kupce. 22,49 EUR v klasi\u010dni trgovini, pri nas pa le 17,99 EUR. Pri izbiri plo\u0161\u010dice v be\u017e barvi ne morete zgre\u0161iti. Outside patio tiles 19mm prihaja iz Portugalske, ki je znana po zelo kvalitetni keramiki v svetovnem merilu. \u0160irina in dol\u017eina te plo\u0161\u010dice sta 40&#215;40 cm.<\/p>\n<p>REF: 10202 40x40x1,9 <br \/>Weight: 6,10 kg\/PC<br \/>Frost  Resistance EN ISO 10545-12 <\/p>\n<p><a class=\"pdfcatal\" href=\"\/\/www.ceramictiles.com\/pdf\/e-ceramica\/clinker_catalogue.pdf\"> Klinker katalog  <\/a\n\n\n<\/p>\n","protected":false},"excerpt":{"rendered":"<p>19 mm debeline je dovolj tudi za zahtevnej\u0161e kupce. 22,49 EUR v klasi\u010dni trgovini, pri nas pa le 17,99 EUR. Pri izbiri plo\u0161\u010dice v be\u017e barvi ne morete zgre\u0161iti. Outside patio tiles 19mm prihaja iz Portugalske, ki je znana po zelo kvalitetni keramiki v svetovnem merilu. \u0160irina in dol\u017eina te plo\u0161\u010dice sta 40&#215;40 cm. REF: [&hellip;]<\/p>\n","protected":false},"featured_media":103583,"template":"","meta":[],"product_cat":[99921411,150,200,100,120,999,270,110],"product_tag":[],"_links":{"self":[{"href":"https:\/\/www.keramika.com\/slovenija\/wp-json\/wp\/v2\/product\/103582"}],"collection":[{"href":"https:\/\/www.keramika.com\/slovenija\/wp-json\/wp\/v2\/product"}],"about":[{"href":"https:\/\/www.keramika.com\/slovenija\/wp-json\/wp\/v2\/types\/product"}],"wp:featuredmedia":[{"embeddable":true,"href":"https:\/\/www.keramika.com\/slovenija\/wp-json\/wp\/v2\/media\/103583"}],"wp:attachment":[{"href":"https:\/\/www.keramika.com\/slovenija\/wp-json\/wp\/v2\/media?parent=103582"}],"wp:term":[{"taxonomy":"product_cat","embeddable":true,"href":"https:\/\/www.keramika.com\/slovenija\/wp-json\/wp\/v2\/product_cat?post=103582"},{"taxonomy":"product_tag","embeddable":true,"href":"https:\/\/www.keramika.com\/slovenija\/wp-json\/wp\/v2\/product_tag?post=103582"}],"curies":[{"name":"wp","href":"https:\/\/api.w.org\/{rel}","templated":true}]}}