{"id":103578,"date":"2017-07-22T23:42:55","date_gmt":"2017-07-22T23:42:55","guid":{"rendered":"http:\/\/keramika.holest.com\/slovenija\/product\/klinker-ploscice-24x24-rdece\/"},"modified":"2026-01-03T00:00:45","modified_gmt":"2026-01-03T00:00:45","slug":"klinker-ploscice-24x24-rdece","status":"publish","type":"product","link":"https:\/\/www.keramika.com\/slovenija\/klinker-ploscice-24x24-rdece\/","title":{"rendered":"Klinker plo\u0161\u010dice 24&#215;24 rde\u010de"},"content":{"rendered":"<p>V redni prodaji bi morali za to plo\u0161\u010dico od\u0161teti 21,17 EUR, spletna cena pa zna\u0161a le 16,93 EUR. Color clinker tiles 24&#215;24 red je plo\u0161\u010dica proizvajalca Grestejo in prihaja iz Portugalske. Ta plo\u0161\u010dica je debela 15 mm in je zelo trpe\u017ena. Keramika v rde\u010di barvi popestri vsak prostor. Velikost te plo\u0161\u010dice je 24&#215;24 cm.<\/p>\n<p>REF: 10601 Red Floor Tile 30&#215;30<br \/>\nREF: 10406 Red Floor Tile 24&#215;24<br \/>\nREF: 10306 Red Floor Tile 15&#215;30<br \/>\nREF: 12706 Red Floor Tile 15&#215;24<br \/>\nREF: 11206 Red Floor Tile 15&#215;15<\/p>\n<p><a class=\"pdfcatal\" href=\"\/\/www.ceramictiles.com\/pdf\/e-ceramica\/clinker_catalogue.pdf\"> Klinker katalog &lt;\/a<\/a><\/p>\n<p>10601 rde\u010da talna plo\u0161\u010da 30&#215;30<br \/>\n10406 rde\u010da talna plo\u0161\u010da 24&#215;24<br \/>\n12706 rde\u010da talna plo\u0161\u010da 15&#215;24<br \/>\n10306 rde\u010da talna plo\u0161\u010dica 15&#215;30<br \/>\n11206 rde\u010da talna plo\u0161\u010dica 15&#215;15<br \/>\n10806 rde\u010da stopnica 30<br \/>\n11106 rde\u010da stopnica 24<\/p>\n","protected":false},"excerpt":{"rendered":"<p>V redni prodaji bi morali za to plo\u0161\u010dico od\u0161teti 21,17 EUR, spletna cena pa zna\u0161a le 16,93 EUR. Color clinker tiles 24&#215;24 red je plo\u0161\u010dica proizvajalca Grestejo in prihaja iz Portugalske. Ta plo\u0161\u010dica je debela 15 mm in je zelo trpe\u017ena. Keramika v rde\u010di barvi popestri vsak prostor. Velikost te plo\u0161\u010dice je 24&#215;24 cm. REF: [&hellip;]<\/p>\n","protected":false},"featured_media":103579,"template":"","meta":[],"product_cat":[99921411,150,100,120,999,110],"product_tag":[],"_links":{"self":[{"href":"https:\/\/www.keramika.com\/slovenija\/wp-json\/wp\/v2\/product\/103578"}],"collection":[{"href":"https:\/\/www.keramika.com\/slovenija\/wp-json\/wp\/v2\/product"}],"about":[{"href":"https:\/\/www.keramika.com\/slovenija\/wp-json\/wp\/v2\/types\/product"}],"wp:featuredmedia":[{"embeddable":true,"href":"https:\/\/www.keramika.com\/slovenija\/wp-json\/wp\/v2\/media\/103579"}],"wp:attachment":[{"href":"https:\/\/www.keramika.com\/slovenija\/wp-json\/wp\/v2\/media?parent=103578"}],"wp:term":[{"taxonomy":"product_cat","embeddable":true,"href":"https:\/\/www.keramika.com\/slovenija\/wp-json\/wp\/v2\/product_cat?post=103578"},{"taxonomy":"product_tag","embeddable":true,"href":"https:\/\/www.keramika.com\/slovenija\/wp-json\/wp\/v2\/product_tag?post=103578"}],"curies":[{"name":"wp","href":"https:\/\/api.w.org\/{rel}","templated":true}]}}