{"id":103576,"date":"2017-03-22T23:42:52","date_gmt":"2017-03-22T23:42:52","guid":{"rendered":"http:\/\/keramika.holest.com\/slovenija\/product\/klinker-robniki-za-bazene\/"},"modified":"2026-01-03T00:00:44","modified_gmt":"2026-01-03T00:00:44","slug":"klinker-robniki-za-bazene","status":"publish","type":"product","link":"https:\/\/www.keramika.com\/slovenija\/klinker-robniki-za-bazene\/","title":{"rendered":"Klinker robniki za bazene"},"content":{"rendered":"<p>Zaradi ni\u017ejih stro\u0161kov pri spletni prodaji boste na na\u0161i strani za to plo\u0161\u010dico od\u0161teli le 11,66 EUR. To plo\u0161\u010dico je izdelal proizvajalec Grestejo, ki prihaja iz Portugalske. Velikost te plo\u0161\u010dice je 24&#215;24 cm. 15 mm debeline je dovolj tudi za zahtevnej\u0161e kupce. Pri izbiri plo\u0161\u010dice v be\u017e barvi ne morete zgre\u0161iti.<\/p>\n<p>Rubi -REF: 10902<br \/>Vermelho &#8211; REF: 10906<br \/>Cinzento &#8211; REF: 10908<\/p>\n<p><a class=\"pdfcatal\" href=\"\/\/www.ceramictiles.com\/pdf\/e-ceramica\/clinker_catalogue.pdf\"> Klinker katalog  <\/a\n\n\n<\/p>\n","protected":false},"excerpt":{"rendered":"<p>Zaradi ni\u017ejih stro\u0161kov pri spletni prodaji boste na na\u0161i strani za to plo\u0161\u010dico od\u0161teli le 11,66 EUR. To plo\u0161\u010dico je izdelal proizvajalec Grestejo, ki prihaja iz Portugalske. Velikost te plo\u0161\u010dice je 24&#215;24 cm. 15 mm debeline je dovolj tudi za zahtevnej\u0161e kupce. Pri izbiri plo\u0161\u010dice v be\u017e barvi ne morete zgre\u0161iti. Rubi -REF: 10902Vermelho &#8211; [&hellip;]<\/p>\n","protected":false},"featured_media":103577,"template":"","meta":[],"product_cat":[99921411,100,130,120,999],"product_tag":[],"_links":{"self":[{"href":"https:\/\/www.keramika.com\/slovenija\/wp-json\/wp\/v2\/product\/103576"}],"collection":[{"href":"https:\/\/www.keramika.com\/slovenija\/wp-json\/wp\/v2\/product"}],"about":[{"href":"https:\/\/www.keramika.com\/slovenija\/wp-json\/wp\/v2\/types\/product"}],"wp:featuredmedia":[{"embeddable":true,"href":"https:\/\/www.keramika.com\/slovenija\/wp-json\/wp\/v2\/media\/103577"}],"wp:attachment":[{"href":"https:\/\/www.keramika.com\/slovenija\/wp-json\/wp\/v2\/media?parent=103576"}],"wp:term":[{"taxonomy":"product_cat","embeddable":true,"href":"https:\/\/www.keramika.com\/slovenija\/wp-json\/wp\/v2\/product_cat?post=103576"},{"taxonomy":"product_tag","embeddable":true,"href":"https:\/\/www.keramika.com\/slovenija\/wp-json\/wp\/v2\/product_tag?post=103576"}],"curies":[{"name":"wp","href":"https:\/\/api.w.org\/{rel}","templated":true}]}}