{"id":103572,"date":"2017-06-22T23:42:45","date_gmt":"2017-06-22T23:42:45","guid":{"rendered":"http:\/\/keramika.holest.com\/slovenija\/product\/klinker-ploscice-15mm-siva\/"},"modified":"2026-01-03T00:00:44","modified_gmt":"2026-01-03T00:00:44","slug":"klinker-ploscice-15mm-siva","status":"publish","type":"product","link":"https:\/\/www.keramika.com\/slovenija\/klinker-ploscice-15mm-siva\/","title":{"rendered":"Klinker plo\u0161\u010dice 15mm siva"},"content":{"rendered":"<p>Clinker tiles 15mm gray je na voljo po zelo ugodni ceni 19,08 EUR. Debelina kar 15 mm dela to plo\u0161\u010dico zelo trpe\u017eno in presti\u017eno na otip. Z 24&#215;24 cm je ta plo\u0161\u010dica primerna za razli\u010dne podlage. Pri izbiri plo\u0161\u010dice v sivi barvi ne morete zgre\u0161iti. Clinker tiles 15mm gray je pripeljana iz Portugalske in je zelo kvalitetna.<\/p>\n<p>Cizento 30&#215;30 &#8211; REF: 10108<br \/>Cizento 24&#215;24- REF: 10408<br \/>Cizento 15&#215;30 -REF: 10308<br \/>Cizento 15&#215;24 -REF: 12708<\/p>\n<p><a class=\"pdfcatal\" href=\"\/\/www.ceramictiles.com\/pdf\/e-ceramica\/clinker_catalogue.pdf\"> Klinker katalog  <\/a\n\n\n10202 Pavimento\/ Floor Tile Rubi 40&#215;40  \n1102 Pavimento\/ Floor Tile Rubi 30&#215;30  \n10402 Pavimento\/ Floor Tile Rubi 24X24  \n14102 Pavimento\/ Floor Tile Rubi 20&#215;20  \n10302 Pavimento\/ Floor Tile Rubi 15&#215;30  \n12702 Pavimento \/Floor Tile Rubi 15&#215;24  \n11202 Pavimento\/ Floor Tile Rubi 15&#215;15  \n13502 Faixa Hezagonal\/ Naveta 24  \n13802 Degrau\/ Step Rubi 40 \n10802 Degrau\/ Step Rubi 30  \n11102 Degrau\/ Step Rubi 24  \n10115 Esquina Degrau Florentino\/ Step Corner  \n10802R Degrau Recto\/ Straight Step Rubi 30  \n11102R Degrau Recto\/ Straight Step Rubi 24  \n10115R Esquina Degrau Recto\/ Straight Step Corner  \n13602L Rodap\u00e9\/ Skirting Board Rubi 8&#215;40  \n10602L Rodap\u00e9\/ Skirting Board Rubi 8&#215;30  \n11002L Rodap\u00e9\/ Skirting Board Rubi 8&#215;24  \n12602D Rodap\u00e9 Escada Dt\u00ba\/ Right Step Bullnose  \n12602E Rodap\u00e9 escada Esq\u00ba\/ Left Step Bullnose  \n12602D\/R Rodap\u00e9 Escada Recto Dt\u00ba\/ Straight Right Step Bullnose  \n12602E\/R Rodap\u00e9 escada Recto Esq\u00ba\/ Straight Left Step Bullnose  \n10702 Rodap\u00e9\/ Skirting Board Rubi 15&#215;30  \n10702I \u00c2ngulo Int. Rodap\u00e9\/Internal Skirting Board 15&#215;30  \n10702E \u00c2ngulo Ext. Rodap\u00e9\/External Skirting Board 15&#215;30  \n105A02 \u00c2ngulo 90\u00ba\/ Wall Corner 90\u00ba  \n123302 Verte \u00c1guas Rubi\/ Window Still Rubi 30  \n12402 Verte \u00c1guas Rubi\/ Window Still Rubi 24  \n12802 Corrim\u00e3o\/ Handrail  \n13002 Corrim\u00e3o\/ Handrail  \n13202 Corrim\u00e3o\/ Handrail 21&#215;24  \n13601 Corrim\u00e3o\/ Handrail 26&#215;24  \n12902 Corrim\u00e3o\/ Handrail 12&#215;30  \n13102 Corrim\u00e3o\/ Handrail 15,5&#215;30  \n13302 Corrim\u00e3o\/ Handrail 21&#215;30  \n14202 Corrim\u00e3o\/ Handrail 26&#215;30  \n13402 Lavat\u00f3rio Artesanal\/ Handmade Washbasin  \n10902 Rebordo Piscina\/ Pool Edging  \n11602 Esquina Reb.Piscina Int.\/ Internal Pool Edging Corner  \n11702 Esquina Reb.Piscina Ext.\/ External Pool Edging Corner  \n12302 \u00c2ngulo Cantoneira\/ Internal Wall Corner 7&#215;30 \n12202 \u00c2ngulo Cantoneira\/ Internal Wall Corner 7&#215;24  \n12102 Cantoneira\/ External Wall Corner 7&#215;30  \n12002 Cantoneira\/ External Wall Corner 7&#215;24  \n11802 Moldura\/ Border 30  \n11902 Moldura\/ Border 24  \n14402 Pavimento Hexagonal\/ Floor Tile Rubi Hexagon  \n\n<\/p>\n","protected":false},"excerpt":{"rendered":"<p>Clinker tiles 15mm gray je na voljo po zelo ugodni ceni 19,08 EUR. Debelina kar 15 mm dela to plo\u0161\u010dico zelo trpe\u017eno in presti\u017eno na otip. Z 24&#215;24 cm je ta plo\u0161\u010dica primerna za razli\u010dne podlage. Pri izbiri plo\u0161\u010dice v sivi barvi ne morete zgre\u0161iti. Clinker tiles 15mm gray je pripeljana iz Portugalske in je [&hellip;]<\/p>\n","protected":false},"featured_media":103573,"template":"","meta":[],"product_cat":[140,99921411,150,100,130,120,999,110],"product_tag":[],"_links":{"self":[{"href":"https:\/\/www.keramika.com\/slovenija\/wp-json\/wp\/v2\/product\/103572"}],"collection":[{"href":"https:\/\/www.keramika.com\/slovenija\/wp-json\/wp\/v2\/product"}],"about":[{"href":"https:\/\/www.keramika.com\/slovenija\/wp-json\/wp\/v2\/types\/product"}],"wp:featuredmedia":[{"embeddable":true,"href":"https:\/\/www.keramika.com\/slovenija\/wp-json\/wp\/v2\/media\/103573"}],"wp:attachment":[{"href":"https:\/\/www.keramika.com\/slovenija\/wp-json\/wp\/v2\/media?parent=103572"}],"wp:term":[{"taxonomy":"product_cat","embeddable":true,"href":"https:\/\/www.keramika.com\/slovenija\/wp-json\/wp\/v2\/product_cat?post=103572"},{"taxonomy":"product_tag","embeddable":true,"href":"https:\/\/www.keramika.com\/slovenija\/wp-json\/wp\/v2\/product_tag?post=103572"}],"curies":[{"name":"wp","href":"https:\/\/api.w.org\/{rel}","templated":true}]}}