{"id":103568,"date":"2017-03-22T23:42:39","date_gmt":"2017-03-22T23:42:39","guid":{"rendered":"http:\/\/keramika.holest.com\/slovenija\/product\/klinker-ploscice-12x24-modre\/"},"modified":"2026-01-03T00:00:44","modified_gmt":"2026-01-03T00:00:44","slug":"klinker-ploscice-12x24-modre","status":"publish","type":"product","link":"https:\/\/www.keramika.com\/slovenija\/klinker-ploscice-12x24-modre\/","title":{"rendered":"Klinker plo\u0161\u010dice 12&#215;24 modre"},"content":{"rendered":"<p>Color clinker tiles 12&#215;24 blue je pripeljana iz \u0160panije in je zelo kvalitetna. Keramika v modri barvi popestri vsak prostor. \u0160irina in dol\u017eina te plo\u0161\u010dice sta 12&#215;24 cm. 9 mm je debelina, ki zadovolji tudi zahtevnej\u0161e kupce. Namesto 1,62 EUR kot bi za to plo\u0161\u010dico od\u0161teli v klasi\u010dni trgovini, boste v na\u0161i spletni prodajalni od\u0161teli le 1,3 EUR.<\/p>\n<p>Base -Ref. 101- 12&#215;24,5&#215;9<\/p>\n<p><a class=\"pdfcatal\" href=\"\/\/www.ceramictiles.com\/pdf\/e-ceramica\/clinker_catalogue.pdf\"> Klinker katalog  <\/a\n\n\n<\/p>\n","protected":false},"excerpt":{"rendered":"<p>Color clinker tiles 12&#215;24 blue je pripeljana iz \u0160panije in je zelo kvalitetna. Keramika v modri barvi popestri vsak prostor. \u0160irina in dol\u017eina te plo\u0161\u010dice sta 12&#215;24 cm. 9 mm je debelina, ki zadovolji tudi zahtevnej\u0161e kupce. Namesto 1,62 EUR kot bi za to plo\u0161\u010dico od\u0161teli v klasi\u010dni trgovini, boste v na\u0161i spletni prodajalni od\u0161teli [&hellip;]<\/p>\n","protected":false},"featured_media":103569,"template":"","meta":[],"product_cat":[99928,100,130,120,999],"product_tag":[],"_links":{"self":[{"href":"https:\/\/www.keramika.com\/slovenija\/wp-json\/wp\/v2\/product\/103568"}],"collection":[{"href":"https:\/\/www.keramika.com\/slovenija\/wp-json\/wp\/v2\/product"}],"about":[{"href":"https:\/\/www.keramika.com\/slovenija\/wp-json\/wp\/v2\/types\/product"}],"wp:featuredmedia":[{"embeddable":true,"href":"https:\/\/www.keramika.com\/slovenija\/wp-json\/wp\/v2\/media\/103569"}],"wp:attachment":[{"href":"https:\/\/www.keramika.com\/slovenija\/wp-json\/wp\/v2\/media?parent=103568"}],"wp:term":[{"taxonomy":"product_cat","embeddable":true,"href":"https:\/\/www.keramika.com\/slovenija\/wp-json\/wp\/v2\/product_cat?post=103568"},{"taxonomy":"product_tag","embeddable":true,"href":"https:\/\/www.keramika.com\/slovenija\/wp-json\/wp\/v2\/product_tag?post=103568"}],"curies":[{"name":"wp","href":"https:\/\/api.w.org\/{rel}","templated":true}]}}