{"id":103566,"date":"2017-03-22T23:42:36","date_gmt":"2017-03-22T23:42:36","guid":{"rendered":"http:\/\/keramika.holest.com\/slovenija\/product\/klinker-ploscice-24x24-rjava\/"},"modified":"2026-01-03T00:00:44","modified_gmt":"2026-01-03T00:00:44","slug":"klinker-ploscice-24x24-rjava","status":"publish","type":"product","link":"https:\/\/www.keramika.com\/slovenija\/klinker-ploscice-24x24-rjava\/","title":{"rendered":"Klinker plo\u0161\u010dice 24&#215;24 rjava"},"content":{"rendered":"<p>Z velikostjo 24&#215;24 cm je ta plo\u0161\u010dica primerna ze razli\u010dne povr\u0161ine. Debelina plo\u0161\u010dice je zelo pomembna in 15 mm uvr\u0161\u010da to plo\u0161\u010dico med najkvalitetnej\u0161e. To plo\u0161\u010dico je izdelal proizvajalec Grestejo, ki prihaja iz Portugalske. Ta plo\u0161\u010dica je na voljo v \u010dudoviti rjavi barvi, \u010de \u017eelite kak\u0161no drugo barvo pa nas kontaktirajte in preverili bomo pri proizvajalcu. Redna cena te plo\u0161\u010dice v maloprodaji zna\u0161a 23,45 EUR, v na\u0161i spletni trgovini pa jo lahko dobite \u017ee za 18,76 EUR.<\/p>\n<p>30&#215;30 &#8211; REF: 10109<br \/>24&#215;24 &#8211; REF: 10409<br \/>15&#215;30 &#8211; REF: 10309<br \/>15&#215;15 &#8211; REF: 11207<\/p>\n<p><a class=\"pdfcatal\" href=\"\/\/www.ceramictiles.com\/pdf\/e-ceramica\/clinker_catalogue.pdf\"> Klinker katalog  <\/a\n\n\n<\/p>\n","protected":false},"excerpt":{"rendered":"<p>Z velikostjo 24&#215;24 cm je ta plo\u0161\u010dica primerna ze razli\u010dne povr\u0161ine. Debelina plo\u0161\u010dice je zelo pomembna in 15 mm uvr\u0161\u010da to plo\u0161\u010dico med najkvalitetnej\u0161e. To plo\u0161\u010dico je izdelal proizvajalec Grestejo, ki prihaja iz Portugalske. Ta plo\u0161\u010dica je na voljo v \u010dudoviti rjavi barvi, \u010de \u017eelite kak\u0161no drugo barvo pa nas kontaktirajte in preverili bomo pri [&hellip;]<\/p>\n","protected":false},"featured_media":103567,"template":"","meta":[],"product_cat":[99921411,150,100,120,999,110],"product_tag":[],"_links":{"self":[{"href":"https:\/\/www.keramika.com\/slovenija\/wp-json\/wp\/v2\/product\/103566"}],"collection":[{"href":"https:\/\/www.keramika.com\/slovenija\/wp-json\/wp\/v2\/product"}],"about":[{"href":"https:\/\/www.keramika.com\/slovenija\/wp-json\/wp\/v2\/types\/product"}],"wp:featuredmedia":[{"embeddable":true,"href":"https:\/\/www.keramika.com\/slovenija\/wp-json\/wp\/v2\/media\/103567"}],"wp:attachment":[{"href":"https:\/\/www.keramika.com\/slovenija\/wp-json\/wp\/v2\/media?parent=103566"}],"wp:term":[{"taxonomy":"product_cat","embeddable":true,"href":"https:\/\/www.keramika.com\/slovenija\/wp-json\/wp\/v2\/product_cat?post=103566"},{"taxonomy":"product_tag","embeddable":true,"href":"https:\/\/www.keramika.com\/slovenija\/wp-json\/wp\/v2\/product_tag?post=103566"}],"curies":[{"name":"wp","href":"https:\/\/api.w.org\/{rel}","templated":true}]}}