{"id":103560,"date":"2017-03-22T23:42:27","date_gmt":"2017-03-22T23:42:27","guid":{"rendered":"http:\/\/keramika.holest.com\/slovenija\/product\/kuhinjske-ploscice-zocalo-carrion-20x20\/"},"modified":"2026-01-03T00:00:43","modified_gmt":"2026-01-03T00:00:43","slug":"kuhinjske-ploscice-zocalo-carrion-20x20","status":"publish","type":"product","link":"https:\/\/www.keramika.com\/slovenija\/kuhinjske-ploscice-zocalo-carrion-20x20\/","title":{"rendered":"Kuhinjske plo\u0161\u010dice Zocalo Carrion 20&#215;20"},"content":{"rendered":"<p>Ta plo\u0161\u010dica je na voljo v \u010dudoviti modri barvi, \u010de \u017eelite kak\u0161no drugo barvo pa nas kontaktirajte in preverili bomo pri proizvajalcu. Redna cena te plo\u0161\u010dice v maloprodaji zna\u0161a 28,28 EUR, v na\u0161i spletni trgovini pa jo lahko dobite \u017ee za 22,62 EUR. Mainzu Zocalo Carrion Azul 20&#215;20 prihaja iz \u0160panije, ki je znana po zelo kvalitetni keramiki v svetovnem merilu. Plo\u0161\u010dica na sliki je velika 20&#215;20 cm. Debelina kar 8 mm dela to plo\u0161\u010dico zelo trpe\u017eno in presti\u017eno na otip.<\/p>\n<p>Kliknite na ime kolekcije za ogled vseh plo\u0161\u010dic iz te serije: <a class=\"pdfcatal\" href=\"\/\/www.ceramictiles.com\/pdf\/mainzu\/catalogue_mainzu_tiles_zocalo.pdf\" onclick=\"recordOutboundLink(this, 'E-mail', 'Description PDF');return false;\">Mainzu Ceramica Zocalo<\/a><\/p>\n<p>\u010ce \u017eelite naro\u010diti model iz pdf kataloga te kolekcije, nam pi\u0161ite na: <a href=\"mailto:keramoteka.salon@gmail.com\" onclick=\"recordOutboundLink(this, 'E-mail', 'Description mail');return false;\">keramoteka.salon@gmail.com<\/a> ali pa nas pokli\u010dite na: 031 255 900.<\/p>\n<p><a class=\"pdfcatal\" href=\"\/\/www.ceramictiles.com\/pdf\/e-ceramica\/catalogue_of_kitchen_tiles.pdf\"> Kuhinjska keramika katalog<\/a><\/p>\n","protected":false},"excerpt":{"rendered":"<p>Ta plo\u0161\u010dica je na voljo v \u010dudoviti modri barvi, \u010de \u017eelite kak\u0161no drugo barvo pa nas kontaktirajte in preverili bomo pri proizvajalcu. Redna cena te plo\u0161\u010dice v maloprodaji zna\u0161a 28,28 EUR, v na\u0161i spletni trgovini pa jo lahko dobite \u017ee za 22,62 EUR. Mainzu Zocalo Carrion Azul 20&#215;20 prihaja iz \u0160panije, ki je znana po [&hellip;]<\/p>\n","protected":false},"featured_media":103561,"template":"","meta":[],"product_cat":[200,230,9991370,999,250],"product_tag":[],"_links":{"self":[{"href":"https:\/\/www.keramika.com\/slovenija\/wp-json\/wp\/v2\/product\/103560"}],"collection":[{"href":"https:\/\/www.keramika.com\/slovenija\/wp-json\/wp\/v2\/product"}],"about":[{"href":"https:\/\/www.keramika.com\/slovenija\/wp-json\/wp\/v2\/types\/product"}],"wp:featuredmedia":[{"embeddable":true,"href":"https:\/\/www.keramika.com\/slovenija\/wp-json\/wp\/v2\/media\/103561"}],"wp:attachment":[{"href":"https:\/\/www.keramika.com\/slovenija\/wp-json\/wp\/v2\/media?parent=103560"}],"wp:term":[{"taxonomy":"product_cat","embeddable":true,"href":"https:\/\/www.keramika.com\/slovenija\/wp-json\/wp\/v2\/product_cat?post=103560"},{"taxonomy":"product_tag","embeddable":true,"href":"https:\/\/www.keramika.com\/slovenija\/wp-json\/wp\/v2\/product_tag?post=103560"}],"curies":[{"name":"wp","href":"https:\/\/api.w.org\/{rel}","templated":true}]}}