{"id":103550,"date":"2017-04-22T23:42:11","date_gmt":"2017-04-22T23:42:11","guid":{"rendered":"http:\/\/keramika.holest.com\/slovenija\/product\/kuhinjske-ploscice-victorian-gris\/"},"modified":"2026-01-03T00:00:42","modified_gmt":"2026-01-03T00:00:42","slug":"kuhinjske-ploscice-victorian-gris","status":"publish","type":"product","link":"https:\/\/www.keramika.com\/slovenija\/kuhinjske-ploscice-victorian-gris\/","title":{"rendered":"Kuhinjske plo\u0161\u010dice Victorian gris"},"content":{"rendered":"<p>\u0160irina in dol\u017eina te plo\u0161\u010dice sta 20&#215;20 cm. Pri izbiri plo\u0161\u010dice v sivi barvi ne morete zgre\u0161iti. Mainzu tiles Victorian gris je pripeljana iz \u0160panije in je zelo kvalitetna. Zaradi ni\u017ejih stro\u0161kov pri spletni prodaji boste na na\u0161i strani za to plo\u0161\u010dico od\u0161teli le 50,4 EUR. Debelina plo\u0161\u010dice je zelo pomembna in 8 mm uvr\u0161\u010da to plo\u0161\u010dico med najkvalitetnej\u0161e.<\/p>\n<p>Kliknite na ime kolekcije za ogled vseh plo\u0161\u010dic iz te serije: <a class=\"pdfcatal\" href=\"\/\/www.ceramictiles.com\/pdf\/mainzu\/catalogue_mainzu_tiles_victorian.pdf\" onclick=\"recordOutboundLink(this, 'E-mail', 'Description PDF');return false;\">Mainzu Ceramica Victorian<\/a><\/p>\n<p>\u010ce \u017eelite naro\u010diti model iz pdf kataloga te kolekcije, nam pi\u0161ite na: <a href=\"mailto:keramoteka.salon@gmail.com\" onclick=\"recordOutboundLink(this, 'E-mail', 'Description mail');return false;\">keramoteka.salon@gmail.com<\/a> ali pa nas pokli\u010dite na: 031 255 900.<\/p>\n<p><a class=\"pdfcatal\" href=\"\/\/www.ceramictiles.com\/pdf\/e-ceramica\/catalogue_of_kitchen_tiles.pdf\"> Kuhinjska keramika katalog<\/a><\/p>\n","protected":false},"excerpt":{"rendered":"<p>\u0160irina in dol\u017eina te plo\u0161\u010dice sta 20&#215;20 cm. Pri izbiri plo\u0161\u010dice v sivi barvi ne morete zgre\u0161iti. Mainzu tiles Victorian gris je pripeljana iz \u0160panije in je zelo kvalitetna. Zaradi ni\u017ejih stro\u0161kov pri spletni prodaji boste na na\u0161i strani za to plo\u0161\u010dico od\u0161teli le 50,4 EUR. Debelina plo\u0161\u010dice je zelo pomembna in 8 mm uvr\u0161\u010da [&hellip;]<\/p>\n","protected":false},"featured_media":103551,"template":"","meta":[],"product_cat":[200,230,9991370,999,250],"product_tag":[],"_links":{"self":[{"href":"https:\/\/www.keramika.com\/slovenija\/wp-json\/wp\/v2\/product\/103550"}],"collection":[{"href":"https:\/\/www.keramika.com\/slovenija\/wp-json\/wp\/v2\/product"}],"about":[{"href":"https:\/\/www.keramika.com\/slovenija\/wp-json\/wp\/v2\/types\/product"}],"wp:featuredmedia":[{"embeddable":true,"href":"https:\/\/www.keramika.com\/slovenija\/wp-json\/wp\/v2\/media\/103551"}],"wp:attachment":[{"href":"https:\/\/www.keramika.com\/slovenija\/wp-json\/wp\/v2\/media?parent=103550"}],"wp:term":[{"taxonomy":"product_cat","embeddable":true,"href":"https:\/\/www.keramika.com\/slovenija\/wp-json\/wp\/v2\/product_cat?post=103550"},{"taxonomy":"product_tag","embeddable":true,"href":"https:\/\/www.keramika.com\/slovenija\/wp-json\/wp\/v2\/product_tag?post=103550"}],"curies":[{"name":"wp","href":"https:\/\/api.w.org\/{rel}","templated":true}]}}