{"id":103548,"date":"2017-03-22T23:42:08","date_gmt":"2017-03-22T23:42:08","guid":{"rendered":"http:\/\/keramika.holest.com\/slovenija\/product\/kuhinjske-ploscice-tissu-rosa\/"},"modified":"2026-01-03T00:00:42","modified_gmt":"2026-01-03T00:00:42","slug":"kuhinjske-ploscice-tissu-rosa","status":"publish","type":"product","link":"https:\/\/www.keramika.com\/slovenija\/kuhinjske-ploscice-tissu-rosa\/","title":{"rendered":"Kuhinjske plo\u0161\u010dice Tissu rosa"},"content":{"rendered":"<p>Redna cena te plo\u0161\u010dice v maloprodaji zna\u0161a 35,22 EUR, v na\u0161i spletni trgovini pa jo lahko dobite \u017ee za 28,18 EUR. 8 mm debeline je dovolj tudi za zahtevnej\u0161e kupce. Mainzu tiles Tissu rosa je pripeljana iz \u0160panije in je zelo kvalitetna. Ta model plo\u0161\u010dice se najbolje prodaja v roza barvi. Velikost te plo\u0161\u010dice je 15&#215;15 cm.<\/p>\n<p>Kliknite na ime kolekcije za ogled vseh plo\u0161\u010dic iz te serije: <a class=\"pdfcatal\" href=\"\/\/www.ceramictiles.com\/pdf\/mainzu\/catalogue_mainzu_tiles_tissu.pdf\" onclick=\"recordOutboundLink(this, 'E-mail', 'Description PDF');return false;\">Mainzu Ceramica Tissu<\/a><\/p>\n<p>\u010ce \u017eelite naro\u010diti model iz pdf kataloga te kolekcije, nam pi\u0161ite na: <a href=\"mailto:keramoteka.salon@gmail.com\" onclick=\"recordOutboundLink(this, 'E-mail', 'Description mail');return false;\">keramoteka.salon@gmail.com<\/a> ali pa nas pokli\u010dite na: 031 255 900.<\/p>\n<p><a class=\"pdfcatal\" href=\"\/\/www.ceramictiles.com\/pdf\/e-ceramica\/catalogue_of_kitchen_tiles.pdf\"> Kuhinjska keramika katalog<\/a><\/p>\n","protected":false},"excerpt":{"rendered":"<p>Redna cena te plo\u0161\u010dice v maloprodaji zna\u0161a 35,22 EUR, v na\u0161i spletni trgovini pa jo lahko dobite \u017ee za 28,18 EUR. 8 mm debeline je dovolj tudi za zahtevnej\u0161e kupce. Mainzu tiles Tissu rosa je pripeljana iz \u0160panije in je zelo kvalitetna. Ta model plo\u0161\u010dice se najbolje prodaja v roza barvi. Velikost te plo\u0161\u010dice je [&hellip;]<\/p>\n","protected":false},"featured_media":103549,"template":"","meta":[],"product_cat":[200,230,9991370,999,250],"product_tag":[],"_links":{"self":[{"href":"https:\/\/www.keramika.com\/slovenija\/wp-json\/wp\/v2\/product\/103548"}],"collection":[{"href":"https:\/\/www.keramika.com\/slovenija\/wp-json\/wp\/v2\/product"}],"about":[{"href":"https:\/\/www.keramika.com\/slovenija\/wp-json\/wp\/v2\/types\/product"}],"wp:featuredmedia":[{"embeddable":true,"href":"https:\/\/www.keramika.com\/slovenija\/wp-json\/wp\/v2\/media\/103549"}],"wp:attachment":[{"href":"https:\/\/www.keramika.com\/slovenija\/wp-json\/wp\/v2\/media?parent=103548"}],"wp:term":[{"taxonomy":"product_cat","embeddable":true,"href":"https:\/\/www.keramika.com\/slovenija\/wp-json\/wp\/v2\/product_cat?post=103548"},{"taxonomy":"product_tag","embeddable":true,"href":"https:\/\/www.keramika.com\/slovenija\/wp-json\/wp\/v2\/product_tag?post=103548"}],"curies":[{"name":"wp","href":"https:\/\/api.w.org\/{rel}","templated":true}]}}