{"id":103544,"date":"2017-01-08T23:42:02","date_gmt":"2017-01-08T23:42:02","guid":{"rendered":"http:\/\/keramika.holest.com\/slovenija\/product\/kuhinjske-ploscice-taco-6x6\/"},"modified":"2026-01-03T00:00:41","modified_gmt":"2026-01-03T00:00:41","slug":"mainzu-bombato","status":"publish","type":"product","link":"https:\/\/www.keramika.com\/slovenija\/mainzu-bombato\/","title":{"rendered":"Mainzu Bombato"},"content":{"rendered":"<p>Ta model plo\u0161\u010dice se najbolje prodaja v rjavi barvi. Ta plo\u0161\u010dica prihaja iz \u0160panije, ki je znana po kvalitetni keramiki. Debelina kar 9 mm dela to plo\u0161\u010dico zelo trpe\u017eno in presti\u017eno na otip. Redna cena te plo\u0161\u010dice v maloprodaji zna\u0161a 30,12 EUR, v na\u0161i spletni trgovini pa jo lahko dobite \u017ee za 24,1 EUR. Velikost te plo\u0161\u010dice je 15&#215;15 cm.<br \/>\u010ce \u017eelite naro\u010diti model iz pdf kataloga te kolekcije, nam pi\u0161ite na: <a href=\"mailto:keramoteka.salon@gmail.com\" onclick=\"recordOutboundLink(this, 'E-mail', 'Description mail');return false;\">keramoteka.salon@gmail.com<\/a> ali pa nas pokli\u010dite na: 031 255 900.<\/p>\n<p><a class=\"pdfcatal\" href=\"\/\/www.ceramictiles.com\/pdf\/e-ceramica\/catalogue_of_kitchen_tiles.pdf\"> Kuhinjska keramika katalog<\/a><br \/>\nNajmanj\u0161i naro\u010dilo je 1 \u0161katla &#8211; 12 kosov<br \/>\nVsaka \u0161katla je naklju\u010dna me\u0161anica dekorjev<br \/>\nDecor enzo 15&#215;15 (G 320) 6&#8243;x6&#8243;<br \/>\n8 razli\u010dnih kosov<br \/>\nDecor tintoreto 15&#215;15 (G \u00b7 320) 6&#8243;x6&#8243;<br \/>\n6 razli\u010dnih kosov<br \/>\nDecor derby 15&#215;15 (G 320) 6&#8243;x6&#8243;<br \/>\n6 razli\u010dnih kosov<br \/>\nDecor york 15&#215;15 (G \u00b7 320) 6&#8243;x6&#8243;<br \/>\n13 razli\u010dnih kosov<br \/>\nDecor davinci 15&#215;15 (G \u00b7 320) 6&#8243;x6&#8243;<br \/>\n11 razli\u010dnih kosov<br \/>\nDekor Tap Tap 15&#215;15 (G \u00b7 320) 6&#8243;x6&#8243;<br \/>\n8 razli\u010dnih kosov<br \/>\nDekor preston 15&#215;15 (G \u00b7 320) 6&#8243;x6&#8243;<br \/>\n16 razli\u010dnih kosov<br \/>\n[vc_row][vc_column width=&#8221;1\/3&#8243;][vc_single_image source=&#8221;external_link&#8221; onclick=&#8221;link_image&#8221; custom_src=&#8221;https:\/\/www.ceramictiles.com\/images\/mainzu\/mainzu_blanco_mate_15x15.jpg&#8221; el_class=&#8221;eheight&#8221;]<br \/>[vc_column_text]<strong><br \/>Blanco Mate<\/strong><br \/><a class=\"pdfcatal\" href=\"\/\/www.ceramictiles.com\/pdf\/catalogue_mainzu.pdf\" onclick=\"recordOutboundLink(this, 'E-mail', 'Description PDF');return false;\"> PDF Zbirni katalog<\/a><\/a><br \/>15&#215;15<br \/><a href=\"mailto:keramoteka.salon@gmail.com\" onclick=\"recordOutboundLink(this, 'E-mail', 'Description mail');return false;\"> Kontakt za dostavo<\/a>[\/vc_column_text][vc_separator color=&#8221;black&#8221; border_width=&#8221;2&#8243;]<br \/>\n[\/vc_column][vc_column width=&#8221;1\/3&#8243;][vc_single_image source=&#8221;external_link&#8221; onclick=&#8221;link_image&#8221; custom_src=&#8221;https:\/\/www.ceramictiles.com\/images\/mainzu\/mainzu_negro_mate_15x15.jpg&#8221; el_class=&#8221;eheight&#8221;]<br \/>[vc_column_text]<strong><br \/>Negro Mate<\/strong><br \/><a class=\"pdfcatal\" href=\"\/\/www.ceramictiles.com\/pdf\/catalogue_mainzu.pdf\" onclick=\"recordOutboundLink(this, 'E-mail', 'Description PDF');return false;\"> PDF Zbirni katalog<\/a><\/a><br \/>15&#215;15<br \/><a href=\"mailto:keramoteka.salon@gmail.com\" onclick=\"recordOutboundLink(this, 'E-mail', 'Description mail');return false;\"> Kontakt za dostavo<\/a>[\/vc_column_text][vc_separator color=&#8221;black&#8221; border_width=&#8221;2&#8243;]<br \/>\n[\/vc_column][vc_column width=&#8221;1\/3&#8243;][vc_single_image source=&#8221;external_link&#8221; onclick=&#8221;link_image&#8221; custom_src=&#8221;https:\/\/www.ceramictiles.com\/images\/mainzu\/mainzu_bombato_beige_15x15.jpg&#8221; el_class=&#8221;eheight&#8221;]<br \/>[vc_column_text]<strong><br \/>Bombato Beige<\/strong><br \/><a class=\"pdfcatal\" href=\"\/\/www.ceramictiles.com\/pdf\/catalogue_mainzu.pdf\" onclick=\"recordOutboundLink(this, 'E-mail', 'Description PDF');return false;\"> PDF Zbirni katalog<\/a><\/a><br \/>15&#215;15<br \/><a href=\"mailto:keramoteka.salon@gmail.com\" onclick=\"recordOutboundLink(this, 'E-mail', 'Description mail');return false;\"> Kontakt za dostavo<\/a>[\/vc_column_text][vc_separator color=&#8221;black&#8221; border_width=&#8221;2&#8243;]<br \/>\n[\/vc_column][vc_column width=&#8221;1\/3&#8243;][vc_single_image source=&#8221;external_link&#8221; onclick=&#8221;link_image&#8221; custom_src=&#8221;https:\/\/www.ceramictiles.com\/images\/mainzu\/mainzu_bombato_blanco_15x15.jpg&#8221; el_class=&#8221;eheight&#8221;]<br \/>[vc_column_text]<strong><br \/>Bombato Blanco<\/strong><br \/><a class=\"pdfcatal\" href=\"\/\/www.ceramictiles.com\/pdf\/catalogue_mainzu.pdf\" onclick=\"recordOutboundLink(this, 'E-mail', 'Description PDF');return false;\"> PDF Zbirni katalog<\/a><\/a><br \/>15&#215;15<br \/><a href=\"mailto:keramoteka.salon@gmail.com\" onclick=\"recordOutboundLink(this, 'E-mail', 'Description mail');return false;\"> Kontakt za dostavo<\/a>[\/vc_column_text][vc_separator color=&#8221;black&#8221; border_width=&#8221;2&#8243;]<br \/>\n[\/vc_column][vc_column width=&#8221;1\/3&#8243;][vc_single_image source=&#8221;external_link&#8221; onclick=&#8221;link_image&#8221; custom_src=&#8221;https:\/\/www.ceramictiles.com\/images\/mainzu\/mainzu_bombato_blu_15x15.jpg&#8221; el_class=&#8221;eheight&#8221;]<br \/>[vc_column_text]<strong><br \/>Bombato Blu<\/strong><br \/><a class=\"pdfcatal\" href=\"\/\/www.ceramictiles.com\/pdf\/catalogue_mainzu.pdf\" onclick=\"recordOutboundLink(this, 'E-mail', 'Description PDF');return false;\"> PDF Zbirni katalog<\/a><\/a><br \/>15&#215;15<br \/><a href=\"mailto:keramoteka.salon@gmail.com\" onclick=\"recordOutboundLink(this, 'E-mail', 'Description mail');return false;\"> Kontakt za dostavo<\/a>[\/vc_column_text][vc_separator color=&#8221;black&#8221; border_width=&#8221;2&#8243;]<br \/>\n[\/vc_column][vc_column width=&#8221;1\/3&#8243;][vc_single_image source=&#8221;external_link&#8221; onclick=&#8221;link_image&#8221; custom_src=&#8221;https:\/\/www.ceramictiles.com\/images\/mainzu\/mainzu_bombato_caldera_15x15.jpg&#8221; el_class=&#8221;eheight&#8221;]<br \/>[vc_column_text]<strong><br \/>Bombato Caldera<\/strong><br \/><a class=\"pdfcatal\" href=\"\/\/www.ceramictiles.com\/pdf\/catalogue_mainzu.pdf\" onclick=\"recordOutboundLink(this, 'E-mail', 'Description PDF');return false;\"> PDF Zbirni katalog<\/a><\/a><br \/>15&#215;15<br \/><a href=\"mailto:keramoteka.salon@gmail.com\" onclick=\"recordOutboundLink(this, 'E-mail', 'Description mail');return false;\"> Kontakt za dostavo<\/a>[\/vc_column_text][vc_separator color=&#8221;black&#8221; border_width=&#8221;2&#8243;]<br \/>\n[\/vc_column][vc_column width=&#8221;1\/3&#8243;][vc_single_image source=&#8221;external_link&#8221; onclick=&#8221;link_image&#8221; custom_src=&#8221;https:\/\/www.ceramictiles.com\/images\/mainzu\/mainzu_bombato_green_15x15.jpg&#8221; el_class=&#8221;eheight&#8221;]<br \/>[vc_column_text]<strong><br \/>Bombato Green<\/strong><br \/><a class=\"pdfcatal\" href=\"\/\/www.ceramictiles.com\/pdf\/catalogue_mainzu.pdf\" onclick=\"recordOutboundLink(this, 'E-mail', 'Description PDF');return false;\"> PDF Zbirni katalog<\/a><\/a><br \/>15&#215;15<br \/><a href=\"mailto:keramoteka.salon@gmail.com\" onclick=\"recordOutboundLink(this, 'E-mail', 'Description mail');return false;\"> Kontakt za dostavo<\/a>[\/vc_column_text][vc_separator color=&#8221;black&#8221; border_width=&#8221;2&#8243;]<br \/>\n[\/vc_column][vc_column width=&#8221;1\/3&#8243;][vc_single_image source=&#8221;external_link&#8221; onclick=&#8221;link_image&#8221; custom_src=&#8221;https:\/\/www.ceramictiles.com\/images\/mainzu\/mainzu_bombato_grey_15x15.jpg&#8221; el_class=&#8221;eheight&#8221;]<br \/>[vc_column_text]<strong><br \/>Bombato Grey<\/strong><br \/><a class=\"pdfcatal\" href=\"\/\/www.ceramictiles.com\/pdf\/catalogue_mainzu.pdf\" onclick=\"recordOutboundLink(this, 'E-mail', 'Description PDF');return false;\"> PDF Zbirni katalog<\/a><\/a><br \/>15&#215;15<br \/><a href=\"mailto:keramoteka.salon@gmail.com\" onclick=\"recordOutboundLink(this, 'E-mail', 'Description mail');return false;\"> Kontakt za dostavo<\/a>[\/vc_column_text][vc_separator color=&#8221;black&#8221; border_width=&#8221;2&#8243;]<br \/>\n[\/vc_column][vc_column width=&#8221;1\/3&#8243;][vc_single_image source=&#8221;external_link&#8221; onclick=&#8221;link_image&#8221; custom_src=&#8221;https:\/\/www.ceramictiles.com\/images\/mainzu\/mainzu_bombato_ocre_15x15.jpg&#8221; el_class=&#8221;eheight&#8221;]<br \/>[vc_column_text]<strong><br \/>Bombato Ocre<\/strong><br \/><a class=\"pdfcatal\" href=\"\/\/www.ceramictiles.com\/pdf\/catalogue_mainzu.pdf\" onclick=\"recordOutboundLink(this, 'E-mail', 'Description PDF');return false;\"> PDF Zbirni katalog<\/a><\/a><br \/>15&#215;15<br \/><a href=\"mailto:keramoteka.salon@gmail.com\" onclick=\"recordOutboundLink(this, 'E-mail', 'Description mail');return false;\"> Kontakt za dostavo<\/a>[\/vc_column_text][vc_separator color=&#8221;black&#8221; border_width=&#8221;2&#8243;]<br \/>\n[\/vc_column][vc_column width=&#8221;1\/3&#8243;][vc_single_image source=&#8221;external_link&#8221; onclick=&#8221;link_image&#8221; custom_src=&#8221;https:\/\/www.ceramictiles.com\/images\/mainzu\/mainzu_bombato_rosso_15x15.jpg&#8221; el_class=&#8221;eheight&#8221;]<br \/>[vc_column_text]<strong><br \/>Bombato Rosso<\/strong><br \/><a class=\"pdfcatal\" href=\"\/\/www.ceramictiles.com\/pdf\/catalogue_mainzu.pdf\" onclick=\"recordOutboundLink(this, 'E-mail', 'Description PDF');return false;\"> PDF Zbirni katalog<\/a><\/a><br \/>15&#215;15<br \/><a href=\"mailto:keramoteka.salon@gmail.com\" onclick=\"recordOutboundLink(this, 'E-mail', 'Description mail');return false;\"> Kontakt za dostavo<\/a>[\/vc_column_text][vc_separator color=&#8221;black&#8221; border_width=&#8221;2&#8243;]<br \/>\n[\/vc_column][vc_column width=&#8221;1\/3&#8243;][vc_single_image source=&#8221;external_link&#8221; onclick=&#8221;link_image&#8221; custom_src=&#8221;https:\/\/www.ceramictiles.com\/images\/mainzu\/mainzu_bombato_viola_15x15.jpg&#8221; el_class=&#8221;eheight&#8221;]<br \/>[vc_column_text]<strong><br \/>Bombato Viola<\/strong><br \/><a class=\"pdfcatal\" href=\"\/\/www.ceramictiles.com\/pdf\/catalogue_mainzu.pdf\" onclick=\"recordOutboundLink(this, 'E-mail', 'Description PDF');return false;\"> PDF Zbirni katalog<\/a><\/a><br \/>15&#215;15<br \/><a href=\"mailto:keramoteka.salon@gmail.com\" onclick=\"recordOutboundLink(this, 'E-mail', 'Description mail');return false;\"> Kontakt za dostavo<\/a>[\/vc_column_text][vc_separator color=&#8221;black&#8221; border_width=&#8221;2&#8243;]<br \/>\n[\/vc_column][vc_column width=&#8221;1\/3&#8243;][vc_single_image source=&#8221;external_link&#8221; onclick=&#8221;link_image&#8221; custom_src=&#8221;https:\/\/www.ceramictiles.com\/images\/mainzu\/mainzu_decor_davinci_15x15.jpg&#8221; el_class=&#8221;eheight&#8221;]<br \/>[vc_column_text]<strong><br \/>Decor Davinci<\/strong><br \/><a class=\"pdfcatal\" href=\"\/\/www.ceramictiles.com\/pdf\/catalogue_mainzu.pdf\" onclick=\"recordOutboundLink(this, 'E-mail', 'Description PDF');return false;\"> PDF Zbirni katalog<\/a><\/a><br \/>15&#215;15<br \/><a href=\"mailto:keramoteka.salon@gmail.com\" onclick=\"recordOutboundLink(this, 'E-mail', 'Description mail');return false;\"> Kontakt za dostavo<\/a>[\/vc_column_text][vc_separator color=&#8221;black&#8221; border_width=&#8221;2&#8243;]<br \/>\n[\/vc_column][vc_column width=&#8221;1\/3&#8243;][vc_single_image source=&#8221;external_link&#8221; onclick=&#8221;link_image&#8221; custom_src=&#8221;https:\/\/www.ceramictiles.com\/images\/mainzu\/mainzu_decor_derby_15x15.jpg&#8221; el_class=&#8221;eheight&#8221;]<br \/>[vc_column_text]<strong><br \/>Decor Derby<\/strong><br \/><a class=\"pdfcatal\" href=\"\/\/www.ceramictiles.com\/pdf\/catalogue_mainzu.pdf\" onclick=\"recordOutboundLink(this, 'E-mail', 'Description PDF');return false;\"> PDF Zbirni katalog<\/a><\/a><br \/>15&#215;15<br \/><a href=\"mailto:keramoteka.salon@gmail.com\" onclick=\"recordOutboundLink(this, 'E-mail', 'Description mail');return false;\"> Kontakt za dostavo<\/a>[\/vc_column_text][vc_separator color=&#8221;black&#8221; border_width=&#8221;2&#8243;]<br \/>\n[\/vc_column][vc_column width=&#8221;1\/3&#8243;][vc_single_image source=&#8221;external_link&#8221; onclick=&#8221;link_image&#8221; custom_src=&#8221;https:\/\/www.ceramictiles.com\/images\/mainzu\/mainzu_decor_enzo_15x15.jpg&#8221; el_class=&#8221;eheight&#8221;]<br \/>[vc_column_text]<strong><br \/>Decor Enzo<\/strong><br \/><a class=\"pdfcatal\" href=\"\/\/www.ceramictiles.com\/pdf\/catalogue_mainzu.pdf\" onclick=\"recordOutboundLink(this, 'E-mail', 'Description PDF');return false;\"> PDF Zbirni katalog<\/a><\/a><br \/>15&#215;15<br \/><a href=\"mailto:keramoteka.salon@gmail.com\" onclick=\"recordOutboundLink(this, 'E-mail', 'Description mail');return false;\"> Kontakt za dostavo<\/a>[\/vc_column_text][vc_separator color=&#8221;black&#8221; border_width=&#8221;2&#8243;]<br \/>\n[\/vc_column][vc_column width=&#8221;1\/3&#8243;][vc_single_image source=&#8221;external_link&#8221; onclick=&#8221;link_image&#8221; custom_src=&#8221;https:\/\/www.ceramictiles.com\/images\/mainzu\/mainzu_decor_preston_15x15.jpg&#8221; el_class=&#8221;eheight&#8221;]<br \/>[vc_column_text]<strong><br \/>Decor Preston<\/strong><br \/><a class=\"pdfcatal\" href=\"\/\/www.ceramictiles.com\/pdf\/catalogue_mainzu.pdf\" onclick=\"recordOutboundLink(this, 'E-mail', 'Description PDF');return false;\"> PDF Zbirni katalog<\/a><\/a><br \/>15&#215;15<br \/><a href=\"mailto:keramoteka.salon@gmail.com\" onclick=\"recordOutboundLink(this, 'E-mail', 'Description mail');return false;\"> Kontakt za dostavo<\/a>[\/vc_column_text][vc_separator color=&#8221;black&#8221; border_width=&#8221;2&#8243;]<br \/>\n[\/vc_column][vc_column width=&#8221;1\/3&#8243;][vc_single_image source=&#8221;external_link&#8221; onclick=&#8221;link_image&#8221; custom_src=&#8221;https:\/\/www.ceramictiles.com\/images\/mainzu\/mainzu_decor_tap_tap_15x15.jpg&#8221; el_class=&#8221;eheight&#8221;]<br \/>[vc_column_text]<strong><br \/>Decor Tap Tap<\/strong><br \/><a class=\"pdfcatal\" href=\"\/\/www.ceramictiles.com\/pdf\/catalogue_mainzu.pdf\" onclick=\"recordOutboundLink(this, 'E-mail', 'Description PDF');return false;\"> PDF Zbirni katalog<\/a><\/a><br \/>15&#215;15<br \/><a href=\"mailto:keramoteka.salon@gmail.com\" onclick=\"recordOutboundLink(this, 'E-mail', 'Description mail');return false;\"> Kontakt za dostavo<\/a>[\/vc_column_text][vc_separator color=&#8221;black&#8221; border_width=&#8221;2&#8243;]<br \/>\n[\/vc_column][vc_column width=&#8221;1\/3&#8243;][vc_single_image source=&#8221;external_link&#8221; onclick=&#8221;link_image&#8221; custom_src=&#8221;https:\/\/www.ceramictiles.com\/images\/mainzu\/mainzu_decor_tintoreto_15x15.jpg&#8221; el_class=&#8221;eheight&#8221;]<br \/>[vc_column_text]<strong><br \/>Decor Tintoreto<\/strong><br \/><a class=\"pdfcatal\" href=\"\/\/www.ceramictiles.com\/pdf\/catalogue_mainzu.pdf\" onclick=\"recordOutboundLink(this, 'E-mail', 'Description PDF');return false;\"> PDF Zbirni katalog<\/a><\/a><br \/>15&#215;15<br \/><a href=\"mailto:keramoteka.salon@gmail.com\" onclick=\"recordOutboundLink(this, 'E-mail', 'Description mail');return false;\"> Kontakt za dostavo<\/a>[\/vc_column_text][vc_separator color=&#8221;black&#8221; border_width=&#8221;2&#8243;]<\/p>\n<p>[\/vc_column][\/vc_row]<\/p>\n","protected":false},"excerpt":{"rendered":"<p>3D stenske kerami\u010dne plo\u0161\u010dice 15x15x0,9 cm<\/p>\n","protected":false},"featured_media":111569,"template":"","meta":[],"product_cat":[200,230,9991370,999,250],"product_tag":[99921971,99921974,99921978],"_links":{"self":[{"href":"https:\/\/www.keramika.com\/slovenija\/wp-json\/wp\/v2\/product\/103544"}],"collection":[{"href":"https:\/\/www.keramika.com\/slovenija\/wp-json\/wp\/v2\/product"}],"about":[{"href":"https:\/\/www.keramika.com\/slovenija\/wp-json\/wp\/v2\/types\/product"}],"wp:featuredmedia":[{"embeddable":true,"href":"https:\/\/www.keramika.com\/slovenija\/wp-json\/wp\/v2\/media\/111569"}],"wp:attachment":[{"href":"https:\/\/www.keramika.com\/slovenija\/wp-json\/wp\/v2\/media?parent=103544"}],"wp:term":[{"taxonomy":"product_cat","embeddable":true,"href":"https:\/\/www.keramika.com\/slovenija\/wp-json\/wp\/v2\/product_cat?post=103544"},{"taxonomy":"product_tag","embeddable":true,"href":"https:\/\/www.keramika.com\/slovenija\/wp-json\/wp\/v2\/product_tag?post=103544"}],"curies":[{"name":"wp","href":"https:\/\/api.w.org\/{rel}","templated":true}]}}