{"id":103526,"date":"2017-03-22T23:41:33","date_gmt":"2017-03-22T23:41:33","guid":{"rendered":"http:\/\/keramika.holest.com\/slovenija\/product\/kuhinjske-ploscice-rojo\/"},"modified":"2026-01-03T00:00:39","modified_gmt":"2026-01-03T00:00:39","slug":"kuhinjske-ploscice-rojo","status":"publish","type":"product","link":"https:\/\/www.keramika.com\/slovenija\/kuhinjske-ploscice-rojo\/","title":{"rendered":"Kuhinjske plo\u0161\u010dice rojo"},"content":{"rendered":"<p>Velikost te plo\u0161\u010dice je 20&#215;20 cm in je primerna za razli\u010dne povr\u0161ine. Keramika v rde\u010di barvi popestri vsak prostor. To plo\u0161\u010dico je izdelal proizvajalec Mainzu Ceramica, ki prihaja iz \u0160panije. V redni prodaji bi morali za to plo\u0161\u010dico od\u0161teti 63 EUR, spletna cena pa zna\u0161a le 50,4 EUR. Ta plo\u0161\u010dica je debela 9 mm in je zelo trpe\u017ena.<\/p>\n<p>Kliknite na ime kolekcije za ogled vseh plo\u0161\u010dic iz te serije: <a class=\"pdfcatal\" href=\"\/\/www.ceramictiles.com\/pdf\/mainzu\/catalogue_mainzu_tiles_new_origins.pdf\" onclick=\"recordOutboundLink(this, 'E-mail', 'Description PDF');return false;\">Mainzu Ceramica New Origins<\/a><\/p>\n<p>\u010ce \u017eelite naro\u010diti model iz pdf kataloga te kolekcije, nam pi\u0161ite na: <a href=\"mailto:keramoteka.salon@gmail.com\" onclick=\"recordOutboundLink(this, 'E-mail', 'Description mail');return false;\">keramoteka.salon@gmail.com<\/a> ali pa nas pokli\u010dite na: 031 255 900.<\/p>\n<p><a class=\"pdfcatal\" href=\"\/\/www.ceramictiles.com\/pdf\/e-ceramica\/catalogue_of_kitchen_tiles.pdf\"> Kuhinjska keramika katalog<\/a><\/p>\n","protected":false},"excerpt":{"rendered":"<p>Velikost te plo\u0161\u010dice je 20&#215;20 cm in je primerna za razli\u010dne povr\u0161ine. Keramika v rde\u010di barvi popestri vsak prostor. To plo\u0161\u010dico je izdelal proizvajalec Mainzu Ceramica, ki prihaja iz \u0160panije. V redni prodaji bi morali za to plo\u0161\u010dico od\u0161teti 63 EUR, spletna cena pa zna\u0161a le 50,4 EUR. Ta plo\u0161\u010dica je debela 9 mm in [&hellip;]<\/p>\n","protected":false},"featured_media":103527,"template":"","meta":[],"product_cat":[200,230,9991370,999,250],"product_tag":[],"_links":{"self":[{"href":"https:\/\/www.keramika.com\/slovenija\/wp-json\/wp\/v2\/product\/103526"}],"collection":[{"href":"https:\/\/www.keramika.com\/slovenija\/wp-json\/wp\/v2\/product"}],"about":[{"href":"https:\/\/www.keramika.com\/slovenija\/wp-json\/wp\/v2\/types\/product"}],"wp:featuredmedia":[{"embeddable":true,"href":"https:\/\/www.keramika.com\/slovenija\/wp-json\/wp\/v2\/media\/103527"}],"wp:attachment":[{"href":"https:\/\/www.keramika.com\/slovenija\/wp-json\/wp\/v2\/media?parent=103526"}],"wp:term":[{"taxonomy":"product_cat","embeddable":true,"href":"https:\/\/www.keramika.com\/slovenija\/wp-json\/wp\/v2\/product_cat?post=103526"},{"taxonomy":"product_tag","embeddable":true,"href":"https:\/\/www.keramika.com\/slovenija\/wp-json\/wp\/v2\/product_tag?post=103526"}],"curies":[{"name":"wp","href":"https:\/\/api.w.org\/{rel}","templated":true}]}}