{"id":103524,"date":"2017-03-22T23:41:30","date_gmt":"2017-03-22T23:41:30","guid":{"rendered":"http:\/\/keramika.holest.com\/slovenija\/product\/imitacija-kamna-za-kuhinjo-muro\/"},"modified":"2026-01-03T00:00:39","modified_gmt":"2026-01-03T00:00:39","slug":"imitacija-kamna-za-kuhinjo-muro","status":"publish","type":"product","link":"https:\/\/www.keramika.com\/slovenija\/imitacija-kamna-za-kuhinjo-muro\/","title":{"rendered":"Imitacija kamna za kuhinjo Muro"},"content":{"rendered":"<p>Namesto 30,12 EUR kot bi za to plo\u0161\u010dico od\u0161teli v klasi\u010dni trgovini, boste v na\u0161i spletni prodajalni od\u0161teli le 24,1 EUR. Velikost te plo\u0161\u010dice je 15&#215;30 cm in je primerna za razli\u010dne povr\u0161ine. Debelina kar 8 mm dela to plo\u0161\u010dico zelo trpe\u017eno in presti\u017eno na otip. Mainzu tiles Muro gris je pripeljana iz \u0160panije in je zelo kvalitetna. Ta kerami\u010dna plo\u0161\u010dica v \u010dudoviti sivi barvi bo obogatila vsak prostor.<\/p>\n<p>Kliknite na ime kolekcije za ogled vseh plo\u0161\u010dic iz te serije: <a class=\"pdfcatal\" href=\"\/\/www.ceramictiles.com\/pdf\/mainzu\/catalogue_mainzu_tiles_muro.pdf\" onclick=\"recordOutboundLink(this, 'E-mail', 'Description PDF');return false;\">Mainzu Ceramica Muro<\/a><\/p>\n<p>\u010ce \u017eelite naro\u010diti model iz pdf kataloga te kolekcije, nam pi\u0161ite na: <a href=\"mailto:keramoteka.salon@gmail.com\" onclick=\"recordOutboundLink(this, 'E-mail', 'Description mail');return false;\">keramoteka.salon@gmail.com<\/a> ali pa nas pokli\u010dite na: 031 255 900.<\/p>\n<p><a class=\"pdfcatal\" href=\"\/\/www.ceramictiles.com\/pdf\/e-ceramica\/catalogue_of_kitchen_tiles.pdf\"> Kuhinjska keramika katalog<\/a><\/p>\n","protected":false},"excerpt":{"rendered":"<p>Namesto 30,12 EUR kot bi za to plo\u0161\u010dico od\u0161teli v klasi\u010dni trgovini, boste v na\u0161i spletni prodajalni od\u0161teli le 24,1 EUR. Velikost te plo\u0161\u010dice je 15&#215;30 cm in je primerna za razli\u010dne povr\u0161ine. Debelina kar 8 mm dela to plo\u0161\u010dico zelo trpe\u017eno in presti\u017eno na otip. Mainzu tiles Muro gris je pripeljana iz \u0160panije in [&hellip;]<\/p>\n","protected":false},"featured_media":103525,"template":"","meta":[],"product_cat":[200,230,9991370,999,250],"product_tag":[],"_links":{"self":[{"href":"https:\/\/www.keramika.com\/slovenija\/wp-json\/wp\/v2\/product\/103524"}],"collection":[{"href":"https:\/\/www.keramika.com\/slovenija\/wp-json\/wp\/v2\/product"}],"about":[{"href":"https:\/\/www.keramika.com\/slovenija\/wp-json\/wp\/v2\/types\/product"}],"wp:featuredmedia":[{"embeddable":true,"href":"https:\/\/www.keramika.com\/slovenija\/wp-json\/wp\/v2\/media\/103525"}],"wp:attachment":[{"href":"https:\/\/www.keramika.com\/slovenija\/wp-json\/wp\/v2\/media?parent=103524"}],"wp:term":[{"taxonomy":"product_cat","embeddable":true,"href":"https:\/\/www.keramika.com\/slovenija\/wp-json\/wp\/v2\/product_cat?post=103524"},{"taxonomy":"product_tag","embeddable":true,"href":"https:\/\/www.keramika.com\/slovenija\/wp-json\/wp\/v2\/product_tag?post=103524"}],"curies":[{"name":"wp","href":"https:\/\/api.w.org\/{rel}","templated":true}]}}