{"id":103490,"date":"2018-01-13T23:40:31","date_gmt":"2018-01-13T23:40:31","guid":{"rendered":"http:\/\/keramika.holest.com\/slovenija\/product\/kuhinjske-ploscice-20x20-modre\/"},"modified":"2026-01-03T00:00:34","modified_gmt":"2026-01-03T00:00:34","slug":"kuhinjske-ploscice-20x20-modre","status":"publish","type":"product","link":"https:\/\/www.keramika.com\/slovenija\/kuhinjske-ploscice-20x20-modre\/","title":{"rendered":"Kuhinjske plo\u0161\u010dice 20&#215;20 modre"},"content":{"rendered":"<p>HD stenske plo\u0161\u010dice polsijajne<br \/>\nDecor Medievo 20X20 (M \u00b7 220) 8 &#8220;X8&#8221; &#8211; 11 razli\u010dnih stenskih plo\u0161\u010dic v naklju\u010dnem me\u0161anju<br \/>\nDecor Socarrat 20X20 (M \u00b7 220) 8 &#8220;X8&#8221; &#8211; 6 razli\u010dnih stenskih plo\u0161\u010dic v naklju\u010dnem me\u0161anju<br \/>\nDecor Solferino 20X20 (M \u00b7 220) 8 &#8220;X8&#8221; &#8211; 4 razli\u010dne stenske plo\u0161\u010dice<br \/>\nTa model plo\u0161\u010dice se najbolje prodaja v modri barvi. Dimenzije te plo\u0161\u010dice so 20&#215;20 cm. Redna cena te plo\u0161\u010dice v maloprodaji zna\u0161a 30,12 EUR, v na\u0161i spletni trgovini pa jo lahko dobite \u017ee za 24,1 EUR. Debelina kar 9 mm dela to plo\u0161\u010dico zelo trpe\u017eno in presti\u017eno na otip. Ta plo\u0161\u010dica prihaja iz \u0160panije, ki je znana po kvalitetni keramiki.<\/p>\n<p>Kliknite na ime kolekcije za ogled vseh plo\u0161\u010dic iz te serije: <a class=\"pdfcatal\" href=\"\/\/www.ceramictiles.com\/pdf\/mainzu\/catalogue_mainzu_tiles_bolonia.pdf\" onclick=\"recordOutboundLink(this, 'E-mail', 'Description PDF');return false;\">Mainzu Ceramica Bolonia<\/a><\/p>\n<p>\u010ce \u017eelite naro\u010diti model iz pdf kataloga te kolekcije, nam pi\u0161ite na: <a href=\"mailto:keramoteka.salon@gmail.com\" onclick=\"recordOutboundLink(this, 'E-mail', 'Description mail');return false;\">keramoteka.salon@gmail.com<\/a> ali pa nas pokli\u010dite na: 031 255 900.<\/p>\n<p><a class=\"pdfcatal\" href=\"\/\/www.ceramictiles.com\/pdf\/e-ceramica\/catalogue_of_kitchen_tiles.pdf\"> Kuhinjska keramika katalog<\/a><\/p>\n<p>[vc_row][vc_column width=&#8221;1\/3&#8243;][vc_single_image source=&#8221;external_link&#8221; onclick=&#8221;link_image&#8221; custom_src=&#8221;https:\/\/www.ceramictiles.com\/images\/mainzu\/mainzu_bolonia_blanco_20x20.jpg&#8221; el_class=&#8221;eheight&#8221;][vc_column_text]<strong>Bolonia Blanco<\/strong><br \/><a class=\"pdfcatal\" href=\"\/\/www.ceramictiles.com\/pdf\/catalogue_mainzu.pdf\" onclick=\"recordOutboundLink(this, 'E-mail', 'Description PDF');return false;\"> PDF Zbirni katalog<\/a><\/a><br \/>20&#215;20<br \/><a href=\"mailto:keramoteka.salon@gmail.com\" onclick=\"recordOutboundLink(this, 'E-mail', 'Description mail');return false;\"> Kontakt za dostavo<\/a>[\/vc_column_text][vc_separator color=&#8221;black&#8221; border_width=&#8221;2&#8243;]<br \/>\n[\/vc_column][vc_column width=&#8221;1\/3&#8243;][vc_single_image source=&#8221;external_link&#8221; onclick=&#8221;link_image&#8221; custom_src=&#8221;https:\/\/www.ceramictiles.com\/images\/mainzu\/mainzu_bolonia_blue_20x20.jpg&#8221; el_class=&#8221;eheight&#8221;][vc_column_text]<strong>Bolonia Blue<\/strong><br \/><a class=\"pdfcatal\" href=\"\/\/www.ceramictiles.com\/pdf\/catalogue_mainzu.pdf\" onclick=\"recordOutboundLink(this, 'E-mail', 'Description PDF');return false;\"> PDF Zbirni katalog<\/a><\/a><br \/>20&#215;20<br \/><a href=\"mailto:keramoteka.salon@gmail.com\" onclick=\"recordOutboundLink(this, 'E-mail', 'Description mail');return false;\"> Kontakt za dostavo<\/a>[\/vc_column_text][vc_separator color=&#8221;black&#8221; border_width=&#8221;2&#8243;]<br \/>\n[\/vc_column][vc_column width=&#8221;1\/3&#8243;][vc_single_image source=&#8221;external_link&#8221; onclick=&#8221;link_image&#8221; custom_src=&#8221;https:\/\/www.ceramictiles.com\/images\/mainzu\/mainzu_bolonia_cotto_20x20.jpg&#8221; el_class=&#8221;eheight&#8221;][vc_column_text]<strong>Bolonia Cotto<\/strong><br \/><a class=\"pdfcatal\" href=\"\/\/www.ceramictiles.com\/pdf\/catalogue_mainzu.pdf\" onclick=\"recordOutboundLink(this, 'E-mail', 'Description PDF');return false;\"> PDF Zbirni katalog<\/a><\/a><br \/>20&#215;20<br \/><a href=\"mailto:keramoteka.salon@gmail.com\" onclick=\"recordOutboundLink(this, 'E-mail', 'Description mail');return false;\"> Kontakt za dostavo<\/a>[\/vc_column_text][vc_separator color=&#8221;black&#8221; border_width=&#8221;2&#8243;]<br \/>\n[\/vc_column][vc_column width=&#8221;1\/3&#8243;][vc_single_image source=&#8221;external_link&#8221; onclick=&#8221;link_image&#8221; custom_src=&#8221;https:\/\/www.ceramictiles.com\/images\/mainzu\/mainzu_bolonia_ocre_20x20.jpg&#8221; el_class=&#8221;eheight&#8221;][vc_column_text]<strong>Bolonia Ocre<\/strong><br \/><a class=\"pdfcatal\" href=\"\/\/www.ceramictiles.com\/pdf\/catalogue_mainzu.pdf\" onclick=\"recordOutboundLink(this, 'E-mail', 'Description PDF');return false;\"> PDF Zbirni katalog<\/a><\/a><br \/>20&#215;20<br \/><a href=\"mailto:keramoteka.salon@gmail.com\" onclick=\"recordOutboundLink(this, 'E-mail', 'Description mail');return false;\"> Kontakt za dostavo<\/a>[\/vc_column_text][vc_separator color=&#8221;black&#8221; border_width=&#8221;2&#8243;]<br \/>\n[\/vc_column][vc_column width=&#8221;1\/3&#8243;][vc_single_image source=&#8221;external_link&#8221; onclick=&#8221;link_image&#8221; custom_src=&#8221;https:\/\/www.ceramictiles.com\/images\/mainzu\/mainzu_decor_medievo_20x20.jpg&#8221; el_class=&#8221;eheight&#8221;][vc_column_text]<strong>Decor Medievo<\/strong><br \/><a class=\"pdfcatal\" href=\"\/\/www.ceramictiles.com\/pdf\/catalogue_mainzu.pdf\" onclick=\"recordOutboundLink(this, 'E-mail', 'Description PDF');return false;\"> PDF Zbirni katalog<\/a><\/a><br \/>20&#215;20<br \/><a href=\"mailto:keramoteka.salon@gmail.com\" onclick=\"recordOutboundLink(this, 'E-mail', 'Description mail');return false;\"> Kontakt za dostavo<\/a>[\/vc_column_text][vc_separator color=&#8221;black&#8221; border_width=&#8221;2&#8243;]<br \/>\n[\/vc_column][vc_column width=&#8221;1\/3&#8243;][vc_single_image source=&#8221;external_link&#8221; onclick=&#8221;link_image&#8221; custom_src=&#8221;https:\/\/www.ceramictiles.com\/images\/mainzu\/mainzu_decor_miramonte_20x20.jpg&#8221; el_class=&#8221;eheight&#8221;][vc_column_text]<strong>Decor Miramonte<\/strong><br \/><a class=\"pdfcatal\" href=\"\/\/www.ceramictiles.com\/pdf\/catalogue_mainzu.pdf\" onclick=\"recordOutboundLink(this, 'E-mail', 'Description PDF');return false;\"> PDF Zbirni katalog<\/a><\/a><br \/>20&#215;20<br \/><a href=\"mailto:keramoteka.salon@gmail.com\" onclick=\"recordOutboundLink(this, 'E-mail', 'Description mail');return false;\"> Kontakt za dostavo<\/a>[\/vc_column_text][vc_separator color=&#8221;black&#8221; border_width=&#8221;2&#8243;]<br \/>\n[\/vc_column][vc_column width=&#8221;1\/3&#8243;][vc_single_image source=&#8221;external_link&#8221; onclick=&#8221;link_image&#8221; custom_src=&#8221;https:\/\/www.ceramictiles.com\/images\/mainzu\/mainzu_decor_socarrat_20x20.jpg&#8221; el_class=&#8221;eheight&#8221;][vc_column_text]<strong>Decor Socarrat<\/strong><br \/><a class=\"pdfcatal\" href=\"\/\/www.ceramictiles.com\/pdf\/catalogue_mainzu.pdf\" onclick=\"recordOutboundLink(this, 'E-mail', 'Description PDF');return false;\"> PDF Zbirni katalog<\/a><\/a><br \/>20&#215;20<br \/><a href=\"mailto:keramoteka.salon@gmail.com\" onclick=\"recordOutboundLink(this, 'E-mail', 'Description mail');return false;\"> Kontakt za dostavo<\/a>[\/vc_column_text][vc_separator color=&#8221;black&#8221; border_width=&#8221;2&#8243;]<br \/>\n[\/vc_column][vc_column width=&#8221;1\/3&#8243;][vc_single_image source=&#8221;external_link&#8221; onclick=&#8221;link_image&#8221; custom_src=&#8221;https:\/\/www.ceramictiles.com\/images\/mainzu\/mainzu_decor_solferino_20x20.jpg&#8221; el_class=&#8221;eheight&#8221;][vc_column_text]<strong>Decor Solferino<\/strong><br \/><a class=\"pdfcatal\" href=\"\/\/www.ceramictiles.com\/pdf\/catalogue_mainzu.pdf\" onclick=\"recordOutboundLink(this, 'E-mail', 'Description PDF');return false;\"> PDF Zbirni katalog<\/a><\/a><br \/>20&#215;20<br \/><a href=\"mailto:keramoteka.salon@gmail.com\" onclick=\"recordOutboundLink(this, 'E-mail', 'Description mail');return false;\"> Kontakt za dostavo<\/a>[\/vc_column_text][vc_separator color=&#8221;black&#8221; border_width=&#8221;2&#8243;]<\/p>\n<p>[\/vc_column][\/vc_row]<\/p>\n","protected":false},"excerpt":{"rendered":"<p>Serija Mainzu Bolonia v debelini 9 mm<\/p>\n","protected":false},"featured_media":103491,"template":"","meta":[],"product_cat":[200,220,230,9991370,999,250],"product_tag":[99921974,99921978,99921980],"_links":{"self":[{"href":"https:\/\/www.keramika.com\/slovenija\/wp-json\/wp\/v2\/product\/103490"}],"collection":[{"href":"https:\/\/www.keramika.com\/slovenija\/wp-json\/wp\/v2\/product"}],"about":[{"href":"https:\/\/www.keramika.com\/slovenija\/wp-json\/wp\/v2\/types\/product"}],"wp:featuredmedia":[{"embeddable":true,"href":"https:\/\/www.keramika.com\/slovenija\/wp-json\/wp\/v2\/media\/103491"}],"wp:attachment":[{"href":"https:\/\/www.keramika.com\/slovenija\/wp-json\/wp\/v2\/media?parent=103490"}],"wp:term":[{"taxonomy":"product_cat","embeddable":true,"href":"https:\/\/www.keramika.com\/slovenija\/wp-json\/wp\/v2\/product_cat?post=103490"},{"taxonomy":"product_tag","embeddable":true,"href":"https:\/\/www.keramika.com\/slovenija\/wp-json\/wp\/v2\/product_tag?post=103490"}],"curies":[{"name":"wp","href":"https:\/\/api.w.org\/{rel}","templated":true}]}}