{"id":103476,"date":"2017-03-22T23:40:08","date_gmt":"2017-03-22T23:40:08","guid":{"rendered":"http:\/\/keramika.holest.com\/slovenija\/product\/undefasa-graphic-blanco-2\/"},"modified":"2026-01-03T00:00:33","modified_gmt":"2026-01-03T00:00:33","slug":"undefasa-graphic-blanco-2","status":"publish","type":"product","link":"https:\/\/www.keramika.com\/slovenija\/undefasa-graphic-blanco-2\/","title":{"rendered":"Undefasa graphic blanco"},"content":{"rendered":"<p>Undefasa graphic blanco je na voljo po zelo ugodni ceni 14,67 EUR. Ta plo\u0161\u010dica je debela 7 mm in je zelo trpe\u017ena. Velikost te plo\u0161\u010dice je 20&#215;20 cm in je primerna za razli\u010dne povr\u0161ine. Undefasa graphic blanco je pripeljana iz \u0160panije in je zelo kvalitetna. Pri izbiri plo\u0161\u010dice v beli barvi ne morete zgre\u0161iti.<\/p>\n<p>Kliknite na ime kolekcije za ogled vseh plo\u0161\u010dic iz te serije: <a class=\"pdfcatal\" href=\"\/\/www.ceramictiles.com\/pdf\/undefasa\/catalogue_undefasa_zaphire.pdf\" onclick=\"recordOutboundLink(this, 'E-mail', 'Description PDF');return false;\">Undefasa Ceramica Zaphire<\/a><\/p>\n<p>\u010ce \u017eelite naro\u010diti model iz pdf kataloga te kolekcije, nam pi\u0161ite na: <a href=\"mailto:keramoteka.salon@gmail.com\" onclick=\"recordOutboundLink(this, 'E-mail', 'Description mail');return false;\">keramoteka.salon@gmail.com<\/a> ali pa nas pokli\u010dite na: 031 255 900.<\/p>\n","protected":false},"excerpt":{"rendered":"<p>Undefasa graphic blanco je na voljo po zelo ugodni ceni 14,67 EUR. Ta plo\u0161\u010dica je debela 7 mm in je zelo trpe\u017ena. Velikost te plo\u0161\u010dice je 20&#215;20 cm in je primerna za razli\u010dne povr\u0161ine. Undefasa graphic blanco je pripeljana iz \u0160panije in je zelo kvalitetna. Pri izbiri plo\u0161\u010dice v beli barvi ne morete zgre\u0161iti. Kliknite [&hellip;]<\/p>\n","protected":false},"featured_media":103477,"template":"","meta":[],"product_cat":[200,230,999,250,9991688],"product_tag":[],"_links":{"self":[{"href":"https:\/\/www.keramika.com\/slovenija\/wp-json\/wp\/v2\/product\/103476"}],"collection":[{"href":"https:\/\/www.keramika.com\/slovenija\/wp-json\/wp\/v2\/product"}],"about":[{"href":"https:\/\/www.keramika.com\/slovenija\/wp-json\/wp\/v2\/types\/product"}],"wp:featuredmedia":[{"embeddable":true,"href":"https:\/\/www.keramika.com\/slovenija\/wp-json\/wp\/v2\/media\/103477"}],"wp:attachment":[{"href":"https:\/\/www.keramika.com\/slovenija\/wp-json\/wp\/v2\/media?parent=103476"}],"wp:term":[{"taxonomy":"product_cat","embeddable":true,"href":"https:\/\/www.keramika.com\/slovenija\/wp-json\/wp\/v2\/product_cat?post=103476"},{"taxonomy":"product_tag","embeddable":true,"href":"https:\/\/www.keramika.com\/slovenija\/wp-json\/wp\/v2\/product_tag?post=103476"}],"curies":[{"name":"wp","href":"https:\/\/api.w.org\/{rel}","templated":true}]}}