{"id":103474,"date":"2017-03-22T23:40:04","date_gmt":"2017-03-22T23:40:04","guid":{"rendered":"http:\/\/keramika.holest.com\/slovenija\/product\/undefasa-ploscice-yucatan-beige\/"},"modified":"2026-01-03T00:00:32","modified_gmt":"2026-01-03T00:00:32","slug":"undefasa-ploscice-yucatan-beige","status":"publish","type":"product","link":"https:\/\/www.keramika.com\/slovenija\/undefasa-ploscice-yucatan-beige\/","title":{"rendered":"Undefasa plo\u0161\u010dice yucatan beige"},"content":{"rendered":"<p>9 mm debeline je dovolj tudi za zahtevnej\u0161e kupce. Namesto 18,31 EUR kot bi za to plo\u0161\u010dico od\u0161teli v klasi\u010dni trgovini, boste v na\u0161i spletni prodajalni od\u0161teli le 14,65 EUR. Z velikostjo 41&#215;41 cm je ta plo\u0161\u010dica primerna ze razli\u010dne povr\u0161ine. Pri izbiri plo\u0161\u010dice v be\u017e barvi ne morete zgre\u0161iti. Prihaja iz \u0160panije, ki po svetu slovi kot ena bolj\u0161ih proizvajalk kerami\u010dnih plo\u0161\u010dic.<\/p>\n<p>Kliknite na ime kolekcije za ogled vseh plo\u0161\u010dic iz te serije: <a class=\"pdfcatal\" href=\"\/\/www.ceramictiles.com\/pdf\/undefasa\/catalogue_undefasa_yucatan.pdf\" onclick=\"recordOutboundLink(this, 'E-mail', 'Description PDF');return false;\">Undefasa Ceramica Yucatan<\/a><\/p>\n<p>\u010ce \u017eelite naro\u010diti model iz pdf kataloga te kolekcije, nam pi\u0161ite na: <a href=\"mailto:keramoteka.salon@gmail.com\" onclick=\"recordOutboundLink(this, 'E-mail', 'Description mail');return false;\">keramoteka.salon@gmail.com<\/a> ali pa nas pokli\u010dite na: 031 255 900.<\/p>\n","protected":false},"excerpt":{"rendered":"<p>9 mm debeline je dovolj tudi za zahtevnej\u0161e kupce. Namesto 18,31 EUR kot bi za to plo\u0161\u010dico od\u0161teli v klasi\u010dni trgovini, boste v na\u0161i spletni prodajalni od\u0161teli le 14,65 EUR. Z velikostjo 41&#215;41 cm je ta plo\u0161\u010dica primerna ze razli\u010dne povr\u0161ine. Pri izbiri plo\u0161\u010dice v be\u017e barvi ne morete zgre\u0161iti. Prihaja iz \u0160panije, ki po [&hellip;]<\/p>\n","protected":false},"featured_media":103475,"template":"","meta":[],"product_cat":[200,999,290,240,9991688],"product_tag":[],"_links":{"self":[{"href":"https:\/\/www.keramika.com\/slovenija\/wp-json\/wp\/v2\/product\/103474"}],"collection":[{"href":"https:\/\/www.keramika.com\/slovenija\/wp-json\/wp\/v2\/product"}],"about":[{"href":"https:\/\/www.keramika.com\/slovenija\/wp-json\/wp\/v2\/types\/product"}],"wp:featuredmedia":[{"embeddable":true,"href":"https:\/\/www.keramika.com\/slovenija\/wp-json\/wp\/v2\/media\/103475"}],"wp:attachment":[{"href":"https:\/\/www.keramika.com\/slovenija\/wp-json\/wp\/v2\/media?parent=103474"}],"wp:term":[{"taxonomy":"product_cat","embeddable":true,"href":"https:\/\/www.keramika.com\/slovenija\/wp-json\/wp\/v2\/product_cat?post=103474"},{"taxonomy":"product_tag","embeddable":true,"href":"https:\/\/www.keramika.com\/slovenija\/wp-json\/wp\/v2\/product_tag?post=103474"}],"curies":[{"name":"wp","href":"https:\/\/api.w.org\/{rel}","templated":true}]}}