{"id":103472,"date":"2017-03-22T23:40:01","date_gmt":"2017-03-22T23:40:01","guid":{"rendered":"http:\/\/keramika.holest.com\/slovenija\/product\/undefasa-decorado-urban-art\/"},"modified":"2026-01-03T00:00:32","modified_gmt":"2026-01-03T00:00:32","slug":"undefasa-decorado-urban-art","status":"publish","type":"product","link":"https:\/\/www.keramika.com\/slovenija\/undefasa-decorado-urban-art\/","title":{"rendered":"Undefasa decorado urban art"},"content":{"rendered":"<p>Letos so plo\u0161\u010dice v sivi barvi zelo za\u017eeljene. Ta plo\u0161\u010dica je debela 9 mm in je zelo trpe\u017ena. Ta plo\u0161\u010dica prihaja iz \u0160panije, ki je znana po kvalitetni keramiki. Zaradi ni\u017ejih stro\u0161kov pri spletni prodaji boste na na\u0161i strani za to plo\u0161\u010dico od\u0161teli le 29,21 EUR. Dimenzije te plo\u0161\u010dice so 33&#215;60 cm.<\/p>\n<p>Kliknite na ime kolekcije za ogled vseh plo\u0161\u010dic iz te serije: <a class=\"pdfcatal\" href=\"\/\/www.ceramictiles.com\/pdf\/undefasa\/catalogue_undefasa_urban_art.pdf\" onclick=\"recordOutboundLink(this, 'E-mail', 'Description PDF');return false;\">Undefasa Ceramica Urban Art<\/a><\/p>\n<p>\u010ce \u017eelite naro\u010diti model iz pdf kataloga te kolekcije, nam pi\u0161ite na: <a href=\"mailto:keramoteka.salon@gmail.com\" onclick=\"recordOutboundLink(this, 'E-mail', 'Description mail');return false;\">keramoteka.salon@gmail.com<\/a> ali pa nas pokli\u010dite na: 031 255 900.<\/p>\n","protected":false},"excerpt":{"rendered":"<p>Letos so plo\u0161\u010dice v sivi barvi zelo za\u017eeljene. Ta plo\u0161\u010dica je debela 9 mm in je zelo trpe\u017ena. Ta plo\u0161\u010dica prihaja iz \u0160panije, ki je znana po kvalitetni keramiki. Zaradi ni\u017ejih stro\u0161kov pri spletni prodaji boste na na\u0161i strani za to plo\u0161\u010dico od\u0161teli le 29,21 EUR. Dimenzije te plo\u0161\u010dice so 33&#215;60 cm. Kliknite na ime [&hellip;]<\/p>\n","protected":false},"featured_media":103473,"template":"","meta":[],"product_cat":[200,230,999,250,9991688],"product_tag":[],"_links":{"self":[{"href":"https:\/\/www.keramika.com\/slovenija\/wp-json\/wp\/v2\/product\/103472"}],"collection":[{"href":"https:\/\/www.keramika.com\/slovenija\/wp-json\/wp\/v2\/product"}],"about":[{"href":"https:\/\/www.keramika.com\/slovenija\/wp-json\/wp\/v2\/types\/product"}],"wp:featuredmedia":[{"embeddable":true,"href":"https:\/\/www.keramika.com\/slovenija\/wp-json\/wp\/v2\/media\/103473"}],"wp:attachment":[{"href":"https:\/\/www.keramika.com\/slovenija\/wp-json\/wp\/v2\/media?parent=103472"}],"wp:term":[{"taxonomy":"product_cat","embeddable":true,"href":"https:\/\/www.keramika.com\/slovenija\/wp-json\/wp\/v2\/product_cat?post=103472"},{"taxonomy":"product_tag","embeddable":true,"href":"https:\/\/www.keramika.com\/slovenija\/wp-json\/wp\/v2\/product_tag?post=103472"}],"curies":[{"name":"wp","href":"https:\/\/api.w.org\/{rel}","templated":true}]}}