{"id":103464,"date":"2017-03-22T23:39:47","date_gmt":"2017-03-22T23:39:47","guid":{"rendered":"http:\/\/keramika.holest.com\/slovenija\/product\/undefasa-ploscice-spring-violeta\/"},"modified":"2026-01-03T00:00:31","modified_gmt":"2026-01-03T00:00:31","slug":"undefasa-ploscice-spring-violeta","status":"publish","type":"product","link":"https:\/\/www.keramika.com\/slovenija\/undefasa-ploscice-spring-violeta\/","title":{"rendered":"Undefasa plo\u0161\u010dice spring violeta"},"content":{"rendered":"<p>Undefasa gres spring violeta je plo\u0161\u010dica proizvajalca Undefasa Ceramica in prihaja iz \u0160panije. Na spletu boste za to plo\u0161\u010dico od\u0161teli le 13,82 EUR, medtem ko v redni prodaji cena zna\u0161a 17,28 EUR. Keramika v modri barvi popestri vsak prostor. 9 mm je debelina, ki zadovolji tudi zahtevnej\u0161e kupce. Z velikostjo 33&#215;33 cm je ta plo\u0161\u010dica primerna ze razli\u010dne povr\u0161ine.<\/p>\n<p>Kliknite na ime kolekcije za ogled vseh plo\u0161\u010dic iz te serije: <a class=\"pdfcatal\" href=\"\/\/www.ceramictiles.com\/pdf\/undefasa\/catalogue_undefasa_sunny.pdf\" onclick=\"recordOutboundLink(this, 'E-mail', 'Description PDF');return false;\">Undefasa Ceramica Sunny<\/a><\/p>\n<p>\u010ce \u017eelite naro\u010diti model iz pdf kataloga te kolekcije, nam pi\u0161ite na: <a href=\"mailto:keramoteka.salon@gmail.com\" onclick=\"recordOutboundLink(this, 'E-mail', 'Description mail');return false;\">keramoteka.salon@gmail.com<\/a> ali pa nas pokli\u010dite na: 031 255 900.<\/p>\n","protected":false},"excerpt":{"rendered":"<p>Undefasa gres spring violeta je plo\u0161\u010dica proizvajalca Undefasa Ceramica in prihaja iz \u0160panije. Na spletu boste za to plo\u0161\u010dico od\u0161teli le 13,82 EUR, medtem ko v redni prodaji cena zna\u0161a 17,28 EUR. Keramika v modri barvi popestri vsak prostor. 9 mm je debelina, ki zadovolji tudi zahtevnej\u0161e kupce. Z velikostjo 33&#215;33 cm je ta plo\u0161\u010dica [&hellip;]<\/p>\n","protected":false},"featured_media":103465,"template":"","meta":[],"product_cat":[200,220,999,240,9991688],"product_tag":[],"_links":{"self":[{"href":"https:\/\/www.keramika.com\/slovenija\/wp-json\/wp\/v2\/product\/103464"}],"collection":[{"href":"https:\/\/www.keramika.com\/slovenija\/wp-json\/wp\/v2\/product"}],"about":[{"href":"https:\/\/www.keramika.com\/slovenija\/wp-json\/wp\/v2\/types\/product"}],"wp:featuredmedia":[{"embeddable":true,"href":"https:\/\/www.keramika.com\/slovenija\/wp-json\/wp\/v2\/media\/103465"}],"wp:attachment":[{"href":"https:\/\/www.keramika.com\/slovenija\/wp-json\/wp\/v2\/media?parent=103464"}],"wp:term":[{"taxonomy":"product_cat","embeddable":true,"href":"https:\/\/www.keramika.com\/slovenija\/wp-json\/wp\/v2\/product_cat?post=103464"},{"taxonomy":"product_tag","embeddable":true,"href":"https:\/\/www.keramika.com\/slovenija\/wp-json\/wp\/v2\/product_tag?post=103464"}],"curies":[{"name":"wp","href":"https:\/\/api.w.org\/{rel}","templated":true}]}}