{"id":103462,"date":"2017-03-22T23:39:44","date_gmt":"2017-03-22T23:39:44","guid":{"rendered":"http:\/\/keramika.holest.com\/slovenija\/product\/undefasa-stoner\/"},"modified":"2026-01-03T00:00:31","modified_gmt":"2026-01-03T00:00:31","slug":"undefasa-stoner","status":"publish","type":"product","link":"https:\/\/www.keramika.com\/slovenija\/undefasa-stoner\/","title":{"rendered":"Undefasa stoner"},"content":{"rendered":"<p>Plo\u0161\u010dica je debela kar 9 mm, kar jo uvr\u0161\u010da med bolj trde plo\u0161\u010dice. Ta plo\u0161\u010dica prihaja iz \u0160panije, ki je znana po kvalitetni keramiki. Redna cena te plo\u0161\u010dice v maloprodaji zna\u0161a 33,07 EUR, v na\u0161i spletni trgovini pa jo lahko dobite \u017ee za 26,46 EUR. Keramika v be\u017e barvi popestri vsak prostor. Dimenzije te plo\u0161\u010dice so 33&#215;60 cm.<\/p>\n<p>Kliknite na ime kolekcije za ogled vseh plo\u0161\u010dic iz te serije: <a class=\"pdfcatal\" href=\"\/\/www.ceramictiles.com\/pdf\/undefasa\/catalogue_undefasa_stoner.pdf\" onclick=\"recordOutboundLink(this, 'E-mail', 'Description PDF');return false;\">Undefasa Ceramica Stoner<\/a><\/p>\n<p>\u010ce \u017eelite naro\u010diti model iz pdf kataloga te kolekcije, nam pi\u0161ite na: <a href=\"mailto:keramoteka.salon@gmail.com\" onclick=\"recordOutboundLink(this, 'E-mail', 'Description mail');return false;\">keramoteka.salon@gmail.com<\/a> ali pa nas pokli\u010dite na: 031 255 900.<\/p>\n","protected":false},"excerpt":{"rendered":"<p>Plo\u0161\u010dica je debela kar 9 mm, kar jo uvr\u0161\u010da med bolj trde plo\u0161\u010dice. Ta plo\u0161\u010dica prihaja iz \u0160panije, ki je znana po kvalitetni keramiki. Redna cena te plo\u0161\u010dice v maloprodaji zna\u0161a 33,07 EUR, v na\u0161i spletni trgovini pa jo lahko dobite \u017ee za 26,46 EUR. Keramika v be\u017e barvi popestri vsak prostor. Dimenzije te plo\u0161\u010dice [&hellip;]<\/p>\n","protected":false},"featured_media":103463,"template":"","meta":[],"product_cat":[200,999,290,240,9991688],"product_tag":[],"_links":{"self":[{"href":"https:\/\/www.keramika.com\/slovenija\/wp-json\/wp\/v2\/product\/103462"}],"collection":[{"href":"https:\/\/www.keramika.com\/slovenija\/wp-json\/wp\/v2\/product"}],"about":[{"href":"https:\/\/www.keramika.com\/slovenija\/wp-json\/wp\/v2\/types\/product"}],"wp:featuredmedia":[{"embeddable":true,"href":"https:\/\/www.keramika.com\/slovenija\/wp-json\/wp\/v2\/media\/103463"}],"wp:attachment":[{"href":"https:\/\/www.keramika.com\/slovenija\/wp-json\/wp\/v2\/media?parent=103462"}],"wp:term":[{"taxonomy":"product_cat","embeddable":true,"href":"https:\/\/www.keramika.com\/slovenija\/wp-json\/wp\/v2\/product_cat?post=103462"},{"taxonomy":"product_tag","embeddable":true,"href":"https:\/\/www.keramika.com\/slovenija\/wp-json\/wp\/v2\/product_tag?post=103462"}],"curies":[{"name":"wp","href":"https:\/\/api.w.org\/{rel}","templated":true}]}}