{"id":103460,"date":"2017-03-22T23:39:41","date_gmt":"2017-03-22T23:39:41","guid":{"rendered":"http:\/\/keramika.holest.com\/slovenija\/product\/undefasa-spring-violeta\/"},"modified":"2026-01-03T00:00:31","modified_gmt":"2026-01-03T00:00:31","slug":"undefasa-spring-violeta","status":"publish","type":"product","link":"https:\/\/www.keramika.com\/slovenija\/undefasa-spring-violeta\/","title":{"rendered":"Undefasa spring violeta"},"content":{"rendered":"<p>9 mm debeline je dovolj tudi za zahtevnej\u0161e kupce. Na spletu boste za to plo\u0161\u010dico od\u0161teli le 17,42 EUR, medtem ko v redni prodaji cena zna\u0161a 21,78 EUR. Letos so plo\u0161\u010dice v vijoli\u010dni barvi zelo za\u017eeljene. Undefasa spring violeta je plo\u0161\u010dica proizvajalca Undefasa Ceramica in prihaja iz \u0160panije. Velikost te plo\u0161\u010dice je 33&#215;60 cm.<\/p>\n<p>Kliknite na ime kolekcije za ogled vseh plo\u0161\u010dic iz te serije: <a class=\"pdfcatal\" href=\"\/\/www.ceramictiles.com\/pdf\/undefasa\/catalogue_undefasa_spring.pdf\" onclick=\"recordOutboundLink(this, 'E-mail', 'Description PDF');return false;\">Undefasa Ceramica Spring<\/a><\/p>\n<p>\u010ce \u017eelite naro\u010diti model iz pdf kataloga te kolekcije, nam pi\u0161ite na: <a href=\"mailto:keramoteka.salon@gmail.com\" onclick=\"recordOutboundLink(this, 'E-mail', 'Description mail');return false;\">keramoteka.salon@gmail.com<\/a> ali pa nas pokli\u010dite na: 031 255 900.<\/p>\n","protected":false},"excerpt":{"rendered":"<p>9 mm debeline je dovolj tudi za zahtevnej\u0161e kupce. Na spletu boste za to plo\u0161\u010dico od\u0161teli le 17,42 EUR, medtem ko v redni prodaji cena zna\u0161a 21,78 EUR. Letos so plo\u0161\u010dice v vijoli\u010dni barvi zelo za\u017eeljene. Undefasa spring violeta je plo\u0161\u010dica proizvajalca Undefasa Ceramica in prihaja iz \u0160panije. Velikost te plo\u0161\u010dice je 33&#215;60 cm. Kliknite [&hellip;]<\/p>\n","protected":false},"featured_media":103461,"template":"","meta":[],"product_cat":[200,220,999,250,9991688],"product_tag":[],"_links":{"self":[{"href":"https:\/\/www.keramika.com\/slovenija\/wp-json\/wp\/v2\/product\/103460"}],"collection":[{"href":"https:\/\/www.keramika.com\/slovenija\/wp-json\/wp\/v2\/product"}],"about":[{"href":"https:\/\/www.keramika.com\/slovenija\/wp-json\/wp\/v2\/types\/product"}],"wp:featuredmedia":[{"embeddable":true,"href":"https:\/\/www.keramika.com\/slovenija\/wp-json\/wp\/v2\/media\/103461"}],"wp:attachment":[{"href":"https:\/\/www.keramika.com\/slovenija\/wp-json\/wp\/v2\/media?parent=103460"}],"wp:term":[{"taxonomy":"product_cat","embeddable":true,"href":"https:\/\/www.keramika.com\/slovenija\/wp-json\/wp\/v2\/product_cat?post=103460"},{"taxonomy":"product_tag","embeddable":true,"href":"https:\/\/www.keramika.com\/slovenija\/wp-json\/wp\/v2\/product_tag?post=103460"}],"curies":[{"name":"wp","href":"https:\/\/api.w.org\/{rel}","templated":true}]}}