{"id":103452,"date":"2017-03-22T23:39:27","date_gmt":"2017-03-22T23:39:27","guid":{"rendered":"http:\/\/keramika.holest.com\/slovenija\/product\/undefasa-kuhinjske-ploscice-zelene\/"},"modified":"2026-01-03T00:00:30","modified_gmt":"2026-01-03T00:00:30","slug":"undefasa-kuhinjske-ploscice-zelene","status":"publish","type":"product","link":"https:\/\/www.keramika.com\/slovenija\/undefasa-kuhinjske-ploscice-zelene\/","title":{"rendered":"Undefasa kuhinjske plo\u0161\u010dice zelene"},"content":{"rendered":"<p>Undefasa provenza verde je plo\u0161\u010dica proizvajalca Undefasa Ceramica in prihaja iz \u0160panije. Namesto 18,83 EUR kot bi za to plo\u0161\u010dico od\u0161teli v klasi\u010dni trgovini, boste v na\u0161i spletni prodajalni od\u0161teli le 15,07 EUR. Z 20&#215;20 cm je ta plo\u0161\u010dica primerna za razli\u010dne podlage. 7 mm je debelina, ki zadovolji tudi zahtevnej\u0161e kupce. Letos so plo\u0161\u010dice v zeleni barvi zelo za\u017eeljene.<\/p>\n<p>Kliknite na ime kolekcije za ogled vseh plo\u0161\u010dic iz te serije: <a class=\"pdfcatal\" href=\"\/\/www.ceramictiles.com\/pdf\/undefasa\/catalogue_undefasa_provenza.pdf\" onclick=\"recordOutboundLink(this, 'E-mail', 'Description PDF');return false;\">Undefasa Ceramica Provenza Toscana<\/a><\/p>\n<p>\u010ce \u017eelite naro\u010diti model iz pdf kataloga te kolekcije, nam pi\u0161ite na: <a href=\"mailto:keramoteka.salon@gmail.com\" onclick=\"recordOutboundLink(this, 'E-mail', 'Description mail');return false;\">keramoteka.salon@gmail.com<\/a> ali pa nas pokli\u010dite na: 031 255 900.<\/p>\n","protected":false},"excerpt":{"rendered":"<p>Undefasa provenza verde je plo\u0161\u010dica proizvajalca Undefasa Ceramica in prihaja iz \u0160panije. Namesto 18,83 EUR kot bi za to plo\u0161\u010dico od\u0161teli v klasi\u010dni trgovini, boste v na\u0161i spletni prodajalni od\u0161teli le 15,07 EUR. Z 20&#215;20 cm je ta plo\u0161\u010dica primerna za razli\u010dne podlage. 7 mm je debelina, ki zadovolji tudi zahtevnej\u0161e kupce. Letos so plo\u0161\u010dice [&hellip;]<\/p>\n","protected":false},"featured_media":103453,"template":"","meta":[],"product_cat":[200,220,999,250,9991688],"product_tag":[],"_links":{"self":[{"href":"https:\/\/www.keramika.com\/slovenija\/wp-json\/wp\/v2\/product\/103452"}],"collection":[{"href":"https:\/\/www.keramika.com\/slovenija\/wp-json\/wp\/v2\/product"}],"about":[{"href":"https:\/\/www.keramika.com\/slovenija\/wp-json\/wp\/v2\/types\/product"}],"wp:featuredmedia":[{"embeddable":true,"href":"https:\/\/www.keramika.com\/slovenija\/wp-json\/wp\/v2\/media\/103453"}],"wp:attachment":[{"href":"https:\/\/www.keramika.com\/slovenija\/wp-json\/wp\/v2\/media?parent=103452"}],"wp:term":[{"taxonomy":"product_cat","embeddable":true,"href":"https:\/\/www.keramika.com\/slovenija\/wp-json\/wp\/v2\/product_cat?post=103452"},{"taxonomy":"product_tag","embeddable":true,"href":"https:\/\/www.keramika.com\/slovenija\/wp-json\/wp\/v2\/product_tag?post=103452"}],"curies":[{"name":"wp","href":"https:\/\/api.w.org\/{rel}","templated":true}]}}