{"id":103438,"date":"2017-03-22T23:39:02","date_gmt":"2017-03-22T23:39:02","guid":{"rendered":"http:\/\/keramika.holest.com\/slovenija\/product\/undefasa-don-rodrigo\/"},"modified":"2026-01-03T00:00:28","modified_gmt":"2026-01-03T00:00:28","slug":"undefasa-don-rodrigo","status":"publish","type":"product","link":"https:\/\/www.keramika.com\/slovenija\/undefasa-don-rodrigo\/","title":{"rendered":"Undefasa don rodrigo"},"content":{"rendered":"<p>Z 20&#215;20 cm je ta plo\u0161\u010dica primerna za razli\u010dne podlage. V redni prodaji bi morali za to plo\u0161\u010dico od\u0161teti 18,34 EUR, spletna cena pa zna\u0161a le 14,67 EUR. Plo\u0161\u010dica je debela kar 7 mm, kar jo uvr\u0161\u010da med bolj trde plo\u0161\u010dice. To plo\u0161\u010dico je izdelal proizvajalec Undefasa Ceramica, ki prihaja iz \u0160panije. Ta model plo\u0161\u010dice se najbolje prodaja v \u010drni barvi.<\/p>\n<p>Kliknite na ime kolekcije za ogled vseh plo\u0161\u010dic iz te serije: <a class=\"pdfcatal\" href=\"\/\/www.ceramictiles.com\/pdf\/undefasa\/catalogue_undefasa_mio_cid.pdf\" onclick=\"recordOutboundLink(this, 'E-mail', 'Description PDF');return false;\">Undefasa Ceramica Mio Cid<\/a><\/p>\n<p>\u010ce \u017eelite naro\u010diti model iz pdf kataloga te kolekcije, nam pi\u0161ite na: <a href=\"mailto:keramoteka.salon@gmail.com\" onclick=\"recordOutboundLink(this, 'E-mail', 'Description mail');return false;\">keramoteka.salon@gmail.com<\/a> ali pa nas pokli\u010dite na: 031 255 900.<\/p>\n","protected":false},"excerpt":{"rendered":"<p>Z 20&#215;20 cm je ta plo\u0161\u010dica primerna za razli\u010dne podlage. V redni prodaji bi morali za to plo\u0161\u010dico od\u0161teti 18,34 EUR, spletna cena pa zna\u0161a le 14,67 EUR. Plo\u0161\u010dica je debela kar 7 mm, kar jo uvr\u0161\u010da med bolj trde plo\u0161\u010dice. To plo\u0161\u010dico je izdelal proizvajalec Undefasa Ceramica, ki prihaja iz \u0160panije. Ta model plo\u0161\u010dice [&hellip;]<\/p>\n","protected":false},"featured_media":103439,"template":"","meta":[],"product_cat":[200,220,999,250,9991688],"product_tag":[],"_links":{"self":[{"href":"https:\/\/www.keramika.com\/slovenija\/wp-json\/wp\/v2\/product\/103438"}],"collection":[{"href":"https:\/\/www.keramika.com\/slovenija\/wp-json\/wp\/v2\/product"}],"about":[{"href":"https:\/\/www.keramika.com\/slovenija\/wp-json\/wp\/v2\/types\/product"}],"wp:featuredmedia":[{"embeddable":true,"href":"https:\/\/www.keramika.com\/slovenija\/wp-json\/wp\/v2\/media\/103439"}],"wp:attachment":[{"href":"https:\/\/www.keramika.com\/slovenija\/wp-json\/wp\/v2\/media?parent=103438"}],"wp:term":[{"taxonomy":"product_cat","embeddable":true,"href":"https:\/\/www.keramika.com\/slovenija\/wp-json\/wp\/v2\/product_cat?post=103438"},{"taxonomy":"product_tag","embeddable":true,"href":"https:\/\/www.keramika.com\/slovenija\/wp-json\/wp\/v2\/product_tag?post=103438"}],"curies":[{"name":"wp","href":"https:\/\/api.w.org\/{rel}","templated":true}]}}