{"id":103434,"date":"2017-03-22T23:38:56","date_gmt":"2017-03-22T23:38:56","guid":{"rendered":"http:\/\/keramika.holest.com\/slovenija\/product\/undefasa-metropolis-marron\/"},"modified":"2026-01-03T00:00:28","modified_gmt":"2026-01-03T00:00:28","slug":"undefasa-metropolis-marron","status":"publish","type":"product","link":"https:\/\/www.keramika.com\/slovenija\/undefasa-metropolis-marron\/","title":{"rendered":"Undefasa metropolis marron"},"content":{"rendered":"<p>32,94 EUR v klasi\u010dni trgovini, pri nas pa le 26,35 EUR. Pri izbiri plo\u0161\u010dice v rjavi barvi ne morete zgre\u0161iti. Plo\u0161\u010dica je debela kar 10 mm, kar jo uvr\u0161\u010da med bolj trde plo\u0161\u010dice. Undefasa metropolis marron je plo\u0161\u010dica proizvajalca Undefasa Ceramica in prihaja iz \u0160panije. Velikost te plo\u0161\u010dice je 60&#215;60 cm in je primerna za razli\u010dne povr\u0161ine.<\/p>\n<p>Kliknite na ime kolekcije za ogled vseh plo\u0161\u010dic iz te serije: <a class=\"pdfcatal\" href=\"\/\/www.ceramictiles.com\/pdf\/undefasa\/catalogue_undefasa_metropolis.pdf\" onclick=\"recordOutboundLink(this, 'E-mail', 'Description PDF');return false;\">Undefasa Ceramica Metropolis<\/a><\/p>\n<p>\u010ce \u017eelite naro\u010diti model iz pdf kataloga te kolekcije, nam pi\u0161ite na: <a href=\"mailto:keramoteka.salon@gmail.com\" onclick=\"recordOutboundLink(this, 'E-mail', 'Description mail');return false;\">keramoteka.salon@gmail.com<\/a> ali pa nas pokli\u010dite na: 031 255 900.<\/p>\n","protected":false},"excerpt":{"rendered":"<p>32,94 EUR v klasi\u010dni trgovini, pri nas pa le 26,35 EUR. Pri izbiri plo\u0161\u010dice v rjavi barvi ne morete zgre\u0161iti. Plo\u0161\u010dica je debela kar 10 mm, kar jo uvr\u0161\u010da med bolj trde plo\u0161\u010dice. Undefasa metropolis marron je plo\u0161\u010dica proizvajalca Undefasa Ceramica in prihaja iz \u0160panije. Velikost te plo\u0161\u010dice je 60&#215;60 cm in je primerna za [&hellip;]<\/p>\n","protected":false},"featured_media":103435,"template":"","meta":[],"product_cat":[200,999,290,240,9991688],"product_tag":[],"_links":{"self":[{"href":"https:\/\/www.keramika.com\/slovenija\/wp-json\/wp\/v2\/product\/103434"}],"collection":[{"href":"https:\/\/www.keramika.com\/slovenija\/wp-json\/wp\/v2\/product"}],"about":[{"href":"https:\/\/www.keramika.com\/slovenija\/wp-json\/wp\/v2\/types\/product"}],"wp:featuredmedia":[{"embeddable":true,"href":"https:\/\/www.keramika.com\/slovenija\/wp-json\/wp\/v2\/media\/103435"}],"wp:attachment":[{"href":"https:\/\/www.keramika.com\/slovenija\/wp-json\/wp\/v2\/media?parent=103434"}],"wp:term":[{"taxonomy":"product_cat","embeddable":true,"href":"https:\/\/www.keramika.com\/slovenija\/wp-json\/wp\/v2\/product_cat?post=103434"},{"taxonomy":"product_tag","embeddable":true,"href":"https:\/\/www.keramika.com\/slovenija\/wp-json\/wp\/v2\/product_tag?post=103434"}],"curies":[{"name":"wp","href":"https:\/\/api.w.org\/{rel}","templated":true}]}}