{"id":103432,"date":"2017-03-22T23:38:53","date_gmt":"2017-03-22T23:38:53","guid":{"rendered":"http:\/\/keramika.holest.com\/slovenija\/product\/undefasa-ploscice-santiago\/"},"modified":"2026-01-03T00:00:27","modified_gmt":"2026-01-03T00:00:27","slug":"undefasa-ploscice-santiago","status":"publish","type":"product","link":"https:\/\/www.keramika.com\/slovenija\/undefasa-ploscice-santiago\/","title":{"rendered":"Undefasa plo\u0161\u010dice santiago"},"content":{"rendered":"<p>Ta plo\u0161\u010dica je debela 9 mm in je zelo trpe\u017ena. Velikost te plo\u0161\u010dice je 33&#215;33 cm. 19,28 EUR v klasi\u010dni trgovini, pri nas pa le 15,43 EUR. Undefasa gres santiago je plo\u0161\u010dica proizvajalca Undefasa Ceramica in prihaja iz \u0160panije. Ta kerami\u010dna plo\u0161\u010dica v \u010dudoviti rjavi barvi bo obogatila vsak prostor.<\/p>\n<p>Kliknite na ime kolekcije za ogled vseh plo\u0161\u010dic iz te serije: <a class=\"pdfcatal\" href=\"\/\/www.ceramictiles.com\/pdf\/undefasa\/catalogue_undefasa_medieval.pdf\" onclick=\"recordOutboundLink(this, 'E-mail', 'Description PDF');return false;\">Undefasa Ceramica Medieval<\/a><\/p>\n<p>\u010ce \u017eelite naro\u010diti model iz pdf kataloga te kolekcije, nam pi\u0161ite na: <a href=\"mailto:keramoteka.salon@gmail.com\" onclick=\"recordOutboundLink(this, 'E-mail', 'Description mail');return false;\">keramoteka.salon@gmail.com<\/a> ali pa nas pokli\u010dite na: 031 255 900.<\/p>\n","protected":false},"excerpt":{"rendered":"<p>Ta plo\u0161\u010dica je debela 9 mm in je zelo trpe\u017ena. Velikost te plo\u0161\u010dice je 33&#215;33 cm. 19,28 EUR v klasi\u010dni trgovini, pri nas pa le 15,43 EUR. Undefasa gres santiago je plo\u0161\u010dica proizvajalca Undefasa Ceramica in prihaja iz \u0160panije. Ta kerami\u010dna plo\u0161\u010dica v \u010dudoviti rjavi barvi bo obogatila vsak prostor. Kliknite na ime kolekcije za [&hellip;]<\/p>\n","protected":false},"featured_media":103433,"template":"","meta":[],"product_cat":[200,230,999,240,9991688],"product_tag":[],"_links":{"self":[{"href":"https:\/\/www.keramika.com\/slovenija\/wp-json\/wp\/v2\/product\/103432"}],"collection":[{"href":"https:\/\/www.keramika.com\/slovenija\/wp-json\/wp\/v2\/product"}],"about":[{"href":"https:\/\/www.keramika.com\/slovenija\/wp-json\/wp\/v2\/types\/product"}],"wp:featuredmedia":[{"embeddable":true,"href":"https:\/\/www.keramika.com\/slovenija\/wp-json\/wp\/v2\/media\/103433"}],"wp:attachment":[{"href":"https:\/\/www.keramika.com\/slovenija\/wp-json\/wp\/v2\/media?parent=103432"}],"wp:term":[{"taxonomy":"product_cat","embeddable":true,"href":"https:\/\/www.keramika.com\/slovenija\/wp-json\/wp\/v2\/product_cat?post=103432"},{"taxonomy":"product_tag","embeddable":true,"href":"https:\/\/www.keramika.com\/slovenija\/wp-json\/wp\/v2\/product_tag?post=103432"}],"curies":[{"name":"wp","href":"https:\/\/api.w.org\/{rel}","templated":true}]}}