{"id":103426,"date":"2017-03-22T23:38:43","date_gmt":"2017-03-22T23:38:43","guid":{"rendered":"http:\/\/keramika.holest.com\/slovenija\/product\/undefasa-loira-p-blanco\/"},"modified":"2026-01-03T00:00:26","modified_gmt":"2026-01-03T00:00:26","slug":"undefasa-loira-p-blanco","status":"publish","type":"product","link":"https:\/\/www.keramika.com\/slovenija\/undefasa-loira-p-blanco\/","title":{"rendered":"Undefasa loira P blanco"},"content":{"rendered":"<p>Ta plo\u0161\u010dica je na voljo v \u010dudoviti beli barvi, \u010de \u017eelite kak\u0161no drugo barvo pa nas kontaktirajte in preverili bomo pri proizvajalcu. \u0160irina in dol\u017eina te plo\u0161\u010dice sta 33&#215;60 cm. Undefasa loira P blanco je na voljo po zelo ugodni ceni 26,46 EUR. Undefasa loira P blanco prihaja iz \u0160panije, ki je znana po zelo kvalitetni keramiki v svetovnem merilu. Ta plo\u0161\u010dica je debela 9 mm in je zelo trpe\u017ena.<\/p>\n<p>Kliknite na ime kolekcije za ogled vseh plo\u0161\u010dic iz te serije: <a class=\"pdfcatal\" href=\"\/\/www.ceramictiles.com\/pdf\/undefasa\/catalogue_undefasa_loira.pdf\" onclick=\"recordOutboundLink(this, 'E-mail', 'Description PDF');return false;\">Undefasa Ceramica Loira<\/a><\/p>\n<p>\u010ce \u017eelite naro\u010diti model iz pdf kataloga te kolekcije, nam pi\u0161ite na: <a href=\"mailto:keramoteka.salon@gmail.com\" onclick=\"recordOutboundLink(this, 'E-mail', 'Description mail');return false;\">keramoteka.salon@gmail.com<\/a> ali pa nas pokli\u010dite na: 031 255 900.<\/p>\n","protected":false},"excerpt":{"rendered":"<p>Ta plo\u0161\u010dica je na voljo v \u010dudoviti beli barvi, \u010de \u017eelite kak\u0161no drugo barvo pa nas kontaktirajte in preverili bomo pri proizvajalcu. \u0160irina in dol\u017eina te plo\u0161\u010dice sta 33&#215;60 cm. Undefasa loira P blanco je na voljo po zelo ugodni ceni 26,46 EUR. Undefasa loira P blanco prihaja iz \u0160panije, ki je znana po zelo [&hellip;]<\/p>\n","protected":false},"featured_media":103427,"template":"","meta":[],"product_cat":[200,220,999,250,9991688],"product_tag":[],"_links":{"self":[{"href":"https:\/\/www.keramika.com\/slovenija\/wp-json\/wp\/v2\/product\/103426"}],"collection":[{"href":"https:\/\/www.keramika.com\/slovenija\/wp-json\/wp\/v2\/product"}],"about":[{"href":"https:\/\/www.keramika.com\/slovenija\/wp-json\/wp\/v2\/types\/product"}],"wp:featuredmedia":[{"embeddable":true,"href":"https:\/\/www.keramika.com\/slovenija\/wp-json\/wp\/v2\/media\/103427"}],"wp:attachment":[{"href":"https:\/\/www.keramika.com\/slovenija\/wp-json\/wp\/v2\/media?parent=103426"}],"wp:term":[{"taxonomy":"product_cat","embeddable":true,"href":"https:\/\/www.keramika.com\/slovenija\/wp-json\/wp\/v2\/product_cat?post=103426"},{"taxonomy":"product_tag","embeddable":true,"href":"https:\/\/www.keramika.com\/slovenija\/wp-json\/wp\/v2\/product_tag?post=103426"}],"curies":[{"name":"wp","href":"https:\/\/api.w.org\/{rel}","templated":true}]}}