{"id":103418,"date":"2017-03-22T23:38:28","date_gmt":"2017-03-22T23:38:28","guid":{"rendered":"http:\/\/keramika.holest.com\/slovenija\/product\/undefasa-ploscice-gran-transit-gris\/"},"modified":"2026-01-03T00:00:26","modified_gmt":"2026-01-03T00:00:26","slug":"undefasa-ploscice-gran-transit-gris","status":"publish","type":"product","link":"https:\/\/www.keramika.com\/slovenija\/undefasa-ploscice-gran-transit-gris\/","title":{"rendered":"Undefasa plo\u0161\u010dice gran transit gris"},"content":{"rendered":"<p>Velikost te plo\u0161\u010dice je 41&#215;41 cm. Debelina plo\u0161\u010dice je zelo pomembna in 9 mm uvr\u0161\u010da to plo\u0161\u010dico med najkvalitetnej\u0161e. Prihaja iz \u0160panije, ki po svetu slovi kot ena bolj\u0161ih proizvajalk kerami\u010dnih plo\u0161\u010dic. Zelo moderna plo\u0161\u010dica v sivi barvi popestri prav vsak prostor. Redna cena te plo\u0161\u010dice v maloprodaji zna\u0161a 17,64 EUR, v na\u0161i spletni trgovini pa jo lahko dobite \u017ee za 14,11 EUR.<\/p>\n<p>Kliknite na ime kolekcije za ogled vseh plo\u0161\u010dic iz te serije: <a class=\"pdfcatal\" href=\"\/\/www.ceramictiles.com\/pdf\/undefasa\/catalogue_undefasa_gran_transit.pdf\" onclick=\"recordOutboundLink(this, 'E-mail', 'Description PDF');return false;\">Undefasa Ceramica Gran Transit<\/a><\/p>\n<p>\u010ce \u017eelite naro\u010diti model iz pdf kataloga te kolekcije, nam pi\u0161ite na: <a href=\"mailto:keramoteka.salon@gmail.com\" onclick=\"recordOutboundLink(this, 'E-mail', 'Description mail');return false;\">keramoteka.salon@gmail.com<\/a> ali pa nas pokli\u010dite na: 031 255 900.<\/p>\n","protected":false},"excerpt":{"rendered":"<p>Velikost te plo\u0161\u010dice je 41&#215;41 cm. Debelina plo\u0161\u010dice je zelo pomembna in 9 mm uvr\u0161\u010da to plo\u0161\u010dico med najkvalitetnej\u0161e. Prihaja iz \u0160panije, ki po svetu slovi kot ena bolj\u0161ih proizvajalk kerami\u010dnih plo\u0161\u010dic. Zelo moderna plo\u0161\u010dica v sivi barvi popestri prav vsak prostor. Redna cena te plo\u0161\u010dice v maloprodaji zna\u0161a 17,64 EUR, v na\u0161i spletni trgovini [&hellip;]<\/p>\n","protected":false},"featured_media":103419,"template":"","meta":[],"product_cat":[200,999,290,240,9991688],"product_tag":[],"_links":{"self":[{"href":"https:\/\/www.keramika.com\/slovenija\/wp-json\/wp\/v2\/product\/103418"}],"collection":[{"href":"https:\/\/www.keramika.com\/slovenija\/wp-json\/wp\/v2\/product"}],"about":[{"href":"https:\/\/www.keramika.com\/slovenija\/wp-json\/wp\/v2\/types\/product"}],"wp:featuredmedia":[{"embeddable":true,"href":"https:\/\/www.keramika.com\/slovenija\/wp-json\/wp\/v2\/media\/103419"}],"wp:attachment":[{"href":"https:\/\/www.keramika.com\/slovenija\/wp-json\/wp\/v2\/media?parent=103418"}],"wp:term":[{"taxonomy":"product_cat","embeddable":true,"href":"https:\/\/www.keramika.com\/slovenija\/wp-json\/wp\/v2\/product_cat?post=103418"},{"taxonomy":"product_tag","embeddable":true,"href":"https:\/\/www.keramika.com\/slovenija\/wp-json\/wp\/v2\/product_tag?post=103418"}],"curies":[{"name":"wp","href":"https:\/\/api.w.org\/{rel}","templated":true}]}}