{"id":103414,"date":"2017-03-22T23:38:21","date_gmt":"2017-03-22T23:38:21","guid":{"rendered":"http:\/\/keramika.holest.com\/slovenija\/product\/undefasa-girotondo-violeta\/"},"modified":"2026-01-03T00:00:25","modified_gmt":"2026-01-03T00:00:25","slug":"undefasa-girotondo-violeta","status":"publish","type":"product","link":"https:\/\/www.keramika.com\/slovenija\/undefasa-girotondo-violeta\/","title":{"rendered":"Undefasa girotondo violeta"},"content":{"rendered":"<p>\u0160irina in dol\u017eina te plo\u0161\u010dice sta 20&#215;50 cm. 8 mm debeline je dovolj tudi za zahtevnej\u0161e kupce. Ta kerami\u010dna plo\u0161\u010dica v \u010dudoviti vijoli\u010dni barvi bo obogatila vsak prostor. V redni prodaji bi morali za to plo\u0161\u010dico od\u0161teti 20,27 EUR, spletna cena pa zna\u0161a le 16,22 EUR. Undefasa girotondo violeta prihaja iz \u0160panije, ki je znana po zelo kvalitetni keramiki v svetovnem merilu.<\/p>\n<p>Kliknite na ime kolekcije za ogled vseh plo\u0161\u010dic iz te serije: <a class=\"pdfcatal\" href=\"\/\/www.ceramictiles.com\/pdf\/undefasa\/catalogue_undefasa_girotondo.pdf\" onclick=\"recordOutboundLink(this, 'E-mail', 'Description PDF');return false;\">Undefasa Ceramica Girotondo<\/a><\/p>\n<p>\u010ce \u017eelite naro\u010diti model iz pdf kataloga te kolekcije, nam pi\u0161ite na: <a href=\"mailto:keramoteka.salon@gmail.com\" onclick=\"recordOutboundLink(this, 'E-mail', 'Description mail');return false;\">keramoteka.salon@gmail.com<\/a> ali pa nas pokli\u010dite na: 031 255 900.<\/p>\n","protected":false},"excerpt":{"rendered":"<p>\u0160irina in dol\u017eina te plo\u0161\u010dice sta 20&#215;50 cm. 8 mm debeline je dovolj tudi za zahtevnej\u0161e kupce. Ta kerami\u010dna plo\u0161\u010dica v \u010dudoviti vijoli\u010dni barvi bo obogatila vsak prostor. V redni prodaji bi morali za to plo\u0161\u010dico od\u0161teti 20,27 EUR, spletna cena pa zna\u0161a le 16,22 EUR. Undefasa girotondo violeta prihaja iz \u0160panije, ki je znana [&hellip;]<\/p>\n","protected":false},"featured_media":103415,"template":"","meta":[],"product_cat":[200,220,999,250,9991688],"product_tag":[],"_links":{"self":[{"href":"https:\/\/www.keramika.com\/slovenija\/wp-json\/wp\/v2\/product\/103414"}],"collection":[{"href":"https:\/\/www.keramika.com\/slovenija\/wp-json\/wp\/v2\/product"}],"about":[{"href":"https:\/\/www.keramika.com\/slovenija\/wp-json\/wp\/v2\/types\/product"}],"wp:featuredmedia":[{"embeddable":true,"href":"https:\/\/www.keramika.com\/slovenija\/wp-json\/wp\/v2\/media\/103415"}],"wp:attachment":[{"href":"https:\/\/www.keramika.com\/slovenija\/wp-json\/wp\/v2\/media?parent=103414"}],"wp:term":[{"taxonomy":"product_cat","embeddable":true,"href":"https:\/\/www.keramika.com\/slovenija\/wp-json\/wp\/v2\/product_cat?post=103414"},{"taxonomy":"product_tag","embeddable":true,"href":"https:\/\/www.keramika.com\/slovenija\/wp-json\/wp\/v2\/product_tag?post=103414"}],"curies":[{"name":"wp","href":"https:\/\/api.w.org\/{rel}","templated":true}]}}