{"id":103410,"date":"2017-03-22T23:38:13","date_gmt":"2017-03-22T23:38:13","guid":{"rendered":"http:\/\/keramika.holest.com\/slovenija\/product\/undefasa-decorado-circle-oro\/"},"modified":"2026-01-03T00:00:25","modified_gmt":"2026-01-03T00:00:25","slug":"undefasa-decorado-circle-oro","status":"publish","type":"product","link":"https:\/\/www.keramika.com\/slovenija\/undefasa-decorado-circle-oro\/","title":{"rendered":"Undefasa decorado circle oro"},"content":{"rendered":"<p>Letos so plo\u0161\u010dice v zlati barvi zelo za\u017eeljene. Z velikostjo 20&#215;50 cm je ta plo\u0161\u010dica primerna ze razli\u010dne povr\u0161ine. Ta plo\u0161\u010dica je debela 8 mm in je zelo trpe\u017ena. Undefasa decorado circle oro je plo\u0161\u010dica proizvajalca Undefasa Ceramica in prihaja iz \u0160panije. Na spletu boste za to plo\u0161\u010dico od\u0161teli le 13,55 EUR, medtem ko v redni prodaji cena zna\u0161a 16,94 EUR.<\/p>\n<p>Kliknite na ime kolekcije za ogled vseh plo\u0161\u010dic iz te serije: <a class=\"pdfcatal\" href=\"\/\/www.ceramictiles.com\/pdf\/undefasa\/catalogue_undefasa_dune.pdf\" onclick=\"recordOutboundLink(this, 'E-mail', 'Description PDF');return false;\">Undefasa Ceramica Dune<\/a><\/p>\n<p>\u010ce \u017eelite naro\u010diti model iz pdf kataloga te kolekcije, nam pi\u0161ite na: <a href=\"mailto:keramoteka.salon@gmail.com\" onclick=\"recordOutboundLink(this, 'E-mail', 'Description mail');return false;\">keramoteka.salon@gmail.com<\/a> ali pa nas pokli\u010dite na: 031 255 900.<\/p>\n","protected":false},"excerpt":{"rendered":"<p>Letos so plo\u0161\u010dice v zlati barvi zelo za\u017eeljene. Z velikostjo 20&#215;50 cm je ta plo\u0161\u010dica primerna ze razli\u010dne povr\u0161ine. Ta plo\u0161\u010dica je debela 8 mm in je zelo trpe\u017ena. Undefasa decorado circle oro je plo\u0161\u010dica proizvajalca Undefasa Ceramica in prihaja iz \u0160panije. Na spletu boste za to plo\u0161\u010dico od\u0161teli le 13,55 EUR, medtem ko v [&hellip;]<\/p>\n","protected":false},"featured_media":103411,"template":"","meta":[],"product_cat":[200,220,999,250,9991688],"product_tag":[],"_links":{"self":[{"href":"https:\/\/www.keramika.com\/slovenija\/wp-json\/wp\/v2\/product\/103410"}],"collection":[{"href":"https:\/\/www.keramika.com\/slovenija\/wp-json\/wp\/v2\/product"}],"about":[{"href":"https:\/\/www.keramika.com\/slovenija\/wp-json\/wp\/v2\/types\/product"}],"wp:featuredmedia":[{"embeddable":true,"href":"https:\/\/www.keramika.com\/slovenija\/wp-json\/wp\/v2\/media\/103411"}],"wp:attachment":[{"href":"https:\/\/www.keramika.com\/slovenija\/wp-json\/wp\/v2\/media?parent=103410"}],"wp:term":[{"taxonomy":"product_cat","embeddable":true,"href":"https:\/\/www.keramika.com\/slovenija\/wp-json\/wp\/v2\/product_cat?post=103410"},{"taxonomy":"product_tag","embeddable":true,"href":"https:\/\/www.keramika.com\/slovenija\/wp-json\/wp\/v2\/product_tag?post=103410"}],"curies":[{"name":"wp","href":"https:\/\/api.w.org\/{rel}","templated":true}]}}