{"id":103394,"date":"2017-03-22T23:37:44","date_gmt":"2017-03-22T23:37:44","guid":{"rendered":"http:\/\/keramika.holest.com\/slovenija\/product\/undefasa-ploscice-concret-cemento\/"},"modified":"2026-01-03T00:00:23","modified_gmt":"2026-01-03T00:00:23","slug":"undefasa-ploscice-concret-cemento","status":"publish","type":"product","link":"https:\/\/www.keramika.com\/slovenija\/undefasa-ploscice-concret-cemento\/","title":{"rendered":"Undefasa plo\u0161\u010dice concret cemento"},"content":{"rendered":"<p>Undefasa gres concret cemento je plo\u0161\u010dica proizvajalca Undefasa Ceramica in prihaja iz \u0160panije. Na spletu boste za to plo\u0161\u010dico od\u0161teli le 14,11 EUR, medtem ko v redni prodaji cena zna\u0161a 17,64 EUR. Z 41&#215;41 cm je ta plo\u0161\u010dica primerna za razli\u010dne podlage. 9 mm je debelina, ki zadovolji tudi zahtevnej\u0161e kupce. Ta plo\u0161\u010dica je na voljo v \u010dudoviti sivi barvi, \u010de \u017eelite kak\u0161no drugo barvo pa nas kontaktirajte in preverili bomo pri proizvajalcu.<\/p>\n<p>Kliknite na ime kolekcije za ogled vseh plo\u0161\u010dic iz te serije: <a class=\"pdfcatal\" href=\"\/\/www.ceramictiles.com\/pdf\/undefasa\/catalogue_undefasa_concret.pdf\" onclick=\"recordOutboundLink(this, 'E-mail', 'Description PDF');return false;\">Undefasa Ceramica Concret<\/a><\/p>\n<p>\u010ce \u017eelite naro\u010diti model iz pdf kataloga te kolekcije, nam pi\u0161ite na: <a href=\"mailto:keramoteka.salon@gmail.com\" onclick=\"recordOutboundLink(this, 'E-mail', 'Description mail');return false;\">keramoteka.salon@gmail.com<\/a> ali pa nas pokli\u010dite na: 031 255 900.<\/p>\n","protected":false},"excerpt":{"rendered":"<p>Undefasa gres concret cemento je plo\u0161\u010dica proizvajalca Undefasa Ceramica in prihaja iz \u0160panije. Na spletu boste za to plo\u0161\u010dico od\u0161teli le 14,11 EUR, medtem ko v redni prodaji cena zna\u0161a 17,64 EUR. Z 41&#215;41 cm je ta plo\u0161\u010dica primerna za razli\u010dne podlage. 9 mm je debelina, ki zadovolji tudi zahtevnej\u0161e kupce. Ta plo\u0161\u010dica je na [&hellip;]<\/p>\n","protected":false},"featured_media":103395,"template":"","meta":[],"product_cat":[200,230,999,240,9991688],"product_tag":[],"_links":{"self":[{"href":"https:\/\/www.keramika.com\/slovenija\/wp-json\/wp\/v2\/product\/103394"}],"collection":[{"href":"https:\/\/www.keramika.com\/slovenija\/wp-json\/wp\/v2\/product"}],"about":[{"href":"https:\/\/www.keramika.com\/slovenija\/wp-json\/wp\/v2\/types\/product"}],"wp:featuredmedia":[{"embeddable":true,"href":"https:\/\/www.keramika.com\/slovenija\/wp-json\/wp\/v2\/media\/103395"}],"wp:attachment":[{"href":"https:\/\/www.keramika.com\/slovenija\/wp-json\/wp\/v2\/media?parent=103394"}],"wp:term":[{"taxonomy":"product_cat","embeddable":true,"href":"https:\/\/www.keramika.com\/slovenija\/wp-json\/wp\/v2\/product_cat?post=103394"},{"taxonomy":"product_tag","embeddable":true,"href":"https:\/\/www.keramika.com\/slovenija\/wp-json\/wp\/v2\/product_tag?post=103394"}],"curies":[{"name":"wp","href":"https:\/\/api.w.org\/{rel}","templated":true}]}}