{"id":103390,"date":"2017-03-22T23:37:38","date_gmt":"2017-03-22T23:37:38","guid":{"rendered":"http:\/\/keramika.holest.com\/slovenija\/product\/undefasa-colorgloss-malva\/"},"modified":"2026-01-03T00:00:23","modified_gmt":"2026-01-03T00:00:23","slug":"undefasa-colorgloss-malva","status":"publish","type":"product","link":"https:\/\/www.keramika.com\/slovenija\/undefasa-colorgloss-malva\/","title":{"rendered":"Undefasa colorgloss malva"},"content":{"rendered":"<p>Velikost te plo\u0161\u010dice je 25&#215;75 cm in je primerna za razli\u010dne povr\u0161ine. Debelina plo\u0161\u010dice je zelo pomembna in 9 mm uvr\u0161\u010da to plo\u0161\u010dico med najkvalitetnej\u0161e. Pri izbiri plo\u0161\u010dice v vijoli\u010dni barvi ne morete zgre\u0161iti. Undefasa colorgloss malva prihaja iz \u0160panije, ki je znana po zelo kvalitetni keramiki v svetovnem merilu. Zaradi ni\u017ejih stro\u0161kov pri spletni prodaji boste na na\u0161i strani za to plo\u0161\u010dico od\u0161teli le 22,9 EUR.<\/p>\n<p>Kliknite na ime kolekcije za ogled vseh plo\u0161\u010dic iz te serije: <a class=\"pdfcatal\" href=\"\/\/www.ceramictiles.com\/pdf\/undefasa\/catalogue_undefasa_colorgloss.pdf\" onclick=\"recordOutboundLink(this, 'E-mail', 'Description PDF');return false;\">Undefasa Ceramica Colorgloss<\/a><\/p>\n<p>\u010ce \u017eelite naro\u010diti model iz pdf kataloga te kolekcije, nam pi\u0161ite na: <a href=\"mailto:keramoteka.salon@gmail.com\" onclick=\"recordOutboundLink(this, 'E-mail', 'Description mail');return false;\">keramoteka.salon@gmail.com<\/a> ali pa nas pokli\u010dite na: 031 255 900.<\/p>\n","protected":false},"excerpt":{"rendered":"<p>Velikost te plo\u0161\u010dice je 25&#215;75 cm in je primerna za razli\u010dne povr\u0161ine. Debelina plo\u0161\u010dice je zelo pomembna in 9 mm uvr\u0161\u010da to plo\u0161\u010dico med najkvalitetnej\u0161e. Pri izbiri plo\u0161\u010dice v vijoli\u010dni barvi ne morete zgre\u0161iti. Undefasa colorgloss malva prihaja iz \u0160panije, ki je znana po zelo kvalitetni keramiki v svetovnem merilu. Zaradi ni\u017ejih stro\u0161kov pri spletni [&hellip;]<\/p>\n","protected":false},"featured_media":103391,"template":"","meta":[],"product_cat":[200,220,999,250,9991688],"product_tag":[],"_links":{"self":[{"href":"https:\/\/www.keramika.com\/slovenija\/wp-json\/wp\/v2\/product\/103390"}],"collection":[{"href":"https:\/\/www.keramika.com\/slovenija\/wp-json\/wp\/v2\/product"}],"about":[{"href":"https:\/\/www.keramika.com\/slovenija\/wp-json\/wp\/v2\/types\/product"}],"wp:featuredmedia":[{"embeddable":true,"href":"https:\/\/www.keramika.com\/slovenija\/wp-json\/wp\/v2\/media\/103391"}],"wp:attachment":[{"href":"https:\/\/www.keramika.com\/slovenija\/wp-json\/wp\/v2\/media?parent=103390"}],"wp:term":[{"taxonomy":"product_cat","embeddable":true,"href":"https:\/\/www.keramika.com\/slovenija\/wp-json\/wp\/v2\/product_cat?post=103390"},{"taxonomy":"product_tag","embeddable":true,"href":"https:\/\/www.keramika.com\/slovenija\/wp-json\/wp\/v2\/product_tag?post=103390"}],"curies":[{"name":"wp","href":"https:\/\/api.w.org\/{rel}","templated":true}]}}