{"id":103384,"date":"2017-03-22T23:37:26","date_gmt":"2017-03-22T23:37:26","guid":{"rendered":"http:\/\/keramika.holest.com\/slovenija\/product\/undefasa-blanco-brillo-liso\/"},"modified":"2026-01-03T00:00:22","modified_gmt":"2026-01-03T00:00:22","slug":"undefasa-blanco-brillo-liso","status":"publish","type":"product","link":"https:\/\/www.keramika.com\/slovenija\/undefasa-blanco-brillo-liso\/","title":{"rendered":"Undefasa blanco brillo liso"},"content":{"rendered":"<p>Redna cena te plo\u0161\u010dice v maloprodaji zna\u0161a 21,78 EUR, v na\u0161i spletni trgovini pa jo lahko dobite \u017ee za 17,42 EUR. Zelo moderna plo\u0161\u010dica v beli barvi popestri prav vsak prostor. Plo\u0161\u010dica je debela kar 9 mm, kar jo uvr\u0161\u010da med bolj trde plo\u0161\u010dice. Undefasa blanco brillo liso je plo\u0161\u010dica proizvajalca Undefasa Ceramica in prihaja iz \u0160panije. Velikost te plo\u0161\u010dice je 33&#215;60 cm in je primerna za razli\u010dne povr\u0161ine.<\/p>\n<p>Kliknite na ime kolekcije za ogled vseh plo\u0161\u010dic iz te serije: <a class=\"pdfcatal\" href=\"\/\/www.ceramictiles.com\/pdf\/undefasa\/catalogue_undefasa_blancos.pdf\" onclick=\"recordOutboundLink(this, 'E-mail', 'Description PDF');return false;\">Undefasa Ceramica Blancos<\/a><\/p>\n<p>\u010ce \u017eelite naro\u010diti model iz pdf kataloga te kolekcije, nam pi\u0161ite na: <a href=\"mailto:keramoteka.salon@gmail.com\" onclick=\"recordOutboundLink(this, 'E-mail', 'Description mail');return false;\">keramoteka.salon@gmail.com<\/a> ali pa nas pokli\u010dite na: 031 255 900.<\/p>\n","protected":false},"excerpt":{"rendered":"<p>Redna cena te plo\u0161\u010dice v maloprodaji zna\u0161a 21,78 EUR, v na\u0161i spletni trgovini pa jo lahko dobite \u017ee za 17,42 EUR. Zelo moderna plo\u0161\u010dica v beli barvi popestri prav vsak prostor. Plo\u0161\u010dica je debela kar 9 mm, kar jo uvr\u0161\u010da med bolj trde plo\u0161\u010dice. Undefasa blanco brillo liso je plo\u0161\u010dica proizvajalca Undefasa Ceramica in prihaja [&hellip;]<\/p>\n","protected":false},"featured_media":103385,"template":"","meta":[],"product_cat":[200,220,999,250,9991688],"product_tag":[],"_links":{"self":[{"href":"https:\/\/www.keramika.com\/slovenija\/wp-json\/wp\/v2\/product\/103384"}],"collection":[{"href":"https:\/\/www.keramika.com\/slovenija\/wp-json\/wp\/v2\/product"}],"about":[{"href":"https:\/\/www.keramika.com\/slovenija\/wp-json\/wp\/v2\/types\/product"}],"wp:featuredmedia":[{"embeddable":true,"href":"https:\/\/www.keramika.com\/slovenija\/wp-json\/wp\/v2\/media\/103385"}],"wp:attachment":[{"href":"https:\/\/www.keramika.com\/slovenija\/wp-json\/wp\/v2\/media?parent=103384"}],"wp:term":[{"taxonomy":"product_cat","embeddable":true,"href":"https:\/\/www.keramika.com\/slovenija\/wp-json\/wp\/v2\/product_cat?post=103384"},{"taxonomy":"product_tag","embeddable":true,"href":"https:\/\/www.keramika.com\/slovenija\/wp-json\/wp\/v2\/product_tag?post=103384"}],"curies":[{"name":"wp","href":"https:\/\/api.w.org\/{rel}","templated":true}]}}