{"id":103380,"date":"2017-03-22T23:37:19","date_gmt":"2017-03-22T23:37:19","guid":{"rendered":"http:\/\/keramika.holest.com\/slovenija\/product\/undefasa-avignon-naranja\/"},"modified":"2026-01-03T00:00:22","modified_gmt":"2026-01-03T00:00:22","slug":"undefasa-avignon-naranja","status":"publish","type":"product","link":"https:\/\/www.keramika.com\/slovenija\/undefasa-avignon-naranja\/","title":{"rendered":"Undefasa avignon naranja"},"content":{"rendered":"<p>Debelina plo\u0161\u010dice je zelo pomembna in 8 mm uvr\u0161\u010da to plo\u0161\u010dico med najkvalitetnej\u0161e. Zaradi ni\u017ejih stro\u0161kov pri spletni prodaji boste na na\u0161i strani za to plo\u0161\u010dico od\u0161teli le 16,99 EUR. Dimenzije te plo\u0161\u010dice so 28&#215;44 cm. Ta model plo\u0161\u010dice se najbolje prodaja v oran\u017eni barvi. Undefasa avignon naranja je plo\u0161\u010dica proizvajalca Undefasa Ceramica in prihaja iz \u0160panije.<\/p>\n<p>Kliknite na ime kolekcije za ogled vseh plo\u0161\u010dic iz te serije: <a class=\"pdfcatal\" href=\"\/\/www.ceramictiles.com\/pdf\/undefasa\/catalogue_undefasa_avignon.pdf\" onclick=\"recordOutboundLink(this, 'E-mail', 'Description PDF');return false;\">Undefasa Ceramica Avignon<\/a><\/p>\n<p>\u010ce \u017eelite naro\u010diti model iz pdf kataloga te kolekcije, nam pi\u0161ite na: <a href=\"mailto:keramoteka.salon@gmail.com\" onclick=\"recordOutboundLink(this, 'E-mail', 'Description mail');return false;\">keramoteka.salon@gmail.com<\/a> ali pa nas pokli\u010dite na: 031 255 900.<\/p>\n","protected":false},"excerpt":{"rendered":"<p>Debelina plo\u0161\u010dice je zelo pomembna in 8 mm uvr\u0161\u010da to plo\u0161\u010dico med najkvalitetnej\u0161e. Zaradi ni\u017ejih stro\u0161kov pri spletni prodaji boste na na\u0161i strani za to plo\u0161\u010dico od\u0161teli le 16,99 EUR. Dimenzije te plo\u0161\u010dice so 28&#215;44 cm. Ta model plo\u0161\u010dice se najbolje prodaja v oran\u017eni barvi. Undefasa avignon naranja je plo\u0161\u010dica proizvajalca Undefasa Ceramica in prihaja [&hellip;]<\/p>\n","protected":false},"featured_media":103381,"template":"","meta":[],"product_cat":[200,220,999,250,9991688],"product_tag":[],"_links":{"self":[{"href":"https:\/\/www.keramika.com\/slovenija\/wp-json\/wp\/v2\/product\/103380"}],"collection":[{"href":"https:\/\/www.keramika.com\/slovenija\/wp-json\/wp\/v2\/product"}],"about":[{"href":"https:\/\/www.keramika.com\/slovenija\/wp-json\/wp\/v2\/types\/product"}],"wp:featuredmedia":[{"embeddable":true,"href":"https:\/\/www.keramika.com\/slovenija\/wp-json\/wp\/v2\/media\/103381"}],"wp:attachment":[{"href":"https:\/\/www.keramika.com\/slovenija\/wp-json\/wp\/v2\/media?parent=103380"}],"wp:term":[{"taxonomy":"product_cat","embeddable":true,"href":"https:\/\/www.keramika.com\/slovenija\/wp-json\/wp\/v2\/product_cat?post=103380"},{"taxonomy":"product_tag","embeddable":true,"href":"https:\/\/www.keramika.com\/slovenija\/wp-json\/wp\/v2\/product_tag?post=103380"}],"curies":[{"name":"wp","href":"https:\/\/api.w.org\/{rel}","templated":true}]}}