{"id":103376,"date":"2017-03-22T23:37:11","date_gmt":"2017-03-22T23:37:11","guid":{"rendered":"http:\/\/keramika.holest.com\/slovenija\/product\/undefasa-aspe-blanco-mate\/"},"modified":"2026-01-03T00:00:21","modified_gmt":"2026-01-03T00:00:21","slug":"undefasa-aspe-blanco-mate","status":"publish","type":"product","link":"https:\/\/www.keramika.com\/slovenija\/undefasa-aspe-blanco-mate\/","title":{"rendered":"Undefasa aspe blanco mate"},"content":{"rendered":"<p>Zaradi ni\u017ejih stro\u0161kov pri spletni prodaji boste na na\u0161i strani za to plo\u0161\u010dico od\u0161teli le 16,22 EUR. \u0160irina in dol\u017eina te plo\u0161\u010dice sta 20&#215;50 cm. Debelina plo\u0161\u010dice je zelo pomembna in 8 mm uvr\u0161\u010da to plo\u0161\u010dico med najkvalitetnej\u0161e. Undefasa aspe blanco mate prihaja iz \u0160panije, ki je znana po zelo kvalitetni keramiki v svetovnem merilu. Pri izbiri plo\u0161\u010dice v beli barvi ne morete zgre\u0161iti.<\/p>\n<p>Kliknite na ime kolekcije za ogled vseh plo\u0161\u010dic iz te serije: <a class=\"pdfcatal\" href=\"\/\/www.ceramictiles.com\/pdf\/undefasa\/catalogue_undefasa_aspe_sinai.pdf\" onclick=\"recordOutboundLink(this, 'E-mail', 'Description PDF');return false;\">Undefasa Ceramica Aspe<\/a><\/p>\n<p>\u010ce \u017eelite naro\u010diti model iz pdf kataloga te kolekcije, nam pi\u0161ite na: <a href=\"mailto:keramoteka.salon@gmail.com\" onclick=\"recordOutboundLink(this, 'E-mail', 'Description mail');return false;\">keramoteka.salon@gmail.com<\/a> ali pa nas pokli\u010dite na: 031 255 900.<\/p>\n","protected":false},"excerpt":{"rendered":"<p>Zaradi ni\u017ejih stro\u0161kov pri spletni prodaji boste na na\u0161i strani za to plo\u0161\u010dico od\u0161teli le 16,22 EUR. \u0160irina in dol\u017eina te plo\u0161\u010dice sta 20&#215;50 cm. Debelina plo\u0161\u010dice je zelo pomembna in 8 mm uvr\u0161\u010da to plo\u0161\u010dico med najkvalitetnej\u0161e. Undefasa aspe blanco mate prihaja iz \u0160panije, ki je znana po zelo kvalitetni keramiki v svetovnem merilu. [&hellip;]<\/p>\n","protected":false},"featured_media":103377,"template":"","meta":[],"product_cat":[200,230,999,250,9991688],"product_tag":[],"_links":{"self":[{"href":"https:\/\/www.keramika.com\/slovenija\/wp-json\/wp\/v2\/product\/103376"}],"collection":[{"href":"https:\/\/www.keramika.com\/slovenija\/wp-json\/wp\/v2\/product"}],"about":[{"href":"https:\/\/www.keramika.com\/slovenija\/wp-json\/wp\/v2\/types\/product"}],"wp:featuredmedia":[{"embeddable":true,"href":"https:\/\/www.keramika.com\/slovenija\/wp-json\/wp\/v2\/media\/103377"}],"wp:attachment":[{"href":"https:\/\/www.keramika.com\/slovenija\/wp-json\/wp\/v2\/media?parent=103376"}],"wp:term":[{"taxonomy":"product_cat","embeddable":true,"href":"https:\/\/www.keramika.com\/slovenija\/wp-json\/wp\/v2\/product_cat?post=103376"},{"taxonomy":"product_tag","embeddable":true,"href":"https:\/\/www.keramika.com\/slovenija\/wp-json\/wp\/v2\/product_tag?post=103376"}],"curies":[{"name":"wp","href":"https:\/\/api.w.org\/{rel}","templated":true}]}}