{"id":103320,"date":"2017-03-22T23:33:20","date_gmt":"2017-03-22T23:33:20","guid":{"rendered":"http:\/\/keramika.holest.com\/slovenija\/product\/ploscice-imitacija-kamna-magma\/"},"modified":"2026-01-03T00:00:15","modified_gmt":"2026-01-03T00:00:15","slug":"ploscice-imitacija-kamna-magma","status":"publish","type":"product","link":"https:\/\/www.keramika.com\/slovenija\/ploscice-imitacija-kamna-magma\/","title":{"rendered":"Plo\u0161\u010dice imitacija kamna Magma"},"content":{"rendered":"<p>Halcon Stone Magma je na voljo po zelo ugodni ceni 19,75 EUR. Zelo moderna plo\u0161\u010dica v sivi barvi popestri prav vsak prostor. Velikost te plo\u0161\u010dice je 40,5&#215;60,8 cm in je primerna za razli\u010dne povr\u0161ine. Prihaja iz \u0160panije, ki po svetu slovi kot ena bolj\u0161ih proizvajalk kerami\u010dnih plo\u0161\u010dic. 9 mm je debelina, ki zadovolji tudi zahtevnej\u0161e kupce.<\/p>\n<p>Kliknite na ime kolekcije za ogled vseh plo\u0161\u010dic iz te serije: <a class=\"pdfcatal\" href=\"\/\/www.ceramictiles.com\/pdf\/halcon\/catalogue_halcon_stone.pdf\" onclick=\"recordOutboundLink(this, 'E-mail', 'Description PDF');return false;\">Halcon Ceramicas Stone<\/a><\/p>\n<p>\u010ce \u017eelite naro\u010diti model iz pdf kataloga te kolekcije, nam pi\u0161ite na: <a href=\"mailto:keramoteka.salon@gmail.com\" onclick=\"recordOutboundLink(this, 'E-mail', 'Description mail');return false;\">keramoteka.salon@gmail.com<\/a> ali pa nas pokli\u010dite na: +386 31 255 900.<\/p>\n","protected":false},"excerpt":{"rendered":"<p>Halcon Stone Magma je na voljo po zelo ugodni ceni 19,75 EUR. Zelo moderna plo\u0161\u010dica v sivi barvi popestri prav vsak prostor. Velikost te plo\u0161\u010dice je 40,5&#215;60,8 cm in je primerna za razli\u010dne povr\u0161ine. Prihaja iz \u0160panije, ki po svetu slovi kot ena bolj\u0161ih proizvajalk kerami\u010dnih plo\u0161\u010dic. 9 mm je debelina, ki zadovolji tudi zahtevnej\u0161e [&hellip;]<\/p>\n","protected":false},"featured_media":103321,"template":"","meta":[],"product_cat":[99946,200,230,999,250],"product_tag":[],"_links":{"self":[{"href":"https:\/\/www.keramika.com\/slovenija\/wp-json\/wp\/v2\/product\/103320"}],"collection":[{"href":"https:\/\/www.keramika.com\/slovenija\/wp-json\/wp\/v2\/product"}],"about":[{"href":"https:\/\/www.keramika.com\/slovenija\/wp-json\/wp\/v2\/types\/product"}],"wp:featuredmedia":[{"embeddable":true,"href":"https:\/\/www.keramika.com\/slovenija\/wp-json\/wp\/v2\/media\/103321"}],"wp:attachment":[{"href":"https:\/\/www.keramika.com\/slovenija\/wp-json\/wp\/v2\/media?parent=103320"}],"wp:term":[{"taxonomy":"product_cat","embeddable":true,"href":"https:\/\/www.keramika.com\/slovenija\/wp-json\/wp\/v2\/product_cat?post=103320"},{"taxonomy":"product_tag","embeddable":true,"href":"https:\/\/www.keramika.com\/slovenija\/wp-json\/wp\/v2\/product_tag?post=103320"}],"curies":[{"name":"wp","href":"https:\/\/api.w.org\/{rel}","templated":true}]}}