{"id":103310,"date":"2017-03-22T23:33:03","date_gmt":"2017-03-22T23:33:03","guid":{"rendered":"http:\/\/keramika.holest.com\/slovenija\/product\/halcon-life-lila\/"},"modified":"2026-01-03T00:00:14","modified_gmt":"2026-01-03T00:00:14","slug":"halcon-life-lila","status":"publish","type":"product","link":"https:\/\/www.keramika.com\/slovenija\/halcon-life-lila\/","title":{"rendered":"Halcon Life Lila"},"content":{"rendered":"<p>Ta kerami\u010dna plo\u0161\u010dica v \u010dudoviti vijoli\u010dni barvi bo obogatila vsak prostor. Halcon Life Lila je na voljo po zelo ugodni ceni 13,67 EUR. 9 mm debeline je dovolj tudi za zahtevnej\u0161e kupce. Ta plo\u0161\u010dica prihaja iz \u0160panije, ki je znana po kvalitetni keramiki. Velikost te plo\u0161\u010dice je 20&#215;50 cm in je primerna za razli\u010dne povr\u0161ine.<\/p>\n<p>Kliknite na ime kolekcije za ogled vseh plo\u0161\u010dic iz te serije: <a class=\"pdfcatal\" href=\"\/\/www.ceramictiles.com\/pdf\/halcon\/catalogue_halcon_life.pdf\" onclick=\"recordOutboundLink(this, 'E-mail', 'Description PDF');return false;\">Halcon Ceramicas Life<\/a><\/p>\n<p>\u010ce \u017eelite naro\u010diti model iz pdf kataloga te kolekcije, nam pi\u0161ite na: <a href=\"mailto:keramoteka.salon@gmail.com\" onclick=\"recordOutboundLink(this, 'E-mail', 'Description mail');return false;\">keramoteka.salon@gmail.com<\/a> ali pa nas pokli\u010dite na: +386 31 255 900.<\/p>\n","protected":false},"excerpt":{"rendered":"<p>Ta kerami\u010dna plo\u0161\u010dica v \u010dudoviti vijoli\u010dni barvi bo obogatila vsak prostor. Halcon Life Lila je na voljo po zelo ugodni ceni 13,67 EUR. 9 mm debeline je dovolj tudi za zahtevnej\u0161e kupce. Ta plo\u0161\u010dica prihaja iz \u0160panije, ki je znana po kvalitetni keramiki. Velikost te plo\u0161\u010dice je 20&#215;50 cm in je primerna za razli\u010dne povr\u0161ine. [&hellip;]<\/p>\n","protected":false},"featured_media":103311,"template":"","meta":[],"product_cat":[99946,200,220,999,250],"product_tag":[],"_links":{"self":[{"href":"https:\/\/www.keramika.com\/slovenija\/wp-json\/wp\/v2\/product\/103310"}],"collection":[{"href":"https:\/\/www.keramika.com\/slovenija\/wp-json\/wp\/v2\/product"}],"about":[{"href":"https:\/\/www.keramika.com\/slovenija\/wp-json\/wp\/v2\/types\/product"}],"wp:featuredmedia":[{"embeddable":true,"href":"https:\/\/www.keramika.com\/slovenija\/wp-json\/wp\/v2\/media\/103311"}],"wp:attachment":[{"href":"https:\/\/www.keramika.com\/slovenija\/wp-json\/wp\/v2\/media?parent=103310"}],"wp:term":[{"taxonomy":"product_cat","embeddable":true,"href":"https:\/\/www.keramika.com\/slovenija\/wp-json\/wp\/v2\/product_cat?post=103310"},{"taxonomy":"product_tag","embeddable":true,"href":"https:\/\/www.keramika.com\/slovenija\/wp-json\/wp\/v2\/product_tag?post=103310"}],"curies":[{"name":"wp","href":"https:\/\/api.w.org\/{rel}","templated":true}]}}