{"id":103306,"date":"2017-03-22T23:32:56","date_gmt":"2017-03-22T23:32:56","guid":{"rendered":"http:\/\/keramika.holest.com\/slovenija\/product\/porcelan-ploscice-60x60-habitat-gris\/"},"modified":"2026-01-03T00:00:13","modified_gmt":"2026-01-03T00:00:13","slug":"porcelan-ploscice-60x60-habitat-gris","status":"publish","type":"product","link":"https:\/\/www.keramika.com\/slovenija\/porcelan-ploscice-60x60-habitat-gris\/","title":{"rendered":"Porcelan plo\u0161\u010dice 60&#215;60 Habitat Gris"},"content":{"rendered":"<p>\u0160irina in dol\u017eina te plo\u0161\u010dice sta 30&#215;60 cm. Ta kerami\u010dna plo\u0161\u010dica v \u010dudoviti sivi barvi bo obogatila vsak prostor. V redni prodaji bi morali za to plo\u0161\u010dico od\u0161teti 39,88 EUR, spletna cena pa zna\u0161a le 31,9 EUR. Debelina kar 9 mm dela to plo\u0161\u010dico zelo trpe\u017eno in presti\u017eno na otip. Prihaja iz \u0160panije, ki po svetu slovi kot ena bolj\u0161ih proizvajalk kerami\u010dnih plo\u0161\u010dic.<\/p>\n<p>Kliknite na ime kolekcije za ogled vseh plo\u0161\u010dic iz te serije: <a class=\"pdfcatal\" href=\"\/\/www.ceramictiles.com\/pdf\/halcon\/catalogue_halcon_habitat.pdf\" onclick=\"recordOutboundLink(this, 'E-mail', 'Description PDF');return false;\">Halcon Ceramicas Habitat<\/a><\/p>\n<p>\u010ce \u017eelite naro\u010diti model iz pdf kataloga te kolekcije, nam pi\u0161ite na: <a href=\"mailto:keramoteka.salon@gmail.com\" onclick=\"recordOutboundLink(this, 'E-mail', 'Description mail');return false;\">keramoteka.salon@gmail.com<\/a> ali pa nas pokli\u010dite na: +386 31 255 900.<\/p>\n<p>Clase UNE-ENV  12633:2003 &#8211;  1<br \/>HABITAT Gris [B110] 30X60 cm <br \/>HABITAT LP Gris [B126] 30X60 cm<br \/>HABITAT Gris [B110] 60X60 cm<br \/>HABITAT LP Gris [B135] 60X60 cm<br \/>HABITAT Gris [B129] 80X80 cm<br \/>HABITAT Marengo [B110] 30X60 cm<br \/>HABITAT LP Marengo [B126] 30X60 cm<br \/>HABITAT Marengo [B110] 60X60 cm<br \/>HABITAT LP Marengo [B135] 60X60 cm<br \/>HABITAT Marengo [B129] 80X80 cm<br \/>HABITAT Gris [B65] 44X44 cm<br \/>HABITAT Marengo [B65] 44X44 cm<br \/>HABITAT Crema [B65] 44X44 cm<br \/><a class=\"\"pdfcatal\" href=\"\/\/www.ceramictiles.com\/pdf\/e-ceramica\/porcelain_ceramic_tiles_catalogue.pdf\"onclick=\"recordOutboundLink(this, 'E-mail', 'Description PDF');return false;\"> Porcelan plo\u0161\u010dice  &#8211; Katalog <\/a><\/p>\n","protected":false},"excerpt":{"rendered":"<p>\u0160irina in dol\u017eina te plo\u0161\u010dice sta 30&#215;60 cm. Ta kerami\u010dna plo\u0161\u010dica v \u010dudoviti sivi barvi bo obogatila vsak prostor. V redni prodaji bi morali za to plo\u0161\u010dico od\u0161teti 39,88 EUR, spletna cena pa zna\u0161a le 31,9 EUR. Debelina kar 9 mm dela to plo\u0161\u010dico zelo trpe\u017eno in presti\u017eno na otip. Prihaja iz \u0160panije, ki po [&hellip;]<\/p>\n","protected":false},"featured_media":103307,"template":"","meta":[],"product_cat":[99946,200,999,290,270],"product_tag":[],"_links":{"self":[{"href":"https:\/\/www.keramika.com\/slovenija\/wp-json\/wp\/v2\/product\/103306"}],"collection":[{"href":"https:\/\/www.keramika.com\/slovenija\/wp-json\/wp\/v2\/product"}],"about":[{"href":"https:\/\/www.keramika.com\/slovenija\/wp-json\/wp\/v2\/types\/product"}],"wp:featuredmedia":[{"embeddable":true,"href":"https:\/\/www.keramika.com\/slovenija\/wp-json\/wp\/v2\/media\/103307"}],"wp:attachment":[{"href":"https:\/\/www.keramika.com\/slovenija\/wp-json\/wp\/v2\/media?parent=103306"}],"wp:term":[{"taxonomy":"product_cat","embeddable":true,"href":"https:\/\/www.keramika.com\/slovenija\/wp-json\/wp\/v2\/product_cat?post=103306"},{"taxonomy":"product_tag","embeddable":true,"href":"https:\/\/www.keramika.com\/slovenija\/wp-json\/wp\/v2\/product_tag?post=103306"}],"curies":[{"name":"wp","href":"https:\/\/api.w.org\/{rel}","templated":true}]}}