{"id":103304,"date":"2017-03-22T23:32:53","date_gmt":"2017-03-22T23:32:53","guid":{"rendered":"http:\/\/keramika.holest.com\/slovenija\/product\/halcon-fuste-crema\/"},"modified":"2026-01-03T00:00:13","modified_gmt":"2026-01-03T00:00:13","slug":"halcon-fuste-crema","status":"publish","type":"product","link":"https:\/\/www.keramika.com\/slovenija\/halcon-fuste-crema\/","title":{"rendered":"Halcon Fuste Crema"},"content":{"rendered":"<p>Ta plo\u0161\u010dica je debela 9 mm in je zelo trpe\u017ena. Zelo moderna plo\u0161\u010dica v be\u017e barvi popestri prav vsak prostor. Halcon Fuste Crema je plo\u0161\u010dica proizvajalca Halcon Ceramicas in prihaja iz \u0160panije. Velikost te plo\u0161\u010dice je 31&#215;45 cm. Zaradi ni\u017ejih stro\u0161kov pri spletni prodaji boste na na\u0161i strani za to plo\u0161\u010dico od\u0161teli le 11,07 EUR.<\/p>\n<p>Kliknite na ime kolekcije za ogled vseh plo\u0161\u010dic iz te serije: <a class=\"pdfcatal\" href=\"\/\/www.ceramictiles.com\/pdf\/halcon\/catalogue_halcon_fuste.pdf\" onclick=\"recordOutboundLink(this, 'E-mail', 'Description PDF');return false;\">Halcon Ceramicas Fuste<\/a><\/p>\n<p>\u010ce \u017eelite naro\u010diti model iz pdf kataloga te kolekcije, nam pi\u0161ite na: <a href=\"mailto:keramoteka.salon@gmail.com\" onclick=\"recordOutboundLink(this, 'E-mail', 'Description mail');return false;\">keramoteka.salon@gmail.com<\/a> ali pa nas pokli\u010dite na: +386 31 255 900.<\/p>\n","protected":false},"excerpt":{"rendered":"<p>Ta plo\u0161\u010dica je debela 9 mm in je zelo trpe\u017ena. Zelo moderna plo\u0161\u010dica v be\u017e barvi popestri prav vsak prostor. Halcon Fuste Crema je plo\u0161\u010dica proizvajalca Halcon Ceramicas in prihaja iz \u0160panije. Velikost te plo\u0161\u010dice je 31&#215;45 cm. Zaradi ni\u017ejih stro\u0161kov pri spletni prodaji boste na na\u0161i strani za to plo\u0161\u010dico od\u0161teli le 11,07 EUR. [&hellip;]<\/p>\n","protected":false},"featured_media":103305,"template":"","meta":[],"product_cat":[99946,200,230,999,240],"product_tag":[],"_links":{"self":[{"href":"https:\/\/www.keramika.com\/slovenija\/wp-json\/wp\/v2\/product\/103304"}],"collection":[{"href":"https:\/\/www.keramika.com\/slovenija\/wp-json\/wp\/v2\/product"}],"about":[{"href":"https:\/\/www.keramika.com\/slovenija\/wp-json\/wp\/v2\/types\/product"}],"wp:featuredmedia":[{"embeddable":true,"href":"https:\/\/www.keramika.com\/slovenija\/wp-json\/wp\/v2\/media\/103305"}],"wp:attachment":[{"href":"https:\/\/www.keramika.com\/slovenija\/wp-json\/wp\/v2\/media?parent=103304"}],"wp:term":[{"taxonomy":"product_cat","embeddable":true,"href":"https:\/\/www.keramika.com\/slovenija\/wp-json\/wp\/v2\/product_cat?post=103304"},{"taxonomy":"product_tag","embeddable":true,"href":"https:\/\/www.keramika.com\/slovenija\/wp-json\/wp\/v2\/product_tag?post=103304"}],"curies":[{"name":"wp","href":"https:\/\/api.w.org\/{rel}","templated":true}]}}