{"id":103302,"date":"2017-03-22T23:32:50","date_gmt":"2017-03-22T23:32:50","guid":{"rendered":"http:\/\/keramika.holest.com\/slovenija\/product\/halcon-enjoy-azul\/"},"modified":"2026-01-03T00:00:13","modified_gmt":"2026-01-03T00:00:13","slug":"halcon-enjoy-azul","status":"publish","type":"product","link":"https:\/\/www.keramika.com\/slovenija\/halcon-enjoy-azul\/","title":{"rendered":"Halcon Enjoy Azul"},"content":{"rendered":"<p>Velikost te plo\u0161\u010dice je 20&#215;50 cm. Redna cena te plo\u0161\u010dice v maloprodaji zna\u0161a 17,09 EUR, v na\u0161i spletni trgovini pa jo lahko dobite \u017ee za 13,67 EUR. Prihaja iz \u0160panije, ki po svetu slovi kot ena bolj\u0161ih proizvajalk kerami\u010dnih plo\u0161\u010dic. 9 mm je debelina, ki zadovolji tudi zahtevnej\u0161e kupce. Ta model plo\u0161\u010dice se najbolje prodaja v modri barvi.<\/p>\n<p>Kliknite na ime kolekcije za ogled vseh plo\u0161\u010dic iz te serije: <a class=\"pdfcatal\" href=\"\/\/www.ceramictiles.com\/pdf\/halcon\/catalogue_halcon_enjoy.pdf\" onclick=\"recordOutboundLink(this, 'E-mail', 'Description PDF');return false;\">Halcon Ceramicas Enjoy<\/a><\/p>\n<p>\u010ce \u017eelite naro\u010diti model iz pdf kataloga te kolekcije, nam pi\u0161ite na: <a href=\"mailto:keramoteka.salon@gmail.com\" onclick=\"recordOutboundLink(this, 'E-mail', 'Description mail');return false;\">keramoteka.salon@gmail.com<\/a> ali pa nas pokli\u010dite na: +386 31 255 900.<\/p>\n","protected":false},"excerpt":{"rendered":"<p>Velikost te plo\u0161\u010dice je 20&#215;50 cm. Redna cena te plo\u0161\u010dice v maloprodaji zna\u0161a 17,09 EUR, v na\u0161i spletni trgovini pa jo lahko dobite \u017ee za 13,67 EUR. Prihaja iz \u0160panije, ki po svetu slovi kot ena bolj\u0161ih proizvajalk kerami\u010dnih plo\u0161\u010dic. 9 mm je debelina, ki zadovolji tudi zahtevnej\u0161e kupce. Ta model plo\u0161\u010dice se najbolje prodaja [&hellip;]<\/p>\n","protected":false},"featured_media":103303,"template":"","meta":[],"product_cat":[99946,200,220,999,250],"product_tag":[],"_links":{"self":[{"href":"https:\/\/www.keramika.com\/slovenija\/wp-json\/wp\/v2\/product\/103302"}],"collection":[{"href":"https:\/\/www.keramika.com\/slovenija\/wp-json\/wp\/v2\/product"}],"about":[{"href":"https:\/\/www.keramika.com\/slovenija\/wp-json\/wp\/v2\/types\/product"}],"wp:featuredmedia":[{"embeddable":true,"href":"https:\/\/www.keramika.com\/slovenija\/wp-json\/wp\/v2\/media\/103303"}],"wp:attachment":[{"href":"https:\/\/www.keramika.com\/slovenija\/wp-json\/wp\/v2\/media?parent=103302"}],"wp:term":[{"taxonomy":"product_cat","embeddable":true,"href":"https:\/\/www.keramika.com\/slovenija\/wp-json\/wp\/v2\/product_cat?post=103302"},{"taxonomy":"product_tag","embeddable":true,"href":"https:\/\/www.keramika.com\/slovenija\/wp-json\/wp\/v2\/product_tag?post=103302"}],"curies":[{"name":"wp","href":"https:\/\/api.w.org\/{rel}","templated":true}]}}