{"id":103300,"date":"2017-12-17T23:32:47","date_gmt":"2017-12-17T23:32:47","guid":{"rendered":"http:\/\/keramika.holest.com\/slovenija\/product\/halcon-elegance-crema\/"},"modified":"2026-01-03T00:00:13","modified_gmt":"2026-01-03T00:00:13","slug":"halcon-elegance-crema","status":"publish","type":"product","link":"https:\/\/www.keramika.com\/slovenija\/halcon-elegance-crema\/","title":{"rendered":"Halcon Elegance Crema"},"content":{"rendered":"<p>Halcon Elegance Crema je plo\u0161\u010dica proizvajalca Halcon Ceramicas in prihaja iz \u0160panije. Velikost te plo\u0161\u010dice je 24,2&#215;68,5 cm in je primerna za razli\u010dne povr\u0161ine. Ta plo\u0161\u010dica je debela 9 mm in je zelo trpe\u017ena. Pri izbiri plo\u0161\u010dice v sivi barvi ne morete zgre\u0161iti. Na spletu boste za to plo\u0161\u010dico od\u0161teli le 17,93 EUR, medtem ko v redni prodaji cena zna\u0161a 22,41 EUR.<\/p>\n<p>Kliknite na ime kolekcije za ogled vseh plo\u0161\u010dic iz te serije: <a class=\"pdfcatal\" href=\"\/\/www.ceramictiles.com\/pdf\/halcon\/catalogue_halcon_elegance.pdf\" onclick=\"recordOutboundLink(this, 'E-mail', 'Description PDF');return false;\">Halcon Ceramicas Elegance<\/a><\/p>\n<p>\u010ce \u017eelite naro\u010diti model iz pdf kataloga te kolekcije, nam pi\u0161ite na: <a href=\"mailto:keramoteka.salon@gmail.com\" onclick=\"recordOutboundLink(this, 'E-mail', 'Description mail');return false;\">keramoteka.salon@gmail.com<\/a> ali pa nas pokli\u010dite na: +386 31 255 900.<\/p>\n<p>Velikost:24,2X68,5; 25X40; 33X55; 45X45; 60,5X60,5<br \/>\n[vc_row][vc_column width=&#8221;1\/3&#8243;][vc_single_image source=&#8221;external_link&#8221; onclick=&#8221;link_image&#8221; custom_src=&#8221;https:\/\/www.ceramictiles.com\/images\/halcon\/halcon_24.2&#215;68.5_elegance_crema.jpg&#8221; el_class=&#8221;eheight&#8221;]<br \/>[vc_column_text]<strong><br \/>24,2X68,5 Elegance Crema<\/strong><br \/><a class=\"pdfcatal\" href=\"\/\/www.ceramictiles.com\/pdf\/catalogue_halcon_wall.pdf\" onclick=\"recordOutboundLink(this, 'E-mail', 'Description PDF');return false;\"> PDF Zbirni katalog<\/a><\/a><br \/>Za najbolj\u0161o ponudbo nam po\u0161ljite natan\u010dno: barvo, velikost, koli\u010dino in naslov za dostavo.<br \/><a href=\"mailto:keramoteka.salon@gmail.com\" onclick=\"recordOutboundLink(this, 'E-mail', 'Description mail');return false;\">Po\u0161ta za zahtevo<\/a>[\/vc_column_text][vc_separator color=&#8221;black&#8221; border_width=&#8221;2&#8243;]<br \/>\n[\/vc_column][vc_column width=&#8221;1\/3&#8243;][vc_single_image source=&#8221;external_link&#8221; onclick=&#8221;link_image&#8221; custom_src=&#8221;https:\/\/www.ceramictiles.com\/images\/halcon\/halcon_24.2&#215;68.5_elegance_gris.jpg&#8221; el_class=&#8221;eheight&#8221;]<br \/>[vc_column_text]<strong><br \/>24,2X68,5 Elegance Gris<\/strong><br \/><a class=\"pdfcatal\" href=\"\/\/www.ceramictiles.com\/pdf\/catalogue_halcon_wall.pdf\" onclick=\"recordOutboundLink(this, 'E-mail', 'Description PDF');return false;\"> PDF Zbirni katalog<\/a><\/a><br \/>Za najbolj\u0161o ponudbo nam po\u0161ljite natan\u010dno: barvo, velikost, koli\u010dino in naslov za dostavo.<br \/><a href=\"mailto:keramoteka.salon@gmail.com\" onclick=\"recordOutboundLink(this, 'E-mail', 'Description mail');return false;\">Po\u0161ta za zahtevo<\/a>[\/vc_column_text][vc_separator color=&#8221;black&#8221; border_width=&#8221;2&#8243;]<br \/>\n[\/vc_column][vc_column width=&#8221;1\/3&#8243;][vc_single_image source=&#8221;external_link&#8221; onclick=&#8221;link_image&#8221; custom_src=&#8221;https:\/\/www.ceramictiles.com\/images\/halcon\/halcon_25x40_elegance.jpg&#8221; el_class=&#8221;eheight&#8221;]<br \/>[vc_column_text]<strong><br \/>25X40 Elegance<\/strong><br \/><a class=\"pdfcatal\" href=\"\/\/www.ceramictiles.com\/pdf\/catalogue_halcon_wall.pdf\" onclick=\"recordOutboundLink(this, 'E-mail', 'Description PDF');return false;\"> PDF Zbirni katalog<\/a><\/a><br \/>Za najbolj\u0161o ponudbo nam po\u0161ljite natan\u010dno: barvo, velikost, koli\u010dino in naslov za dostavo.<br \/><a href=\"mailto:keramoteka.salon@gmail.com\" onclick=\"recordOutboundLink(this, 'E-mail', 'Description mail');return false;\">Po\u0161ta za zahtevo<\/a>[\/vc_column_text][vc_separator color=&#8221;black&#8221; border_width=&#8221;2&#8243;]<br \/>\n[\/vc_column][vc_column width=&#8221;1\/3&#8243;][vc_single_image source=&#8221;external_link&#8221; onclick=&#8221;link_image&#8221; custom_src=&#8221;https:\/\/www.ceramictiles.com\/images\/halcon\/halcon_33x55_elegance_crema.jpg&#8221; el_class=&#8221;eheight&#8221;]<br \/>[vc_column_text]<strong><br \/>33X55 Elegance Crema<\/strong><br \/><a class=\"pdfcatal\" href=\"\/\/www.ceramictiles.com\/pdf\/catalogue_halcon_wall.pdf\" onclick=\"recordOutboundLink(this, 'E-mail', 'Description PDF');return false;\"> PDF Zbirni katalog<\/a><\/a><br \/>Za najbolj\u0161o ponudbo nam po\u0161ljite natan\u010dno: barvo, velikost, koli\u010dino in naslov za dostavo.<br \/><a href=\"mailto:keramoteka.salon@gmail.com\" onclick=\"recordOutboundLink(this, 'E-mail', 'Description mail');return false;\">Po\u0161ta za zahtevo<\/a>[\/vc_column_text][vc_separator color=&#8221;black&#8221; border_width=&#8221;2&#8243;]<br \/>\n[\/vc_column][vc_column width=&#8221;1\/3&#8243;][vc_single_image source=&#8221;external_link&#8221; onclick=&#8221;link_image&#8221; custom_src=&#8221;https:\/\/www.ceramictiles.com\/images\/halcon\/halcon_60.5&#215;60.5_elegance_crema.jpg&#8221; el_class=&#8221;eheight&#8221;]<br \/>[vc_column_text]<strong><br \/>60,5X60,5 Elegance Crema<\/strong><br \/><a class=\"pdfcatal\" href=\"\/\/www.ceramictiles.com\/pdf\/catalogue_halcon_wall.pdf\" onclick=\"recordOutboundLink(this, 'E-mail', 'Description PDF');return false;\"> PDF Zbirni katalog<\/a><\/a><br \/>Za najbolj\u0161o ponudbo nam po\u0161ljite natan\u010dno: barvo, velikost, koli\u010dino in naslov za dostavo.<br \/><a href=\"mailto:keramoteka.salon@gmail.com\" onclick=\"recordOutboundLink(this, 'E-mail', 'Description mail');return false;\">Po\u0161ta za zahtevo<\/a>[\/vc_column_text][vc_separator color=&#8221;black&#8221; border_width=&#8221;2&#8243;]<br \/>\n[\/vc_column][vc_column width=&#8221;1\/3&#8243;][vc_single_image source=&#8221;external_link&#8221; onclick=&#8221;link_image&#8221; custom_src=&#8221;https:\/\/www.ceramictiles.com\/images\/halcon\/halcon_60.5&#215;60.5_elegance_gris.jpg&#8221; el_class=&#8221;eheight&#8221;]<br \/>[vc_column_text]<strong><br \/>60,5X60,5 Elegance Gris<\/strong><br \/><a class=\"pdfcatal\" href=\"\/\/www.ceramictiles.com\/pdf\/catalogue_halcon_wall.pdf\" onclick=\"recordOutboundLink(this, 'E-mail', 'Description PDF');return false;\"> PDF Zbirni katalog<\/a><\/a><br \/>Za najbolj\u0161o ponudbo nam po\u0161ljite natan\u010dno: barvo, velikost, koli\u010dino in naslov za dostavo.<br \/><a href=\"mailto:keramoteka.salon@gmail.com\" onclick=\"recordOutboundLink(this, 'E-mail', 'Description mail');return false;\">Po\u0161ta za zahtevo<\/a>[\/vc_column_text][vc_separator color=&#8221;black&#8221; border_width=&#8221;2&#8243;]<br \/>\n[\/vc_column][vc_column width=&#8221;1\/3&#8243;][vc_single_image source=&#8221;external_link&#8221; onclick=&#8221;link_image&#8221; custom_src=&#8221;https:\/\/www.ceramictiles.com\/images\/halcon\/halcon_d._elegance_crema_24.2&#215;68.5.jpg&#8221; el_class=&#8221;eheight&#8221;]<br \/>[vc_column_text]<strong><br \/>D, Elegance Crema 24,2X68,5<\/strong><br \/><a class=\"pdfcatal\" href=\"\/\/www.ceramictiles.com\/pdf\/catalogue_halcon_wall.pdf\" onclick=\"recordOutboundLink(this, 'E-mail', 'Description PDF');return false;\"> PDF Zbirni katalog<\/a><\/a><br \/>Za najbolj\u0161o ponudbo nam po\u0161ljite natan\u010dno: barvo, velikost, koli\u010dino in naslov za dostavo.<br \/><a href=\"mailto:keramoteka.salon@gmail.com\" onclick=\"recordOutboundLink(this, 'E-mail', 'Description mail');return false;\">Po\u0161ta za zahtevo<\/a>[\/vc_column_text][vc_separator color=&#8221;black&#8221; border_width=&#8221;2&#8243;]<br \/>\n[\/vc_column][vc_column width=&#8221;1\/3&#8243;][vc_single_image source=&#8221;external_link&#8221; onclick=&#8221;link_image&#8221; custom_src=&#8221;https:\/\/www.ceramictiles.com\/images\/halcon\/halcon_d._elegance_gris_24.2&#215;68.5.jpg&#8221; el_class=&#8221;eheight&#8221;]<br \/>[vc_column_text]<strong><br \/>D, Elegance Gris 24,2X68,5<\/strong><br \/><a class=\"pdfcatal\" href=\"\/\/www.ceramictiles.com\/pdf\/catalogue_halcon_wall.pdf\" onclick=\"recordOutboundLink(this, 'E-mail', 'Description PDF');return false;\"> PDF Zbirni katalog<\/a><\/a><br \/>Za najbolj\u0161o ponudbo nam po\u0161ljite natan\u010dno: barvo, velikost, koli\u010dino in naslov za dostavo.<br \/><a href=\"mailto:keramoteka.salon@gmail.com\" onclick=\"recordOutboundLink(this, 'E-mail', 'Description mail');return false;\">Po\u0161ta za zahtevo<\/a>[\/vc_column_text][vc_separator color=&#8221;black&#8221; border_width=&#8221;2&#8243;]<br \/>\n[\/vc_column][vc_column width=&#8221;1\/3&#8243;][vc_single_image source=&#8221;external_link&#8221; onclick=&#8221;link_image&#8221; custom_src=&#8221;https:\/\/www.ceramictiles.com\/images\/halcon\/halcon_d._sonata-1_24.2&#215;68.5.jpg&#8221; el_class=&#8221;eheight&#8221;]<br \/>[vc_column_text]<strong><br \/>D, Sonata-1 24,2X68,5<\/strong><br \/><a class=\"pdfcatal\" href=\"\/\/www.ceramictiles.com\/pdf\/catalogue_halcon_wall.pdf\" onclick=\"recordOutboundLink(this, 'E-mail', 'Description PDF');return false;\"> PDF Zbirni katalog<\/a><\/a><br \/>Za najbolj\u0161o ponudbo nam po\u0161ljite natan\u010dno: barvo, velikost, koli\u010dino in naslov za dostavo.<br \/><a href=\"mailto:keramoteka.salon@gmail.com\" onclick=\"recordOutboundLink(this, 'E-mail', 'Description mail');return false;\">Po\u0161ta za zahtevo<\/a>[\/vc_column_text][vc_separator color=&#8221;black&#8221; border_width=&#8221;2&#8243;]<br \/>\n[\/vc_column][vc_column width=&#8221;1\/3&#8243;][vc_single_image source=&#8221;external_link&#8221; onclick=&#8221;link_image&#8221; custom_src=&#8221;https:\/\/www.ceramictiles.com\/images\/halcon\/halcon_d._sonata-2_24.2&#215;68.5.jpg&#8221; el_class=&#8221;eheight&#8221;]<br \/>[vc_column_text]<strong><br \/>D, Sonata-2 24,2X68,5<\/strong><br \/><a class=\"pdfcatal\" href=\"\/\/www.ceramictiles.com\/pdf\/catalogue_halcon_wall.pdf\" onclick=\"recordOutboundLink(this, 'E-mail', 'Description PDF');return false;\"> PDF Zbirni katalog<\/a><\/a><br \/>Za najbolj\u0161o ponudbo nam po\u0161ljite natan\u010dno: barvo, velikost, koli\u010dino in naslov za dostavo.<br \/><a href=\"mailto:keramoteka.salon@gmail.com\" onclick=\"recordOutboundLink(this, 'E-mail', 'Description mail');return false;\">Po\u0161ta za zahtevo<\/a>[\/vc_column_text][vc_separator color=&#8221;black&#8221; border_width=&#8221;2&#8243;]<br \/>\n[\/vc_column][vc_column width=&#8221;1\/3&#8243;][vc_single_image source=&#8221;external_link&#8221; onclick=&#8221;link_image&#8221; custom_src=&#8221;https:\/\/www.ceramictiles.com\/images\/halcon\/halcon_d._sonata-3_24.2&#215;68.5.jpg&#8221; el_class=&#8221;eheight&#8221;]<br \/>[vc_column_text]<strong><br \/>D, Sonata-3 24,2X68,5<\/strong><br \/><a class=\"pdfcatal\" href=\"\/\/www.ceramictiles.com\/pdf\/catalogue_halcon_wall.pdf\" onclick=\"recordOutboundLink(this, 'E-mail', 'Description PDF');return false;\"> PDF Zbirni katalog<\/a><\/a><br \/>Za najbolj\u0161o ponudbo nam po\u0161ljite natan\u010dno: barvo, velikost, koli\u010dino in naslov za dostavo.<br \/><a href=\"mailto:keramoteka.salon@gmail.com\" onclick=\"recordOutboundLink(this, 'E-mail', 'Description mail');return false;\">Po\u0161ta za zahtevo<\/a>[\/vc_column_text][vc_separator color=&#8221;black&#8221; border_width=&#8221;2&#8243;]<br \/>\n[\/vc_column][vc_column width=&#8221;1\/3&#8243;][vc_single_image source=&#8221;external_link&#8221; onclick=&#8221;link_image&#8221; custom_src=&#8221;https:\/\/www.ceramictiles.com\/images\/halcon\/halcon_elegance_crema_45x45.jpg&#8221; el_class=&#8221;eheight&#8221;]<br \/>[vc_column_text]<strong><br \/>Elegance Crema 45X45<\/strong><br \/><a class=\"pdfcatal\" href=\"\/\/www.ceramictiles.com\/pdf\/catalogue_halcon_wall.pdf\" onclick=\"recordOutboundLink(this, 'E-mail', 'Description PDF');return false;\"> PDF Zbirni katalog<\/a><\/a><br \/>Za najbolj\u0161o ponudbo nam po\u0161ljite natan\u010dno: barvo, velikost, koli\u010dino in naslov za dostavo.<br \/><a href=\"mailto:keramoteka.salon@gmail.com\" onclick=\"recordOutboundLink(this, 'E-mail', 'Description mail');return false;\">Po\u0161ta za zahtevo<\/a>[\/vc_column_text][vc_separator color=&#8221;black&#8221; border_width=&#8221;2&#8243;]<br \/>\n[\/vc_column][vc_column width=&#8221;1\/3&#8243;][vc_single_image source=&#8221;external_link&#8221; onclick=&#8221;link_image&#8221; custom_src=&#8221;https:\/\/www.ceramictiles.com\/images\/halcon\/halcon_elegance_gris_45x45.jpg&#8221; el_class=&#8221;eheight&#8221;]<br \/>[vc_column_text]<strong><br \/>Elegance Gris 45X45<\/strong><br \/><a class=\"pdfcatal\" href=\"\/\/www.ceramictiles.com\/pdf\/catalogue_halcon_wall.pdf\" onclick=\"recordOutboundLink(this, 'E-mail', 'Description PDF');return false;\"> PDF Zbirni katalog<\/a><\/a><br \/>Za najbolj\u0161o ponudbo nam po\u0161ljite natan\u010dno: barvo, velikost, koli\u010dino in naslov za dostavo.<br \/><a href=\"mailto:keramoteka.salon@gmail.com\" onclick=\"recordOutboundLink(this, 'E-mail', 'Description mail');return false;\">Po\u0161ta za zahtevo<\/a>[\/vc_column_text][vc_separator color=&#8221;black&#8221; border_width=&#8221;2&#8243;]<br \/>\n[\/vc_column][vc_column width=&#8221;1\/3&#8243;][vc_single_image source=&#8221;external_link&#8221; onclick=&#8221;link_image&#8221; custom_src=&#8221;https:\/\/www.ceramictiles.com\/images\/halcon\/halcon_elegance_mosaico_crema_33x55.jpg&#8221; el_class=&#8221;eheight&#8221;]<br \/>[vc_column_text]<strong><br \/>Elegance Mosaico Crema 33X55<\/strong><br \/><a class=\"pdfcatal\" href=\"\/\/www.ceramictiles.com\/pdf\/catalogue_halcon_wall.pdf\" onclick=\"recordOutboundLink(this, 'E-mail', 'Description PDF');return false;\"> PDF Zbirni katalog<\/a><\/a><br \/>Za najbolj\u0161o ponudbo nam po\u0161ljite natan\u010dno: barvo, velikost, koli\u010dino in naslov za dostavo.<br \/><a href=\"mailto:keramoteka.salon@gmail.com\" onclick=\"recordOutboundLink(this, 'E-mail', 'Description mail');return false;\">Po\u0161ta za zahtevo<\/a>[\/vc_column_text][vc_separator color=&#8221;black&#8221; border_width=&#8221;2&#8243;]<br \/>\n[\/vc_column][vc_column width=&#8221;1\/3&#8243;][vc_single_image source=&#8221;external_link&#8221; onclick=&#8221;link_image&#8221; custom_src=&#8221;https:\/\/www.ceramictiles.com\/images\/halcon\/halcon_elegance_relieve_crema_24.2&#215;68.5.jpg&#8221; el_class=&#8221;eheight&#8221;]<br \/>[vc_column_text]<strong><br \/>Elegance Relieve Crema 24,2X68,5<\/strong><br \/><a class=\"pdfcatal\" href=\"\/\/www.ceramictiles.com\/pdf\/catalogue_halcon_wall.pdf\" onclick=\"recordOutboundLink(this, 'E-mail', 'Description PDF');return false;\"> PDF Zbirni katalog<\/a><\/a><br \/>Za najbolj\u0161o ponudbo nam po\u0161ljite natan\u010dno: barvo, velikost, koli\u010dino in naslov za dostavo.<br \/><a href=\"mailto:keramoteka.salon@gmail.com\" onclick=\"recordOutboundLink(this, 'E-mail', 'Description mail');return false;\">Po\u0161ta za zahtevo<\/a>[\/vc_column_text][vc_separator color=&#8221;black&#8221; border_width=&#8221;2&#8243;]<br \/>\n[\/vc_column][vc_column width=&#8221;1\/3&#8243;][vc_single_image source=&#8221;external_link&#8221; onclick=&#8221;link_image&#8221; custom_src=&#8221;https:\/\/www.ceramictiles.com\/images\/halcon\/halcon_elegance_relieve_gris_24.2&#215;68.5.jpg&#8221; el_class=&#8221;eheight&#8221;]<br \/>[vc_column_text]<strong><br \/>Elegance Relieve Gris 24,2X68,5<\/strong><br \/><a class=\"pdfcatal\" href=\"\/\/www.ceramictiles.com\/pdf\/catalogue_halcon_wall.pdf\" onclick=\"recordOutboundLink(this, 'E-mail', 'Description PDF');return false;\"> PDF Zbirni katalog<\/a><\/a><br \/>Za najbolj\u0161o ponudbo nam po\u0161ljite natan\u010dno: barvo, velikost, koli\u010dino in naslov za dostavo.<br \/><a href=\"mailto:keramoteka.salon@gmail.com\" onclick=\"recordOutboundLink(this, 'E-mail', 'Description mail');return false;\">Po\u0161ta za zahtevo<\/a>[\/vc_column_text][vc_separator color=&#8221;black&#8221; border_width=&#8221;2&#8243;]<\/p>\n<p>[\/vc_column][\/vc_row]<\/p>\n","protected":false},"excerpt":{"rendered":"<p>Kopalni\u0161ke kerami\u010dne plo\u0161\u010dice za tla in stene<\/p>\n","protected":false},"featured_media":103301,"template":"","meta":[],"product_cat":[99,99946,200,230,999,240],"product_tag":[99921975,99921978,99921980],"_links":{"self":[{"href":"https:\/\/www.keramika.com\/slovenija\/wp-json\/wp\/v2\/product\/103300"}],"collection":[{"href":"https:\/\/www.keramika.com\/slovenija\/wp-json\/wp\/v2\/product"}],"about":[{"href":"https:\/\/www.keramika.com\/slovenija\/wp-json\/wp\/v2\/types\/product"}],"wp:featuredmedia":[{"embeddable":true,"href":"https:\/\/www.keramika.com\/slovenija\/wp-json\/wp\/v2\/media\/103301"}],"wp:attachment":[{"href":"https:\/\/www.keramika.com\/slovenija\/wp-json\/wp\/v2\/media?parent=103300"}],"wp:term":[{"taxonomy":"product_cat","embeddable":true,"href":"https:\/\/www.keramika.com\/slovenija\/wp-json\/wp\/v2\/product_cat?post=103300"},{"taxonomy":"product_tag","embeddable":true,"href":"https:\/\/www.keramika.com\/slovenija\/wp-json\/wp\/v2\/product_tag?post=103300"}],"curies":[{"name":"wp","href":"https:\/\/api.w.org\/{rel}","templated":true}]}}