{"id":103294,"date":"2017-03-22T23:32:37","date_gmt":"2017-03-22T23:32:37","guid":{"rendered":"http:\/\/keramika.holest.com\/slovenija\/product\/halcon-concept-ceniza\/"},"modified":"2026-01-03T00:00:12","modified_gmt":"2026-01-03T00:00:12","slug":"halcon-concept-ceniza","status":"publish","type":"product","link":"https:\/\/www.keramika.com\/slovenija\/halcon-concept-ceniza\/","title":{"rendered":"Halcon Concept Ceniza"},"content":{"rendered":"<p>Halcon Concept Ceniza je pripeljana iz \u0160panije in je zelo kvalitetna. Dimenzije te plo\u0161\u010dice so 33,3&#215;33,3 cm. Zelo moderna plo\u0161\u010dica v sivi barvi popestri prav vsak prostor. 9 mm debeline je dovolj tudi za zahtevnej\u0161e kupce. Halcon Concept Ceniza je na voljo po zelo ugodni ceni 15,79 EUR.<\/p>\n<p>Kliknite na ime kolekcije za ogled vseh plo\u0161\u010dic iz te serije: <a class=\"pdfcatal\" href=\"\/\/www.ceramictiles.com\/pdf\/halcon\/catalogue_halcon_concept.pdf\" onclick=\"recordOutboundLink(this, 'E-mail', 'Description PDF');return false;\">Halcon Ceramicas Concept<\/a><\/p>\n<p>\u010ce \u017eelite naro\u010diti model iz pdf kataloga te kolekcije, nam pi\u0161ite na: <a href=\"mailto:keramoteka.salon@gmail.com\" onclick=\"recordOutboundLink(this, 'E-mail', 'Description mail');return false;\">keramoteka.salon@gmail.com<\/a> ali pa nas pokli\u010dite na: +386 31 255 900.<\/p>\n","protected":false},"excerpt":{"rendered":"<p>Halcon Concept Ceniza je pripeljana iz \u0160panije in je zelo kvalitetna. Dimenzije te plo\u0161\u010dice so 33,3&#215;33,3 cm. Zelo moderna plo\u0161\u010dica v sivi barvi popestri prav vsak prostor. 9 mm debeline je dovolj tudi za zahtevnej\u0161e kupce. Halcon Concept Ceniza je na voljo po zelo ugodni ceni 15,79 EUR. Kliknite na ime kolekcije za ogled vseh [&hellip;]<\/p>\n","protected":false},"featured_media":103295,"template":"","meta":[],"product_cat":[99946,200,260,999,270],"product_tag":[],"_links":{"self":[{"href":"https:\/\/www.keramika.com\/slovenija\/wp-json\/wp\/v2\/product\/103294"}],"collection":[{"href":"https:\/\/www.keramika.com\/slovenija\/wp-json\/wp\/v2\/product"}],"about":[{"href":"https:\/\/www.keramika.com\/slovenija\/wp-json\/wp\/v2\/types\/product"}],"wp:featuredmedia":[{"embeddable":true,"href":"https:\/\/www.keramika.com\/slovenija\/wp-json\/wp\/v2\/media\/103295"}],"wp:attachment":[{"href":"https:\/\/www.keramika.com\/slovenija\/wp-json\/wp\/v2\/media?parent=103294"}],"wp:term":[{"taxonomy":"product_cat","embeddable":true,"href":"https:\/\/www.keramika.com\/slovenija\/wp-json\/wp\/v2\/product_cat?post=103294"},{"taxonomy":"product_tag","embeddable":true,"href":"https:\/\/www.keramika.com\/slovenija\/wp-json\/wp\/v2\/product_tag?post=103294"}],"curies":[{"name":"wp","href":"https:\/\/api.w.org\/{rel}","templated":true}]}}