{"id":103278,"date":"2017-03-22T23:32:10","date_gmt":"2017-03-22T23:32:10","guid":{"rendered":"http:\/\/keramika.holest.com\/slovenija\/product\/halcon-acuarela-malva\/"},"modified":"2026-01-02T00:03:36","modified_gmt":"2026-01-02T00:03:36","slug":"halcon-acuarela-malva","status":"publish","type":"product","link":"https:\/\/www.keramika.com\/slovenija\/halcon-acuarela-malva\/","title":{"rendered":"Halcon Acuarela Malva"},"content":{"rendered":"<p>Velikost te plo\u0161\u010dice je 20&#215;50 cm in je primerna za razli\u010dne povr\u0161ine. Debelina kar 9 mm dela to plo\u0161\u010dico zelo trpe\u017eno in presti\u017eno na otip. To plo\u0161\u010dico je izdelal proizvajalec Halcon Ceramicas, ki prihaja iz \u0160panije. Zelo moderna plo\u0161\u010dica v vijoli\u010dni barvi popestri prav vsak prostor. V redni prodaji bi morali za to plo\u0161\u010dico od\u0161teti 20,13 EUR, spletna cena pa zna\u0161a le 16,1 EUR.<\/p>\n<p>Kliknite na ime kolekcije za ogled vseh plo\u0161\u010dic iz te serije: <a class=\"pdfcatal\" href=\"\/\/www.ceramictiles.com\/pdf\/halcon\/catalogue_halcon_acuarela.pdf\" onclick=\"recordOutboundLink(this, 'E-mail', 'Description PDF');return false;\">Halcon Ceramicas Acuarela<\/a><\/p>\n<p>\u010ce \u017eelite naro\u010diti model iz pdf kataloga te kolekcije, nam pi\u0161ite na: <a href=\"mailto:keramoteka.salon@gmail.com\" onclick=\"recordOutboundLink(this, 'E-mail', 'Description mail');return false;\">keramoteka.salon@gmail.com<\/a> ali pa nas pokli\u010dite na: +386 31 255 900.<\/p>\n","protected":false},"excerpt":{"rendered":"<p>Velikost te plo\u0161\u010dice je 20&#215;50 cm in je primerna za razli\u010dne povr\u0161ine. Debelina kar 9 mm dela to plo\u0161\u010dico zelo trpe\u017eno in presti\u017eno na otip. To plo\u0161\u010dico je izdelal proizvajalec Halcon Ceramicas, ki prihaja iz \u0160panije. Zelo moderna plo\u0161\u010dica v vijoli\u010dni barvi popestri prav vsak prostor. V redni prodaji bi morali za to plo\u0161\u010dico od\u0161teti [&hellip;]<\/p>\n","protected":false},"featured_media":103279,"template":"","meta":[],"product_cat":[99946,200,220,999,250,240],"product_tag":[],"_links":{"self":[{"href":"https:\/\/www.keramika.com\/slovenija\/wp-json\/wp\/v2\/product\/103278"}],"collection":[{"href":"https:\/\/www.keramika.com\/slovenija\/wp-json\/wp\/v2\/product"}],"about":[{"href":"https:\/\/www.keramika.com\/slovenija\/wp-json\/wp\/v2\/types\/product"}],"wp:featuredmedia":[{"embeddable":true,"href":"https:\/\/www.keramika.com\/slovenija\/wp-json\/wp\/v2\/media\/103279"}],"wp:attachment":[{"href":"https:\/\/www.keramika.com\/slovenija\/wp-json\/wp\/v2\/media?parent=103278"}],"wp:term":[{"taxonomy":"product_cat","embeddable":true,"href":"https:\/\/www.keramika.com\/slovenija\/wp-json\/wp\/v2\/product_cat?post=103278"},{"taxonomy":"product_tag","embeddable":true,"href":"https:\/\/www.keramika.com\/slovenija\/wp-json\/wp\/v2\/product_tag?post=103278"}],"curies":[{"name":"wp","href":"https:\/\/api.w.org\/{rel}","templated":true}]}}