{"id":103272,"date":"2017-03-22T23:32:00","date_gmt":"2017-03-22T23:32:00","guid":{"rendered":"http:\/\/keramika.holest.com\/slovenija\/product\/vives-yuncos-multicolor\/"},"modified":"2026-01-02T00:03:35","modified_gmt":"2026-01-02T00:03:35","slug":"vives-yuncos-multicolor","status":"publish","type":"product","link":"https:\/\/www.keramika.com\/slovenija\/vives-yuncos-multicolor\/","title":{"rendered":"Vives Yuncos Multicolor"},"content":{"rendered":"<p>Keramika v oran\u017eni barvi popestri vsak prostor. Ta plo\u0161\u010dica je debela 11 mm in je zelo trpe\u017ena. 47,03 EUR v klasi\u010dni trgovini, pri nas pa le 37,62 EUR. Velikost te plo\u0161\u010dice je 20&#215;20 cm. Vives Yuncos Multicolor je pripeljana iz \u0160panije in je zelo kvalitetna.<\/p>\n<p>Kliknite na ime kolekcije za ogled vseh plo\u0161\u010dic iz te serije: <a class=\"pdfcatal\" href=\"\/\/www.ceramictiles.com\/pdf\/vives\/catalogue_vives_yuncos.pdf\" onclick=\"recordOutboundLink(this, 'E-mail', 'Description PDF');return false;\">Ceramica Vives Yuncos<\/a><\/p>\n<p>\u010ce \u017eelite naro\u010diti model iz pdf kataloga te kolekcije, nam pi\u0161ite na: <a href=\"mailto:keramoteka.salon@gmail.com\" onclick=\"recordOutboundLink(this, 'E-mail', 'Description mail');return false;\">keramoteka.salon@gmail.com<\/a> ali pa nas pokli\u010dite na: 031 255 900.<\/p>\n","protected":false},"excerpt":{"rendered":"<p>Keramika v oran\u017eni barvi popestri vsak prostor. Ta plo\u0161\u010dica je debela 11 mm in je zelo trpe\u017ena. 47,03 EUR v klasi\u010dni trgovini, pri nas pa le 37,62 EUR. Velikost te plo\u0161\u010dice je 20&#215;20 cm. Vives Yuncos Multicolor je pripeljana iz \u0160panije in je zelo kvalitetna. Kliknite na ime kolekcije za ogled vseh plo\u0161\u010dic iz te [&hellip;]<\/p>\n","protected":false},"featured_media":103273,"template":"","meta":[],"product_cat":[200,230,999,250,999136],"product_tag":[],"_links":{"self":[{"href":"https:\/\/www.keramika.com\/slovenija\/wp-json\/wp\/v2\/product\/103272"}],"collection":[{"href":"https:\/\/www.keramika.com\/slovenija\/wp-json\/wp\/v2\/product"}],"about":[{"href":"https:\/\/www.keramika.com\/slovenija\/wp-json\/wp\/v2\/types\/product"}],"wp:featuredmedia":[{"embeddable":true,"href":"https:\/\/www.keramika.com\/slovenija\/wp-json\/wp\/v2\/media\/103273"}],"wp:attachment":[{"href":"https:\/\/www.keramika.com\/slovenija\/wp-json\/wp\/v2\/media?parent=103272"}],"wp:term":[{"taxonomy":"product_cat","embeddable":true,"href":"https:\/\/www.keramika.com\/slovenija\/wp-json\/wp\/v2\/product_cat?post=103272"},{"taxonomy":"product_tag","embeddable":true,"href":"https:\/\/www.keramika.com\/slovenija\/wp-json\/wp\/v2\/product_tag?post=103272"}],"curies":[{"name":"wp","href":"https:\/\/api.w.org\/{rel}","templated":true}]}}