{"id":103268,"date":"2017-03-22T23:31:53","date_gmt":"2017-03-22T23:31:53","guid":{"rendered":"http:\/\/keramika.holest.com\/slovenija\/product\/keramika-imitacija-lesa-olivo-mediterraneo\/"},"modified":"2026-01-02T00:03:34","modified_gmt":"2026-01-02T00:03:34","slug":"keramika-imitacija-lesa-olivo-mediterraneo","status":"publish","type":"product","link":"https:\/\/www.keramika.com\/slovenija\/keramika-imitacija-lesa-olivo-mediterraneo\/","title":{"rendered":"Keramika imitacija lesa Olivo Mediterraneo"},"content":{"rendered":"<p>Keramika v zeleni barvi popestri vsak prostor. 12 mm je debelina, ki zadovolji tudi zahtevnej\u0161e kupce. Vives Wood Line Olivo Mediterraneo je plo\u0161\u010dica proizvajalca Ceramica Vives in prihaja iz \u0160panije. Velikost te plo\u0161\u010dice je 21,8&#215;89,3 cm in je primerna za razli\u010dne povr\u0161ine. Zaradi ni\u017ejih stro\u0161kov pri spletni prodaji boste na na\u0161i strani za to plo\u0161\u010dico od\u0161teli le 77,38 EUR.<\/p>\n<p>Kliknite na ime kolekcije za ogled vseh plo\u0161\u010dic iz te serije: <a class=\"pdfcatal\" href=\"\/\/www.ceramictiles.com\/pdf\/vives\/catalogue_vives_wood_line.pdf\" onclick=\"recordOutboundLink(this, 'E-mail', 'Description PDF');return false;\">Ceramica Vives Wood Line<\/a><\/p>\n<p>\u010ce \u017eelite naro\u010diti model iz pdf kataloga te kolekcije, nam pi\u0161ite na: <a href=\"mailto:keramoteka.salon@gmail.com\" onclick=\"recordOutboundLink(this, 'E-mail', 'Description mail');return false;\">keramoteka.salon@gmail.com<\/a> ali pa nas pokli\u010dite na: 031 255 900.<\/p>\n","protected":false},"excerpt":{"rendered":"<p>Keramika v zeleni barvi popestri vsak prostor. 12 mm je debelina, ki zadovolji tudi zahtevnej\u0161e kupce. Vives Wood Line Olivo Mediterraneo je plo\u0161\u010dica proizvajalca Ceramica Vives in prihaja iz \u0160panije. Velikost te plo\u0161\u010dice je 21,8&#215;89,3 cm in je primerna za razli\u010dne povr\u0161ine. Zaradi ni\u017ejih stro\u0161kov pri spletni prodaji boste na na\u0161i strani za to plo\u0161\u010dico [&hellip;]<\/p>\n","protected":false},"featured_media":103269,"template":"","meta":[],"product_cat":[200,260,999,240,999136],"product_tag":[],"_links":{"self":[{"href":"https:\/\/www.keramika.com\/slovenija\/wp-json\/wp\/v2\/product\/103268"}],"collection":[{"href":"https:\/\/www.keramika.com\/slovenija\/wp-json\/wp\/v2\/product"}],"about":[{"href":"https:\/\/www.keramika.com\/slovenija\/wp-json\/wp\/v2\/types\/product"}],"wp:featuredmedia":[{"embeddable":true,"href":"https:\/\/www.keramika.com\/slovenija\/wp-json\/wp\/v2\/media\/103269"}],"wp:attachment":[{"href":"https:\/\/www.keramika.com\/slovenija\/wp-json\/wp\/v2\/media?parent=103268"}],"wp:term":[{"taxonomy":"product_cat","embeddable":true,"href":"https:\/\/www.keramika.com\/slovenija\/wp-json\/wp\/v2\/product_cat?post=103268"},{"taxonomy":"product_tag","embeddable":true,"href":"https:\/\/www.keramika.com\/slovenija\/wp-json\/wp\/v2\/product_tag?post=103268"}],"curies":[{"name":"wp","href":"https:\/\/api.w.org\/{rel}","templated":true}]}}