{"id":103262,"date":"2017-03-22T23:31:43","date_gmt":"2017-03-22T23:31:43","guid":{"rendered":"http:\/\/keramika.holest.com\/slovenija\/product\/vives-vitrea-ambar\/"},"modified":"2026-01-02T00:03:33","modified_gmt":"2026-01-02T00:03:33","slug":"vives-vitrea-ambar","status":"publish","type":"product","link":"https:\/\/www.keramika.com\/slovenija\/vives-vitrea-ambar\/","title":{"rendered":"Vives Vitrea Ambar"},"content":{"rendered":"<p>30,94 EUR v klasi\u010dni trgovini, pri nas pa le 24,75 EUR. Z 23&#215;33,5 cm je ta plo\u0161\u010dica primerna za razli\u010dne podlage. Vives Vitrea Ambar je pripeljana iz \u0160panije in je zelo kvalitetna. Ta model plo\u0161\u010dice se najbolje prodaja v rjavi barvi. Debelina kar 9 mm dela to plo\u0161\u010dico zelo trpe\u017eno in presti\u017eno na otip.<\/p>\n<p>Kliknite na ime kolekcije za ogled vseh plo\u0161\u010dic iz te serije: <a class=\"pdfcatal\" href=\"\/\/www.ceramictiles.com\/pdf\/vives\/catalogue_vives_vitrea.pdf\" onclick=\"recordOutboundLink(this, 'E-mail', 'Description PDF');return false;\">Ceramica Vives Vitrea<\/a><\/p>\n<p>\u010ce \u017eelite naro\u010diti model iz pdf kataloga te kolekcije, nam pi\u0161ite na: <a href=\"mailto:keramoteka.salon@gmail.com\" onclick=\"recordOutboundLink(this, 'E-mail', 'Description mail');return false;\">keramoteka.salon@gmail.com<\/a> ali pa nas pokli\u010dite na: 031 255 900.<\/p>\n","protected":false},"excerpt":{"rendered":"<p>30,94 EUR v klasi\u010dni trgovini, pri nas pa le 24,75 EUR. Z 23&#215;33,5 cm je ta plo\u0161\u010dica primerna za razli\u010dne podlage. Vives Vitrea Ambar je pripeljana iz \u0160panije in je zelo kvalitetna. Ta model plo\u0161\u010dice se najbolje prodaja v rjavi barvi. Debelina kar 9 mm dela to plo\u0161\u010dico zelo trpe\u017eno in presti\u017eno na otip. Kliknite [&hellip;]<\/p>\n","protected":false},"featured_media":103263,"template":"","meta":[],"product_cat":[200,230,999,250,999136],"product_tag":[],"_links":{"self":[{"href":"https:\/\/www.keramika.com\/slovenija\/wp-json\/wp\/v2\/product\/103262"}],"collection":[{"href":"https:\/\/www.keramika.com\/slovenija\/wp-json\/wp\/v2\/product"}],"about":[{"href":"https:\/\/www.keramika.com\/slovenija\/wp-json\/wp\/v2\/types\/product"}],"wp:featuredmedia":[{"embeddable":true,"href":"https:\/\/www.keramika.com\/slovenija\/wp-json\/wp\/v2\/media\/103263"}],"wp:attachment":[{"href":"https:\/\/www.keramika.com\/slovenija\/wp-json\/wp\/v2\/media?parent=103262"}],"wp:term":[{"taxonomy":"product_cat","embeddable":true,"href":"https:\/\/www.keramika.com\/slovenija\/wp-json\/wp\/v2\/product_cat?post=103262"},{"taxonomy":"product_tag","embeddable":true,"href":"https:\/\/www.keramika.com\/slovenija\/wp-json\/wp\/v2\/product_tag?post=103262"}],"curies":[{"name":"wp","href":"https:\/\/api.w.org\/{rel}","templated":true}]}}