{"id":103260,"date":"2017-03-22T23:31:39","date_gmt":"2017-03-22T23:31:39","guid":{"rendered":"http:\/\/keramika.holest.com\/slovenija\/product\/vives-villa-elisa-almadraba-negro\/"},"modified":"2026-01-02T00:03:33","modified_gmt":"2026-01-02T00:03:33","slug":"vives-villa-elisa-almadraba-negro","status":"publish","type":"product","link":"https:\/\/www.keramika.com\/slovenija\/vives-villa-elisa-almadraba-negro\/","title":{"rendered":"Vives Villa Elisa Almadraba Negro"},"content":{"rendered":"<p>Letos so plo\u0161\u010dice v \u010drni barvi zelo za\u017eeljene. Z velikostjo 31,6&#215;31,6 cm je ta plo\u0161\u010dica primerna ze razli\u010dne povr\u0161ine. Ta plo\u0161\u010dica je debela 9 mm in je zelo trpe\u017ena. V redni prodaji bi morali za to plo\u0161\u010dico od\u0161teti 37,81 EUR, spletna cena pa zna\u0161a le 30,25 EUR. Vives Villa Elisa Almadraba Negro prihaja iz \u0160panije, ki je znana po zelo kvalitetni keramiki v svetovnem merilu.<\/p>\n<p>Kliknite na ime kolekcije za ogled vseh plo\u0161\u010dic iz te serije: <a class=\"pdfcatal\" href=\"\/\/www.ceramictiles.com\/pdf\/vives\/catalogue_vives_villa_elisa.pdf\" onclick=\"recordOutboundLink(this, 'E-mail', 'Description PDF');return false;\">Ceramica Vives Villa Elisa<\/a><\/p>\n<p>\u010ce \u017eelite naro\u010diti model iz pdf kataloga te kolekcije, nam pi\u0161ite na: <a href=\"mailto:keramoteka.salon@gmail.com\" onclick=\"recordOutboundLink(this, 'E-mail', 'Description mail');return false;\">keramoteka.salon@gmail.com<\/a> ali pa nas pokli\u010dite na: 031 255 900.<\/p>\n","protected":false},"excerpt":{"rendered":"<p>Letos so plo\u0161\u010dice v \u010drni barvi zelo za\u017eeljene. Z velikostjo 31,6&#215;31,6 cm je ta plo\u0161\u010dica primerna ze razli\u010dne povr\u0161ine. Ta plo\u0161\u010dica je debela 9 mm in je zelo trpe\u017ena. V redni prodaji bi morali za to plo\u0161\u010dico od\u0161teti 37,81 EUR, spletna cena pa zna\u0161a le 30,25 EUR. Vives Villa Elisa Almadraba Negro prihaja iz \u0160panije, [&hellip;]<\/p>\n","protected":false},"featured_media":103261,"template":"","meta":[],"product_cat":[200,230,999,240,999136],"product_tag":[99921976],"_links":{"self":[{"href":"https:\/\/www.keramika.com\/slovenija\/wp-json\/wp\/v2\/product\/103260"}],"collection":[{"href":"https:\/\/www.keramika.com\/slovenija\/wp-json\/wp\/v2\/product"}],"about":[{"href":"https:\/\/www.keramika.com\/slovenija\/wp-json\/wp\/v2\/types\/product"}],"wp:featuredmedia":[{"embeddable":true,"href":"https:\/\/www.keramika.com\/slovenija\/wp-json\/wp\/v2\/media\/103261"}],"wp:attachment":[{"href":"https:\/\/www.keramika.com\/slovenija\/wp-json\/wp\/v2\/media?parent=103260"}],"wp:term":[{"taxonomy":"product_cat","embeddable":true,"href":"https:\/\/www.keramika.com\/slovenija\/wp-json\/wp\/v2\/product_cat?post=103260"},{"taxonomy":"product_tag","embeddable":true,"href":"https:\/\/www.keramika.com\/slovenija\/wp-json\/wp\/v2\/product_tag?post=103260"}],"curies":[{"name":"wp","href":"https:\/\/api.w.org\/{rel}","templated":true}]}}