{"id":103256,"date":"2017-03-22T23:31:33","date_gmt":"2017-03-22T23:31:33","guid":{"rendered":"http:\/\/keramika.holest.com\/slovenija\/product\/vives-vezere-siena\/"},"modified":"2026-01-02T00:03:33","modified_gmt":"2026-01-02T00:03:33","slug":"vives-vezere-siena","status":"publish","type":"product","link":"https:\/\/www.keramika.com\/slovenija\/vives-vezere-siena\/","title":{"rendered":"Vives Vezere Siena"},"content":{"rendered":"<p>Velikost te plo\u0161\u010dice je 30&#215;60 cm in je primerna za razli\u010dne povr\u0161ine. Ta model plo\u0161\u010dice se najbolje prodaja v be\u017e barvi. 10 mm je debelina, ki zadovolji tudi zahtevnej\u0161e kupce. Vives Vezere Siena je na voljo po zelo ugodni ceni 58,75 EUR. Vives Vezere Siena je pripeljana iz \u0160panije in je zelo kvalitetna.<\/p>\n<p>Kliknite na ime kolekcije za ogled vseh plo\u0161\u010dic iz te serije: <a class=\"pdfcatal\" href=\"\/\/www.ceramictiles.com\/pdf\/vives\/catalogue_vives_vezere.pdf\" onclick=\"recordOutboundLink(this, 'E-mail', 'Description PDF');return false;\">Ceramica Vives Vezere<\/a><\/p>\n<p>\u010ce \u017eelite naro\u010diti model iz pdf kataloga te kolekcije, nam pi\u0161ite na: <a href=\"mailto:keramoteka.salon@gmail.com\" onclick=\"recordOutboundLink(this, 'E-mail', 'Description mail');return false;\">keramoteka.salon@gmail.com<\/a> ali pa nas pokli\u010dite na: 031 255 900.<\/p>\n","protected":false},"excerpt":{"rendered":"<p>Velikost te plo\u0161\u010dice je 30&#215;60 cm in je primerna za razli\u010dne povr\u0161ine. Ta model plo\u0161\u010dice se najbolje prodaja v be\u017e barvi. 10 mm je debelina, ki zadovolji tudi zahtevnej\u0161e kupce. Vives Vezere Siena je na voljo po zelo ugodni ceni 58,75 EUR. Vives Vezere Siena je pripeljana iz \u0160panije in je zelo kvalitetna. Kliknite na [&hellip;]<\/p>\n","protected":false},"featured_media":103257,"template":"","meta":[],"product_cat":[200,999,290,240,999136],"product_tag":[],"_links":{"self":[{"href":"https:\/\/www.keramika.com\/slovenija\/wp-json\/wp\/v2\/product\/103256"}],"collection":[{"href":"https:\/\/www.keramika.com\/slovenija\/wp-json\/wp\/v2\/product"}],"about":[{"href":"https:\/\/www.keramika.com\/slovenija\/wp-json\/wp\/v2\/types\/product"}],"wp:featuredmedia":[{"embeddable":true,"href":"https:\/\/www.keramika.com\/slovenija\/wp-json\/wp\/v2\/media\/103257"}],"wp:attachment":[{"href":"https:\/\/www.keramika.com\/slovenija\/wp-json\/wp\/v2\/media?parent=103256"}],"wp:term":[{"taxonomy":"product_cat","embeddable":true,"href":"https:\/\/www.keramika.com\/slovenija\/wp-json\/wp\/v2\/product_cat?post=103256"},{"taxonomy":"product_tag","embeddable":true,"href":"https:\/\/www.keramika.com\/slovenija\/wp-json\/wp\/v2\/product_tag?post=103256"}],"curies":[{"name":"wp","href":"https:\/\/api.w.org\/{rel}","templated":true}]}}