{"id":103254,"date":"2017-03-22T23:31:29","date_gmt":"2017-03-22T23:31:29","guid":{"rendered":"http:\/\/keramika.holest.com\/slovenija\/product\/vives-vergel-petalo-oro\/"},"modified":"2026-01-02T00:03:32","modified_gmt":"2026-01-02T00:03:32","slug":"vives-vergel-petalo-oro","status":"publish","type":"product","link":"https:\/\/www.keramika.com\/slovenija\/vives-vergel-petalo-oro\/","title":{"rendered":"Vives Vergel Petalo Oro"},"content":{"rendered":"<p>Ta plo\u0161\u010dica je na voljo v \u010dudoviti zlati barvi, \u010de \u017eelite kak\u0161no drugo barvo pa nas kontaktirajte in preverili bomo pri proizvajalcu. Z 20&#215;40 cm je ta plo\u0161\u010dica primerna za razli\u010dne podlage. 9 mm debeline je dovolj tudi za zahtevnej\u0161e kupce. Namesto 122,19 EUR kot bi za to plo\u0161\u010dico od\u0161teli v klasi\u010dni trgovini, boste v na\u0161i spletni prodajalni od\u0161teli le 97,75 EUR. Vives Vergel Petalo Oro prihaja iz \u0160panije, ki je znana po zelo kvalitetni keramiki v svetovnem merilu.<\/p>\n<p>Kliknite na ime kolekcije za ogled vseh plo\u0161\u010dic iz te serije: <a class=\"pdfcatal\" href=\"\/\/www.ceramictiles.com\/pdf\/vives\/catalogue_vives_vergel.pdf\" onclick=\"recordOutboundLink(this, 'E-mail', 'Description PDF');return false;\">Ceramica Vives Vergel<\/a><\/p>\n<p>\u010ce \u017eelite naro\u010diti model iz pdf kataloga te kolekcije, nam pi\u0161ite na: <a href=\"mailto:keramoteka.salon@gmail.com\" onclick=\"recordOutboundLink(this, 'E-mail', 'Description mail');return false;\">keramoteka.salon@gmail.com<\/a> ali pa nas pokli\u010dite na: 031 255 900.<\/p>\n","protected":false},"excerpt":{"rendered":"<p>Ta plo\u0161\u010dica je na voljo v \u010dudoviti zlati barvi, \u010de \u017eelite kak\u0161no drugo barvo pa nas kontaktirajte in preverili bomo pri proizvajalcu. Z 20&#215;40 cm je ta plo\u0161\u010dica primerna za razli\u010dne podlage. 9 mm debeline je dovolj tudi za zahtevnej\u0161e kupce. Namesto 122,19 EUR kot bi za to plo\u0161\u010dico od\u0161teli v klasi\u010dni trgovini, boste v [&hellip;]<\/p>\n","protected":false},"featured_media":103255,"template":"","meta":[],"product_cat":[200,220,999,250,999136],"product_tag":[],"_links":{"self":[{"href":"https:\/\/www.keramika.com\/slovenija\/wp-json\/wp\/v2\/product\/103254"}],"collection":[{"href":"https:\/\/www.keramika.com\/slovenija\/wp-json\/wp\/v2\/product"}],"about":[{"href":"https:\/\/www.keramika.com\/slovenija\/wp-json\/wp\/v2\/types\/product"}],"wp:featuredmedia":[{"embeddable":true,"href":"https:\/\/www.keramika.com\/slovenija\/wp-json\/wp\/v2\/media\/103255"}],"wp:attachment":[{"href":"https:\/\/www.keramika.com\/slovenija\/wp-json\/wp\/v2\/media?parent=103254"}],"wp:term":[{"taxonomy":"product_cat","embeddable":true,"href":"https:\/\/www.keramika.com\/slovenija\/wp-json\/wp\/v2\/product_cat?post=103254"},{"taxonomy":"product_tag","embeddable":true,"href":"https:\/\/www.keramika.com\/slovenija\/wp-json\/wp\/v2\/product_tag?post=103254"}],"curies":[{"name":"wp","href":"https:\/\/api.w.org\/{rel}","templated":true}]}}